{"id":9985,"date":"2023-08-18T11:03:24","date_gmt":"2023-08-18T08:03:24","guid":{"rendered":"https:\/\/www.veikals.teniss.lv\/?post_type=product&#038;p=9985"},"modified":"2026-03-03T16:57:28","modified_gmt":"2026-03-03T14:57:28","slug":"babolat-tenisa-bumbinas-gold-championship-72-gab-24x3","status":"publish","type":"product","link":"https:\/\/www.veikals.teniss.lv\/index.php\/product\/babolat-tenisa-bumbinas-gold-championship-72-gab-24x3\/","title":{"rendered":"Babolat tenisa bumbi\u0146as Gold Championship 72 gab.(24&#215;3)"},"content":{"rendered":"<p>Babolat tenisa bumbi\u0146as<strong> Gold Championship.<\/strong> Iztur\u012bga spiediena bumbi\u0146as ar labu pretest\u012bbu. Lieliski piem\u0113rotas treni\u0146iem un sp\u0113les uzlabo\u0161anai. Spiediens bumbi\u0146u iek\u0161pus\u0113 veicina konsekventas atsitiena un lidojuma \u012bpa\u0161\u012bbas, nodro\u0161inot l\u012bdzv\u0113rt\u012bgus sp\u0113les apst\u0101k\u013cus god\u012bgai konkurencei. Pateicoties lieliskajai iztur\u012bbai, Babolat Gold Championship bumbi\u0146as var iztur\u0113t sp\u0113c\u012bgus sitienus, vienlaikus saglab\u0101jot savu sniegumu sp\u0113les laik\u0101. Iepakojum\u0101 72 gab.(24&#215;3).<\/p>\n<p style=\"text-align: center;\"><strong>Ieg\u0101d\u0101jies preces m\u016bsu internetveikal\u0101 uz izv\u0113lies sev \u0113rt\u0101ko pieg\u0101des veidu!\u00a0<\/strong><\/p>\n<p><strong>Pieg\u0101des veidi un cenas:\u00a0<\/strong><\/p>\n<ul>\n<li>Sa\u0146emt preci Babolat veikal\u0101 \u2013\u00a0<strong>BEZMAKSAS<\/strong><\/li>\n<li>Sa\u0146emt preci Omniva pakom\u0101t\u0101 \u2013\u00a0<strong>1,99 EUR<\/strong><\/li>\n<li>Sa\u0146emt preci ar pieg\u0101di uz m\u0101j\u0101m \u2013\u00a0<strong>9,99 EUR<\/strong><\/li>\n<\/ul>\n<p><strong>Ieg\u0101d\u0101joties preces virs 100 EUR, pieg\u0101de Omniva pakom\u0101t\u0101 \u2013 BEZMAKSAS!\u00a0<\/strong><\/p>\n<p>Uzzin\u0101t vair\u0101k par apmaksas veidiem:\u00a0<a href=\"https:\/\/www.teniss.lv\/apmaksas-veidi\/\">APMAKSAS VEIDI<\/a><\/p>\n<p>Uzzin\u0101t vair\u0101k par garantijas nosac\u012bjumiem un atgrie\u0161anas iesp\u0113j\u0101m:\u00a0<a href=\"https:\/\/www.teniss.lv\/garantija-un-atgriesana\/\">GARANTIJA UN ATGRIE\u0160ANA<\/a><\/p>\n<h6 style=\"text-align: center;\"><strong>BABOLAT TENISA VEIKALS<\/strong>\u2013\u00a0<strong>R\u012aG\u0100, C\u0112SU IEL\u0100 31. VISS NEPIECIE\u0160AMAIS TENISAM.\u00a0<\/strong><\/h6>\n<p style=\"text-align: center;\"><strong><a href=\"https:\/\/www.teniss.lv\/kontakti\/\">K\u0101 nok\u013c\u016bt?\u00a0<\/a><\/strong><\/p>\n<p><span lang=\"lv\"><strong>Babolat<\/strong>\u00a0ir fran\u010du izcelsmes \u0123imenes uz\u0146\u0113mums, kas savu darb\u012bbu aizs\u0101cis jau 1875. gad\u0101, kad teniss un badmintons v\u0113l bija tikai s\u0101kuma stadij\u0101. Ar gandr\u012bz 150 gadu laik\u0101 uzkr\u0101to pieredzi, Babolat ir viens no vec\u0101kajiem un profesion\u0101l\u0101kajiem staurptautiskajiem sporta z\u012bmoliem pasaul\u0113, kas specializ\u0113jas rake\u0161u sport\u0101. Gadu laik\u0101 v\u0113rojot un analiz\u0113jot sp\u0113les, Babolat m\u0113r\u0137is ir rast ar vien lab\u0101kus risin\u0101jumus un uzlabjumus, lai ieg\u016btu maksim\u0101lo kvalit\u0101ti sp\u0113l\u0113, piel\u0101gojoties sp\u0113les stiliem, k\u0101 ar\u012b sp\u0113l\u0113t\u0101ju l\u012bme\u0146iem un vecumiem. Babolat ir izveidojis lieliskas sadarb\u012bbas ar t\u0101diem profesion\u0101liem tenisa sp\u0113l\u0113t\u0101jiem k\u0101 Rafael Nadal un Stephan Houdet, profesion\u0101liem badmintona sp\u0113l\u0113t\u0101jiem Chloe Birch un Hongyan Pi un izcilu padel tenisa sp\u0113l\u0113t\u0101ju Juan Lebron.\u00a0<\/span><\/p>\n<p>Vair\u0101k par Babolat uz\u0146\u0113muma ideju skaties \u0161eit:<\/p>\n<p><a href=\"https:\/\/www.youtube.com\/watch?v=gDcapYFEx_Q\">VIDEO: BABOLAT<\/a><\/p>\n","protected":false},"excerpt":{"rendered":"<p>Babolat tenisa bumbi\u0146as Gold Championship. Iztur\u012bga spiediena bumbi\u0146as ar labu pretest\u012bbu. Lieliski piem\u0113rotas treni\u0146iem un sp\u0113les uzlabo\u0161anai. Spiediens bumbi\u0146u iek\u0161pus\u0113 veicina konsekventas atsitiena un lidojuma \u012bpa\u0161\u012bbas, nodro\u0161inot l\u012bdzv\u0113rt\u012bgus sp\u0113les apst\u0101k\u013cus god\u012bgai konkurencei. Pateicoties lieliskajai iztur\u012bbai, Babolat Gold Championship bumbi\u0146as var iztur\u0113t sp\u0113c\u012bgus sitienus, vienlaikus saglab\u0101jot savu sniegumu sp\u0113les laik\u0101. Iepakojum\u0101 72 gab.(24&#215;3). Ieg\u0101d\u0101jies preces m\u016bsu&hellip;&nbsp;<a href=\"https:\/\/www.veikals.teniss.lv\/index.php\/product\/babolat-tenisa-bumbinas-gold-championship-72-gab-24x3\/\" rel=\"bookmark\">Read More &raquo;<span class=\"screen-reader-text\">Babolat tenisa bumbi\u0146as Gold Championship 72 gab.(24&#215;3)<\/span><\/a><\/p>\n","protected":false},"featured_media":9986,"template":"","meta":{"neve_meta_sidebar":"","neve_meta_container":"","neve_meta_enable_content_width":"off","neve_meta_content_width":70,"neve_meta_title_alignment":"","neve_meta_author_avatar":"","neve_post_elements_order":"","neve_meta_disable_header":"","neve_meta_disable_footer":"","neve_meta_disable_title":"","_links_to":"","_links_to_target":""},"product_brand":[],"product_cat":[23,84],"product_tag":[178,90],"class_list":{"0":"post-9985","1":"product","2":"type-product","3":"status-publish","4":"has-post-thumbnail","6":"product_cat-bumbinas-tenisam","7":"product_cat-akcijas-bumbinas","8":"product_tag-babolat","9":"product_tag-include-feed","11":"first","12":"instock","13":"sale","14":"taxable","15":"shipping-taxable","16":"purchasable","17":"product-type-simple"},"yoast_head":"<!-- This site is optimized with the Yoast SEO plugin v27.3 - https:\/\/yoast.com\/product\/yoast-seo-wordpress\/ -->\n<title>tenisa bumbi\u0146as Gold Championship. Babolat tenisa veikals<\/title>\n<meta name=\"description\" content=\"Babolat tenisa bumbi\u0146as Gold championship. Visaugst\u0101k\u0101s klases sacens\u012bbu tenisa bumbi\u0146as, kas piem\u0113rotas sp\u0113l\u0113\u0161anai uz visiem segumiem. Babolat veikals.\" \/>\n<meta name=\"robots\" content=\"index, follow, max-snippet:-1, max-image-preview:large, max-video-preview:-1\" \/>\n<link rel=\"canonical\" href=\"https:\/\/www.veikals.teniss.lv\/index.php\/product\/babolat-tenisa-bumbinas-gold-championship-72-gab-24x3\/\" \/>\n<meta property=\"og:locale\" content=\"lv_LV\" \/>\n<meta property=\"og:type\" content=\"article\" \/>\n<meta property=\"og:title\" content=\"tenisa bumbi\u0146as Gold Championship. Babolat tenisa veikals\" \/>\n<meta property=\"og:description\" content=\"Babolat tenisa bumbi\u0146as Gold championship. Visaugst\u0101k\u0101s klases sacens\u012bbu tenisa bumbi\u0146as, kas piem\u0113rotas sp\u0113l\u0113\u0161anai uz visiem segumiem. Babolat veikals.\" \/>\n<meta property=\"og:url\" content=\"https:\/\/www.veikals.teniss.lv\/index.php\/product\/babolat-tenisa-bumbinas-gold-championship-72-gab-24x3\/\" \/>\n<meta property=\"og:site_name\" content=\"Tenisa veikals\" \/>\n<meta property=\"article:modified_time\" content=\"2026-03-03T14:57:28+00:00\" \/>\n<meta property=\"og:image\" content=\"http:\/\/www.veikals.teniss.lv\/wp-content\/uploads\/2023\/08\/501084-113-karton_babolat-gold-championship-x3-tennis-balls-box-72-balls-24x3-cans.jpg\" \/>\n\t<meta property=\"og:image:width\" content=\"800\" \/>\n\t<meta property=\"og:image:height\" content=\"800\" \/>\n\t<meta property=\"og:image:type\" content=\"image\/jpeg\" \/>\n<meta name=\"twitter:card\" content=\"summary_large_image\" \/>\n<meta name=\"twitter:label1\" content=\"Est. reading time\" \/>\n\t<meta name=\"twitter:data1\" content=\"2 min\u016btes\" \/>\n<script type=\"application\/ld+json\" class=\"yoast-schema-graph\">{\"@context\":\"https:\\\/\\\/schema.org\",\"@graph\":[{\"@type\":\"WebPage\",\"@id\":\"https:\\\/\\\/www.veikals.teniss.lv\\\/index.php\\\/product\\\/babolat-tenisa-bumbinas-gold-championship-72-gab-24x3\\\/\",\"url\":\"https:\\\/\\\/www.veikals.teniss.lv\\\/index.php\\\/product\\\/babolat-tenisa-bumbinas-gold-championship-72-gab-24x3\\\/\",\"name\":\"tenisa bumbi\u0146as Gold Championship. Babolat tenisa veikals\",\"isPartOf\":{\"@id\":\"https:\\\/\\\/www.veikals.teniss.lv\\\/#website\"},\"primaryImageOfPage\":{\"@id\":\"https:\\\/\\\/www.veikals.teniss.lv\\\/index.php\\\/product\\\/babolat-tenisa-bumbinas-gold-championship-72-gab-24x3\\\/#primaryimage\"},\"image\":{\"@id\":\"https:\\\/\\\/www.veikals.teniss.lv\\\/index.php\\\/product\\\/babolat-tenisa-bumbinas-gold-championship-72-gab-24x3\\\/#primaryimage\"},\"thumbnailUrl\":\"https:\\\/\\\/www.veikals.teniss.lv\\\/wp-content\\\/uploads\\\/2023\\\/08\\\/501084-113-karton_babolat-gold-championship-x3-tennis-balls-box-72-balls-24x3-cans.jpg\",\"datePublished\":\"2023-08-18T08:03:24+00:00\",\"dateModified\":\"2026-03-03T14:57:28+00:00\",\"description\":\"Babolat tenisa bumbi\u0146as Gold championship. Visaugst\u0101k\u0101s klases sacens\u012bbu tenisa bumbi\u0146as, kas piem\u0113rotas sp\u0113l\u0113\u0161anai uz visiem segumiem. Babolat veikals.\",\"breadcrumb\":{\"@id\":\"https:\\\/\\\/www.veikals.teniss.lv\\\/index.php\\\/product\\\/babolat-tenisa-bumbinas-gold-championship-72-gab-24x3\\\/#breadcrumb\"},\"inLanguage\":\"lv-LV\",\"potentialAction\":[{\"@type\":\"ReadAction\",\"target\":[\"https:\\\/\\\/www.veikals.teniss.lv\\\/index.php\\\/product\\\/babolat-tenisa-bumbinas-gold-championship-72-gab-24x3\\\/\"]}]},{\"@type\":\"ImageObject\",\"inLanguage\":\"lv-LV\",\"@id\":\"https:\\\/\\\/www.veikals.teniss.lv\\\/index.php\\\/product\\\/babolat-tenisa-bumbinas-gold-championship-72-gab-24x3\\\/#primaryimage\",\"url\":\"https:\\\/\\\/www.veikals.teniss.lv\\\/wp-content\\\/uploads\\\/2023\\\/08\\\/501084-113-karton_babolat-gold-championship-x3-tennis-balls-box-72-balls-24x3-cans.jpg\",\"contentUrl\":\"https:\\\/\\\/www.veikals.teniss.lv\\\/wp-content\\\/uploads\\\/2023\\\/08\\\/501084-113-karton_babolat-gold-championship-x3-tennis-balls-box-72-balls-24x3-cans.jpg\",\"width\":800,\"height\":800},{\"@type\":\"BreadcrumbList\",\"@id\":\"https:\\\/\\\/www.veikals.teniss.lv\\\/index.php\\\/product\\\/babolat-tenisa-bumbinas-gold-championship-72-gab-24x3\\\/#breadcrumb\",\"itemListElement\":[{\"@type\":\"ListItem\",\"position\":1,\"name\":\"Home\",\"item\":\"https:\\\/\\\/www.veikals.teniss.lv\\\/\"},{\"@type\":\"ListItem\",\"position\":2,\"name\":\"Kategorijas\",\"item\":\"https:\\\/\\\/www.veikals.teniss.lv\\\/\"},{\"@type\":\"ListItem\",\"position\":3,\"name\":\"Babolat tenisa bumbi\u0146as Gold Championship 72 gab.(24&#215;3)\"}]},{\"@type\":\"WebSite\",\"@id\":\"https:\\\/\\\/www.veikals.teniss.lv\\\/#website\",\"url\":\"https:\\\/\\\/www.veikals.teniss.lv\\\/\",\"name\":\"Tenisa veikals\",\"description\":\"RAKE\u0160U SPORTA E-VEIKALS\",\"publisher\":{\"@id\":\"https:\\\/\\\/www.veikals.teniss.lv\\\/#organization\"},\"potentialAction\":[{\"@type\":\"SearchAction\",\"target\":{\"@type\":\"EntryPoint\",\"urlTemplate\":\"https:\\\/\\\/www.veikals.teniss.lv\\\/?s={search_term_string}\"},\"query-input\":{\"@type\":\"PropertyValueSpecification\",\"valueRequired\":true,\"valueName\":\"search_term_string\"}}],\"inLanguage\":\"lv-LV\"},{\"@type\":\"Organization\",\"@id\":\"https:\\\/\\\/www.veikals.teniss.lv\\\/#organization\",\"name\":\"Teniss.lv\",\"url\":\"https:\\\/\\\/www.veikals.teniss.lv\\\/\",\"logo\":{\"@type\":\"ImageObject\",\"inLanguage\":\"lv-LV\",\"@id\":\"https:\\\/\\\/www.veikals.teniss.lv\\\/#\\\/schema\\\/logo\\\/image\\\/\",\"url\":\"https:\\\/\\\/www.veikals.teniss.lv\\\/wp-content\\\/uploads\\\/2021\\\/01\\\/cropped-babolat-logo1.png\",\"contentUrl\":\"https:\\\/\\\/www.veikals.teniss.lv\\\/wp-content\\\/uploads\\\/2021\\\/01\\\/cropped-babolat-logo1.png\",\"width\":500,\"height\":125,\"caption\":\"Teniss.lv\"},\"image\":{\"@id\":\"https:\\\/\\\/www.veikals.teniss.lv\\\/#\\\/schema\\\/logo\\\/image\\\/\"}}]}<\/script>\n<!-- \/ Yoast SEO plugin. -->","yoast_head_json":{"title":"tenisa bumbi\u0146as Gold Championship. Babolat tenisa veikals","description":"Babolat tenisa bumbi\u0146as Gold championship. Visaugst\u0101k\u0101s klases sacens\u012bbu tenisa bumbi\u0146as, kas piem\u0113rotas sp\u0113l\u0113\u0161anai uz visiem segumiem. Babolat veikals.","robots":{"index":"index","follow":"follow","max-snippet":"max-snippet:-1","max-image-preview":"max-image-preview:large","max-video-preview":"max-video-preview:-1"},"canonical":"https:\/\/www.veikals.teniss.lv\/index.php\/product\/babolat-tenisa-bumbinas-gold-championship-72-gab-24x3\/","og_locale":"lv_LV","og_type":"article","og_title":"tenisa bumbi\u0146as Gold Championship. Babolat tenisa veikals","og_description":"Babolat tenisa bumbi\u0146as Gold championship. Visaugst\u0101k\u0101s klases sacens\u012bbu tenisa bumbi\u0146as, kas piem\u0113rotas sp\u0113l\u0113\u0161anai uz visiem segumiem. Babolat veikals.","og_url":"https:\/\/www.veikals.teniss.lv\/index.php\/product\/babolat-tenisa-bumbinas-gold-championship-72-gab-24x3\/","og_site_name":"Tenisa veikals","article_modified_time":"2026-03-03T14:57:28+00:00","og_image":[{"width":800,"height":800,"url":"http:\/\/www.veikals.teniss.lv\/wp-content\/uploads\/2023\/08\/501084-113-karton_babolat-gold-championship-x3-tennis-balls-box-72-balls-24x3-cans.jpg","type":"image\/jpeg"}],"twitter_card":"summary_large_image","twitter_misc":{"Est. reading time":"2 min\u016btes"},"schema":{"@context":"https:\/\/schema.org","@graph":[{"@type":"WebPage","@id":"https:\/\/www.veikals.teniss.lv\/index.php\/product\/babolat-tenisa-bumbinas-gold-championship-72-gab-24x3\/","url":"https:\/\/www.veikals.teniss.lv\/index.php\/product\/babolat-tenisa-bumbinas-gold-championship-72-gab-24x3\/","name":"tenisa bumbi\u0146as Gold Championship. Babolat tenisa veikals","isPartOf":{"@id":"https:\/\/www.veikals.teniss.lv\/#website"},"primaryImageOfPage":{"@id":"https:\/\/www.veikals.teniss.lv\/index.php\/product\/babolat-tenisa-bumbinas-gold-championship-72-gab-24x3\/#primaryimage"},"image":{"@id":"https:\/\/www.veikals.teniss.lv\/index.php\/product\/babolat-tenisa-bumbinas-gold-championship-72-gab-24x3\/#primaryimage"},"thumbnailUrl":"https:\/\/www.veikals.teniss.lv\/wp-content\/uploads\/2023\/08\/501084-113-karton_babolat-gold-championship-x3-tennis-balls-box-72-balls-24x3-cans.jpg","datePublished":"2023-08-18T08:03:24+00:00","dateModified":"2026-03-03T14:57:28+00:00","description":"Babolat tenisa bumbi\u0146as Gold championship. Visaugst\u0101k\u0101s klases sacens\u012bbu tenisa bumbi\u0146as, kas piem\u0113rotas sp\u0113l\u0113\u0161anai uz visiem segumiem. Babolat veikals.","breadcrumb":{"@id":"https:\/\/www.veikals.teniss.lv\/index.php\/product\/babolat-tenisa-bumbinas-gold-championship-72-gab-24x3\/#breadcrumb"},"inLanguage":"lv-LV","potentialAction":[{"@type":"ReadAction","target":["https:\/\/www.veikals.teniss.lv\/index.php\/product\/babolat-tenisa-bumbinas-gold-championship-72-gab-24x3\/"]}]},{"@type":"ImageObject","inLanguage":"lv-LV","@id":"https:\/\/www.veikals.teniss.lv\/index.php\/product\/babolat-tenisa-bumbinas-gold-championship-72-gab-24x3\/#primaryimage","url":"https:\/\/www.veikals.teniss.lv\/wp-content\/uploads\/2023\/08\/501084-113-karton_babolat-gold-championship-x3-tennis-balls-box-72-balls-24x3-cans.jpg","contentUrl":"https:\/\/www.veikals.teniss.lv\/wp-content\/uploads\/2023\/08\/501084-113-karton_babolat-gold-championship-x3-tennis-balls-box-72-balls-24x3-cans.jpg","width":800,"height":800},{"@type":"BreadcrumbList","@id":"https:\/\/www.veikals.teniss.lv\/index.php\/product\/babolat-tenisa-bumbinas-gold-championship-72-gab-24x3\/#breadcrumb","itemListElement":[{"@type":"ListItem","position":1,"name":"Home","item":"https:\/\/www.veikals.teniss.lv\/"},{"@type":"ListItem","position":2,"name":"Kategorijas","item":"https:\/\/www.veikals.teniss.lv\/"},{"@type":"ListItem","position":3,"name":"Babolat tenisa bumbi\u0146as Gold Championship 72 gab.(24&#215;3)"}]},{"@type":"WebSite","@id":"https:\/\/www.veikals.teniss.lv\/#website","url":"https:\/\/www.veikals.teniss.lv\/","name":"Tenisa veikals","description":"RAKE\u0160U SPORTA E-VEIKALS","publisher":{"@id":"https:\/\/www.veikals.teniss.lv\/#organization"},"potentialAction":[{"@type":"SearchAction","target":{"@type":"EntryPoint","urlTemplate":"https:\/\/www.veikals.teniss.lv\/?s={search_term_string}"},"query-input":{"@type":"PropertyValueSpecification","valueRequired":true,"valueName":"search_term_string"}}],"inLanguage":"lv-LV"},{"@type":"Organization","@id":"https:\/\/www.veikals.teniss.lv\/#organization","name":"Teniss.lv","url":"https:\/\/www.veikals.teniss.lv\/","logo":{"@type":"ImageObject","inLanguage":"lv-LV","@id":"https:\/\/www.veikals.teniss.lv\/#\/schema\/logo\/image\/","url":"https:\/\/www.veikals.teniss.lv\/wp-content\/uploads\/2021\/01\/cropped-babolat-logo1.png","contentUrl":"https:\/\/www.veikals.teniss.lv\/wp-content\/uploads\/2021\/01\/cropped-babolat-logo1.png","width":500,"height":125,"caption":"Teniss.lv"},"image":{"@id":"https:\/\/www.veikals.teniss.lv\/#\/schema\/logo\/image\/"}}]}},"_links":{"self":[{"href":"https:\/\/www.veikals.teniss.lv\/index.php\/wp-json\/wp\/v2\/product\/9985","targetHints":{"allow":["GET"]}}],"collection":[{"href":"https:\/\/www.veikals.teniss.lv\/index.php\/wp-json\/wp\/v2\/product"}],"about":[{"href":"https:\/\/www.veikals.teniss.lv\/index.php\/wp-json\/wp\/v2\/types\/product"}],"wp:featuredmedia":[{"embeddable":true,"href":"https:\/\/www.veikals.teniss.lv\/index.php\/wp-json\/wp\/v2\/media\/9986"}],"wp:attachment":[{"href":"https:\/\/www.veikals.teniss.lv\/index.php\/wp-json\/wp\/v2\/media?parent=9985"}],"wp:term":[{"taxonomy":"product_brand","embeddable":true,"href":"https:\/\/www.veikals.teniss.lv\/index.php\/wp-json\/wp\/v2\/product_brand?post=9985"},{"taxonomy":"product_cat","embeddable":true,"href":"https:\/\/www.veikals.teniss.lv\/index.php\/wp-json\/wp\/v2\/product_cat?post=9985"},{"taxonomy":"product_tag","embeddable":true,"href":"https:\/\/www.veikals.teniss.lv\/index.php\/wp-json\/wp\/v2\/product_tag?post=9985"}],"curies":[{"name":"wp","href":"https:\/\/api.w.org\/{rel}","templated":true}]}}