{"id":6479,"date":"2022-05-16T12:56:46","date_gmt":"2022-05-16T09:56:46","guid":{"rendered":"https:\/\/www.veikals.teniss.lv\/?post_type=product&#038;p=6479"},"modified":"2026-03-03T17:17:27","modified_gmt":"2026-03-03T15:17:27","slug":"padel-tenisa-bumbinas-padel-court","status":"publish","type":"product","link":"https:\/\/www.veikals.teniss.lv\/index.php\/product\/padel-tenisa-bumbinas-padel-court\/","title":{"rendered":"Padel Tenisa Bumbi\u0146as Padel Court"},"content":{"rendered":"<p>Komfortablas un ar lielu iztur\u012bbu Court Padel bumbas ir APT ofici\u0101l\u0101s padel tenisa bumbi\u0146as . Apstiprin\u0101jusi Starptautisk\u0101 Padela feder\u0101cija.<\/p>\n<p>Iepakojum\u0101 3 gab.<\/p>\n<p><strong>Pieg\u0101des veidi un cenas:\u00a0<\/strong><\/p>\n<ul>\n<li>Sa\u0146emt preci Babolat veikal\u0101 \u2013\u00a0<strong>BEZMAKSAS<\/strong><\/li>\n<li>Sa\u0146emt preci Omniva pakom\u0101t\u0101 \u2013\u00a0<strong>1,99 EUR<\/strong><\/li>\n<li>Sa\u0146emt preci ar pieg\u0101di uz m\u0101j\u0101m \u2013\u00a0<strong>9,99 EUR<\/strong><\/li>\n<\/ul>\n<p><strong>Ieg\u0101d\u0101joties preces virs 100 EUR, pieg\u0101de Omniva pakom\u0101t\u0101 \u2013 BEZMAKSAS!\u00a0<\/strong><\/p>\n<p>Uzzin\u0101t vair\u0101k par apmaksas veidiem:\u00a0<a href=\"https:\/\/www.teniss.lv\/apmaksas-veidi\/\">APMAKSAS VEIDI<\/a><\/p>\n<p>Uzzin\u0101t vair\u0101k par garantijas nosac\u012bjumiem un atgrie\u0161anas iesp\u0113j\u0101m:\u00a0<a href=\"https:\/\/www.teniss.lv\/garantija-un-atgriesana\/\">GARANTIJA UN ATGRIE\u0160ANA<\/a><\/p>\n<h6><strong>BABOLAT TENISA VEIKALS<\/strong>\u2013\u00a0<strong>R\u012aG\u0100, C\u0112SU IEL\u0100 31. VISS NEPIECIE\u0160AMAIS TENISAM.\u00a0<\/strong><\/h6>\n<p><strong><a href=\"https:\/\/www.teniss.lv\/kontakti\/\">K\u0101 nok\u013c\u016bt?\u00a0<\/a><\/strong><\/p>\n<p><span lang=\"lv\"><strong>Babolat<\/strong>\u00a0ir fran\u010du izcelsmes \u0123imenes uz\u0146\u0113mums, kas savu darb\u012bbu aizs\u0101cis jau 1875. gad\u0101, kad teniss un badmintons v\u0113l bija tikai s\u0101kuma stadij\u0101. Ar gandr\u012bz 150 gadu laik\u0101 uzkr\u0101to pieredzi, Babolat ir viens no vec\u0101kajiem un profesion\u0101l\u0101kajiem staurptautiskajiem sporta z\u012bmoliem pasaul\u0113, kas specializ\u0113jas rake\u0161u sport\u0101. Gadu laik\u0101 v\u0113rojot un analiz\u0113jot sp\u0113les, Babolat m\u0113r\u0137is ir rast ar vien lab\u0101kus risin\u0101jumus un uzlabjumus, lai ieg\u016btu maksim\u0101lo kvalit\u0101ti sp\u0113l\u0113, piel\u0101gojoties sp\u0113les stiliem, k\u0101 ar\u012b sp\u0113l\u0113t\u0101ju l\u012bme\u0146iem un vecumiem. Babolat ir izveidojis lieliskas sadarb\u012bbas ar t\u0101diem profesion\u0101liem tenisa sp\u0113l\u0113t\u0101jiem k\u0101 Rafael Nadal un Stephan Houdet, profesion\u0101liem badmintona sp\u0113l\u0113t\u0101jiem Chloe Birch un Hongyan Pi un izcilu padel tenisa sp\u0113l\u0113t\u0101ju Juan Lebron.\u00a0<\/span><\/p>\n<p>Vair\u0101k par Babolat uz\u0146\u0113muma ideju skaties \u0161eit:<\/p>\n<p><a href=\"https:\/\/www.youtube.com\/watch?v=gDcapYFEx_Q\">VIDEO: BABOLAT<\/a><\/p>\n","protected":false},"excerpt":{"rendered":"<p>Komfortablas un ar lielu iztur\u012bbu Court Padel bumbas ir APT ofici\u0101l\u0101s padel tenisa bumbi\u0146as . Apstiprin\u0101jusi Starptautisk\u0101 Padela feder\u0101cija. Iepakojum\u0101 3 gab. Pieg\u0101des veidi un cenas:\u00a0 Sa\u0146emt preci Babolat veikal\u0101 \u2013\u00a0BEZMAKSAS Sa\u0146emt preci Omniva pakom\u0101t\u0101 \u2013\u00a01,99 EUR Sa\u0146emt preci ar pieg\u0101di uz m\u0101j\u0101m \u2013\u00a09,99 EUR Ieg\u0101d\u0101joties preces virs 100 EUR, pieg\u0101de Omniva pakom\u0101t\u0101 \u2013 BEZMAKSAS!\u00a0&hellip;&nbsp;<a href=\"https:\/\/www.veikals.teniss.lv\/index.php\/product\/padel-tenisa-bumbinas-padel-court\/\" rel=\"bookmark\">Read More &raquo;<span class=\"screen-reader-text\">Padel Tenisa Bumbi\u0146as Padel Court<\/span><\/a><\/p>\n","protected":false},"featured_media":6481,"template":"","meta":{"neve_meta_sidebar":"","neve_meta_container":"","neve_meta_enable_content_width":"off","neve_meta_content_width":70,"neve_meta_title_alignment":"","neve_meta_author_avatar":"","neve_post_elements_order":"","neve_meta_disable_header":"","neve_meta_disable_footer":"","neve_meta_disable_title":"","_links_to":"","_links_to_target":""},"product_brand":[],"product_cat":[156,42],"product_tag":[178],"class_list":{"0":"post-6479","1":"product","2":"type-product","3":"status-publish","4":"has-post-thumbnail","6":"product_cat-padel-bumbinas","7":"product_cat-padel-teniss","8":"product_tag-babolat","10":"first","11":"instock","12":"taxable","13":"shipping-taxable","14":"purchasable","15":"product-type-simple"},"yoast_head":"<!-- This site is optimized with the Yoast SEO plugin v27.3 - https:\/\/yoast.com\/product\/yoast-seo-wordpress\/ -->\n<title>Padel Tenisa Bumbi\u0146as Padel Court - Tenisa veikals<\/title>\n<meta name=\"description\" content=\"Komfortablas un ar lielu iztur\u012bbu Court Padel bumbas ir APT ofici\u0101l\u0101s padel tenisa bumbi\u0146as . Apstiprin\u0101jusi Starptautisk\u0101 Padela feder\u0101cija.Iepakojum\u0101 3 gab.\" \/>\n<meta name=\"robots\" content=\"index, follow, max-snippet:-1, max-image-preview:large, max-video-preview:-1\" \/>\n<link rel=\"canonical\" href=\"https:\/\/www.veikals.teniss.lv\/index.php\/product\/padel-tenisa-bumbinas-padel-court\/\" \/>\n<meta property=\"og:locale\" content=\"lv_LV\" \/>\n<meta property=\"og:type\" content=\"article\" \/>\n<meta property=\"og:title\" content=\"Padel Tenisa Bumbi\u0146as Padel Court - Tenisa veikals\" \/>\n<meta property=\"og:description\" content=\"Komfortablas un ar lielu iztur\u012bbu Court Padel bumbas ir APT ofici\u0101l\u0101s padel tenisa bumbi\u0146as . Apstiprin\u0101jusi Starptautisk\u0101 Padela feder\u0101cija.Iepakojum\u0101 3 gab.\" \/>\n<meta property=\"og:url\" content=\"https:\/\/www.veikals.teniss.lv\/index.php\/product\/padel-tenisa-bumbinas-padel-court\/\" \/>\n<meta property=\"og:site_name\" content=\"Tenisa veikals\" \/>\n<meta property=\"article:modified_time\" content=\"2026-03-03T15:17:27+00:00\" \/>\n<meta property=\"og:image\" content=\"http:\/\/www.veikals.teniss.lv\/wp-content\/uploads\/2022\/05\/501098-Court_Padel_x3-113-1-Can.webp\" \/>\n\t<meta property=\"og:image:width\" content=\"1008\" \/>\n\t<meta property=\"og:image:height\" content=\"1008\" \/>\n\t<meta property=\"og:image:type\" content=\"image\/webp\" \/>\n<meta name=\"twitter:card\" content=\"summary_large_image\" \/>\n<meta name=\"twitter:label1\" content=\"Est. reading time\" \/>\n\t<meta name=\"twitter:data1\" content=\"1 min\u016bte\" \/>\n<script type=\"application\/ld+json\" class=\"yoast-schema-graph\">{\"@context\":\"https:\\\/\\\/schema.org\",\"@graph\":[{\"@type\":\"WebPage\",\"@id\":\"https:\\\/\\\/www.veikals.teniss.lv\\\/index.php\\\/product\\\/padel-tenisa-bumbinas-padel-court\\\/\",\"url\":\"https:\\\/\\\/www.veikals.teniss.lv\\\/index.php\\\/product\\\/padel-tenisa-bumbinas-padel-court\\\/\",\"name\":\"Padel Tenisa Bumbi\u0146as Padel Court - Tenisa veikals\",\"isPartOf\":{\"@id\":\"https:\\\/\\\/www.veikals.teniss.lv\\\/#website\"},\"primaryImageOfPage\":{\"@id\":\"https:\\\/\\\/www.veikals.teniss.lv\\\/index.php\\\/product\\\/padel-tenisa-bumbinas-padel-court\\\/#primaryimage\"},\"image\":{\"@id\":\"https:\\\/\\\/www.veikals.teniss.lv\\\/index.php\\\/product\\\/padel-tenisa-bumbinas-padel-court\\\/#primaryimage\"},\"thumbnailUrl\":\"https:\\\/\\\/www.veikals.teniss.lv\\\/wp-content\\\/uploads\\\/2022\\\/05\\\/501098-Court_Padel_x3-113-1-Can.webp\",\"datePublished\":\"2022-05-16T09:56:46+00:00\",\"dateModified\":\"2026-03-03T15:17:27+00:00\",\"description\":\"Komfortablas un ar lielu iztur\u012bbu Court Padel bumbas ir APT ofici\u0101l\u0101s padel tenisa bumbi\u0146as . Apstiprin\u0101jusi Starptautisk\u0101 Padela feder\u0101cija.Iepakojum\u0101 3 gab.\",\"breadcrumb\":{\"@id\":\"https:\\\/\\\/www.veikals.teniss.lv\\\/index.php\\\/product\\\/padel-tenisa-bumbinas-padel-court\\\/#breadcrumb\"},\"inLanguage\":\"lv-LV\",\"potentialAction\":[{\"@type\":\"ReadAction\",\"target\":[\"https:\\\/\\\/www.veikals.teniss.lv\\\/index.php\\\/product\\\/padel-tenisa-bumbinas-padel-court\\\/\"]}]},{\"@type\":\"ImageObject\",\"inLanguage\":\"lv-LV\",\"@id\":\"https:\\\/\\\/www.veikals.teniss.lv\\\/index.php\\\/product\\\/padel-tenisa-bumbinas-padel-court\\\/#primaryimage\",\"url\":\"https:\\\/\\\/www.veikals.teniss.lv\\\/wp-content\\\/uploads\\\/2022\\\/05\\\/501098-Court_Padel_x3-113-1-Can.webp\",\"contentUrl\":\"https:\\\/\\\/www.veikals.teniss.lv\\\/wp-content\\\/uploads\\\/2022\\\/05\\\/501098-Court_Padel_x3-113-1-Can.webp\",\"width\":1008,\"height\":1008},{\"@type\":\"BreadcrumbList\",\"@id\":\"https:\\\/\\\/www.veikals.teniss.lv\\\/index.php\\\/product\\\/padel-tenisa-bumbinas-padel-court\\\/#breadcrumb\",\"itemListElement\":[{\"@type\":\"ListItem\",\"position\":1,\"name\":\"Home\",\"item\":\"https:\\\/\\\/www.veikals.teniss.lv\\\/\"},{\"@type\":\"ListItem\",\"position\":2,\"name\":\"Kategorijas\",\"item\":\"https:\\\/\\\/www.veikals.teniss.lv\\\/\"},{\"@type\":\"ListItem\",\"position\":3,\"name\":\"Padel Tenisa Bumbi\u0146as Padel Court\"}]},{\"@type\":\"WebSite\",\"@id\":\"https:\\\/\\\/www.veikals.teniss.lv\\\/#website\",\"url\":\"https:\\\/\\\/www.veikals.teniss.lv\\\/\",\"name\":\"Tenisa veikals\",\"description\":\"RAKE\u0160U SPORTA E-VEIKALS\",\"publisher\":{\"@id\":\"https:\\\/\\\/www.veikals.teniss.lv\\\/#organization\"},\"potentialAction\":[{\"@type\":\"SearchAction\",\"target\":{\"@type\":\"EntryPoint\",\"urlTemplate\":\"https:\\\/\\\/www.veikals.teniss.lv\\\/?s={search_term_string}\"},\"query-input\":{\"@type\":\"PropertyValueSpecification\",\"valueRequired\":true,\"valueName\":\"search_term_string\"}}],\"inLanguage\":\"lv-LV\"},{\"@type\":\"Organization\",\"@id\":\"https:\\\/\\\/www.veikals.teniss.lv\\\/#organization\",\"name\":\"Teniss.lv\",\"url\":\"https:\\\/\\\/www.veikals.teniss.lv\\\/\",\"logo\":{\"@type\":\"ImageObject\",\"inLanguage\":\"lv-LV\",\"@id\":\"https:\\\/\\\/www.veikals.teniss.lv\\\/#\\\/schema\\\/logo\\\/image\\\/\",\"url\":\"https:\\\/\\\/www.veikals.teniss.lv\\\/wp-content\\\/uploads\\\/2021\\\/01\\\/cropped-babolat-logo1.png\",\"contentUrl\":\"https:\\\/\\\/www.veikals.teniss.lv\\\/wp-content\\\/uploads\\\/2021\\\/01\\\/cropped-babolat-logo1.png\",\"width\":500,\"height\":125,\"caption\":\"Teniss.lv\"},\"image\":{\"@id\":\"https:\\\/\\\/www.veikals.teniss.lv\\\/#\\\/schema\\\/logo\\\/image\\\/\"}}]}<\/script>\n<!-- \/ Yoast SEO plugin. -->","yoast_head_json":{"title":"Padel Tenisa Bumbi\u0146as Padel Court - Tenisa veikals","description":"Komfortablas un ar lielu iztur\u012bbu Court Padel bumbas ir APT ofici\u0101l\u0101s padel tenisa bumbi\u0146as . Apstiprin\u0101jusi Starptautisk\u0101 Padela feder\u0101cija.Iepakojum\u0101 3 gab.","robots":{"index":"index","follow":"follow","max-snippet":"max-snippet:-1","max-image-preview":"max-image-preview:large","max-video-preview":"max-video-preview:-1"},"canonical":"https:\/\/www.veikals.teniss.lv\/index.php\/product\/padel-tenisa-bumbinas-padel-court\/","og_locale":"lv_LV","og_type":"article","og_title":"Padel Tenisa Bumbi\u0146as Padel Court - Tenisa veikals","og_description":"Komfortablas un ar lielu iztur\u012bbu Court Padel bumbas ir APT ofici\u0101l\u0101s padel tenisa bumbi\u0146as . Apstiprin\u0101jusi Starptautisk\u0101 Padela feder\u0101cija.Iepakojum\u0101 3 gab.","og_url":"https:\/\/www.veikals.teniss.lv\/index.php\/product\/padel-tenisa-bumbinas-padel-court\/","og_site_name":"Tenisa veikals","article_modified_time":"2026-03-03T15:17:27+00:00","og_image":[{"width":1008,"height":1008,"url":"http:\/\/www.veikals.teniss.lv\/wp-content\/uploads\/2022\/05\/501098-Court_Padel_x3-113-1-Can.webp","type":"image\/webp"}],"twitter_card":"summary_large_image","twitter_misc":{"Est. reading time":"1 min\u016bte"},"schema":{"@context":"https:\/\/schema.org","@graph":[{"@type":"WebPage","@id":"https:\/\/www.veikals.teniss.lv\/index.php\/product\/padel-tenisa-bumbinas-padel-court\/","url":"https:\/\/www.veikals.teniss.lv\/index.php\/product\/padel-tenisa-bumbinas-padel-court\/","name":"Padel Tenisa Bumbi\u0146as Padel Court - Tenisa veikals","isPartOf":{"@id":"https:\/\/www.veikals.teniss.lv\/#website"},"primaryImageOfPage":{"@id":"https:\/\/www.veikals.teniss.lv\/index.php\/product\/padel-tenisa-bumbinas-padel-court\/#primaryimage"},"image":{"@id":"https:\/\/www.veikals.teniss.lv\/index.php\/product\/padel-tenisa-bumbinas-padel-court\/#primaryimage"},"thumbnailUrl":"https:\/\/www.veikals.teniss.lv\/wp-content\/uploads\/2022\/05\/501098-Court_Padel_x3-113-1-Can.webp","datePublished":"2022-05-16T09:56:46+00:00","dateModified":"2026-03-03T15:17:27+00:00","description":"Komfortablas un ar lielu iztur\u012bbu Court Padel bumbas ir APT ofici\u0101l\u0101s padel tenisa bumbi\u0146as . Apstiprin\u0101jusi Starptautisk\u0101 Padela feder\u0101cija.Iepakojum\u0101 3 gab.","breadcrumb":{"@id":"https:\/\/www.veikals.teniss.lv\/index.php\/product\/padel-tenisa-bumbinas-padel-court\/#breadcrumb"},"inLanguage":"lv-LV","potentialAction":[{"@type":"ReadAction","target":["https:\/\/www.veikals.teniss.lv\/index.php\/product\/padel-tenisa-bumbinas-padel-court\/"]}]},{"@type":"ImageObject","inLanguage":"lv-LV","@id":"https:\/\/www.veikals.teniss.lv\/index.php\/product\/padel-tenisa-bumbinas-padel-court\/#primaryimage","url":"https:\/\/www.veikals.teniss.lv\/wp-content\/uploads\/2022\/05\/501098-Court_Padel_x3-113-1-Can.webp","contentUrl":"https:\/\/www.veikals.teniss.lv\/wp-content\/uploads\/2022\/05\/501098-Court_Padel_x3-113-1-Can.webp","width":1008,"height":1008},{"@type":"BreadcrumbList","@id":"https:\/\/www.veikals.teniss.lv\/index.php\/product\/padel-tenisa-bumbinas-padel-court\/#breadcrumb","itemListElement":[{"@type":"ListItem","position":1,"name":"Home","item":"https:\/\/www.veikals.teniss.lv\/"},{"@type":"ListItem","position":2,"name":"Kategorijas","item":"https:\/\/www.veikals.teniss.lv\/"},{"@type":"ListItem","position":3,"name":"Padel Tenisa Bumbi\u0146as Padel Court"}]},{"@type":"WebSite","@id":"https:\/\/www.veikals.teniss.lv\/#website","url":"https:\/\/www.veikals.teniss.lv\/","name":"Tenisa veikals","description":"RAKE\u0160U SPORTA E-VEIKALS","publisher":{"@id":"https:\/\/www.veikals.teniss.lv\/#organization"},"potentialAction":[{"@type":"SearchAction","target":{"@type":"EntryPoint","urlTemplate":"https:\/\/www.veikals.teniss.lv\/?s={search_term_string}"},"query-input":{"@type":"PropertyValueSpecification","valueRequired":true,"valueName":"search_term_string"}}],"inLanguage":"lv-LV"},{"@type":"Organization","@id":"https:\/\/www.veikals.teniss.lv\/#organization","name":"Teniss.lv","url":"https:\/\/www.veikals.teniss.lv\/","logo":{"@type":"ImageObject","inLanguage":"lv-LV","@id":"https:\/\/www.veikals.teniss.lv\/#\/schema\/logo\/image\/","url":"https:\/\/www.veikals.teniss.lv\/wp-content\/uploads\/2021\/01\/cropped-babolat-logo1.png","contentUrl":"https:\/\/www.veikals.teniss.lv\/wp-content\/uploads\/2021\/01\/cropped-babolat-logo1.png","width":500,"height":125,"caption":"Teniss.lv"},"image":{"@id":"https:\/\/www.veikals.teniss.lv\/#\/schema\/logo\/image\/"}}]}},"_links":{"self":[{"href":"https:\/\/www.veikals.teniss.lv\/index.php\/wp-json\/wp\/v2\/product\/6479","targetHints":{"allow":["GET"]}}],"collection":[{"href":"https:\/\/www.veikals.teniss.lv\/index.php\/wp-json\/wp\/v2\/product"}],"about":[{"href":"https:\/\/www.veikals.teniss.lv\/index.php\/wp-json\/wp\/v2\/types\/product"}],"wp:featuredmedia":[{"embeddable":true,"href":"https:\/\/www.veikals.teniss.lv\/index.php\/wp-json\/wp\/v2\/media\/6481"}],"wp:attachment":[{"href":"https:\/\/www.veikals.teniss.lv\/index.php\/wp-json\/wp\/v2\/media?parent=6479"}],"wp:term":[{"taxonomy":"product_brand","embeddable":true,"href":"https:\/\/www.veikals.teniss.lv\/index.php\/wp-json\/wp\/v2\/product_brand?post=6479"},{"taxonomy":"product_cat","embeddable":true,"href":"https:\/\/www.veikals.teniss.lv\/index.php\/wp-json\/wp\/v2\/product_cat?post=6479"},{"taxonomy":"product_tag","embeddable":true,"href":"https:\/\/www.veikals.teniss.lv\/index.php\/wp-json\/wp\/v2\/product_tag?post=6479"}],"curies":[{"name":"wp","href":"https:\/\/api.w.org\/{rel}","templated":true}]}}