{"id":6189,"date":"2022-03-23T14:36:35","date_gmt":"2022-03-23T12:36:35","guid":{"rendered":"https:\/\/www.veikals.teniss.lv\/?post_type=product&#038;p=6189"},"modified":"2025-05-10T10:46:34","modified_gmt":"2025-05-10T07:46:34","slug":"padel-tenisa-noteikumi-2","status":"publish","type":"product","link":"https:\/\/www.veikals.teniss.lv\/index.php\/product\/padel-tenisa-noteikumi-2\/","title":{"rendered":"PADEL TENISA NOTEIKUMI"},"content":{"rendered":"<h4>PADEL TENISA NOTEIKUMI<\/h4>\n<p>Padel sp\u0113les form\u0101ts ir divi pret divi, kop\u0101 \u010detri sp\u0113l\u0113t\u0101ji uz laukuma.<\/p>\n<hr \/>\n<p><b>Punktu skait\u012b\u0161ana:<\/b>\u00a0Punktu skait\u012b\u0161ana notiek t\u0101 pat k\u0101 tenis\u0101, tas ir: 15, 30, 40 un geims, ar vien\u0101di pie rezult\u0101ta 40 pret 40. Uzvara geim\u0101 ir tikai ar divu punktu p\u0101rsvaru. Viens sets ir 6 geimi. Ja geimos ir 6 pret 6, tad tiek sp\u0113l\u0113ts taibreiks l\u012bdz 7. Taibreiks ir vinn\u0113ts, ja ir divu punktu p\u0101rsvars.<\/p>\n<hr \/>\n<p><b>Serve:<\/b>\u00a0Pirmo reizi serve tiek serv\u0113ta no lab\u0101 uz kreiso kvadr\u0101tu (pa diagon\u0101li). Auts serv\u0113 tiek uzskat\u012bts, ja serves atl\u0113ciens ir aiz serves laukuma l\u012bnij\u0101m vai s\u0101nu atsitiens pieskar\u0101s met\u0101lam. Sp\u0113l\u0113t\u0101jam ir divas serves iesp\u0113jas. Aizskarot t\u012bklu serve ir j\u0101p\u0101rserv\u0113. n\u0101ko\u0161\u0101 serve ir j\u0101veic no kreis\u0101 uz labo serves kvadr\u0101tu.<\/p>\n<hr \/>\n<p><b>Sp\u0113le:<\/b>\u00a0Izsp\u0113les laik\u0101 bumba dr\u012bkst piesk\u0101rties laukumam vienu reizi. Sp\u0113l\u0113t\u0101js var izlemt vai sp\u0113l\u0113t bumbu p\u0113c atl\u0113ciena vai no gaisa. Ja bumbi\u0146a vispirms pieskar\u0101s sienai nevis laukumam, tad tiek zaud\u0113ts punkts. P\u0113c atl\u0113ciena no laukuma sp\u0113l\u0113t\u0101js bumbu var sp\u0113l\u0113t atpaka\u013c uz pretinieka laukumu, vai ar\u012b \u013caut atsisties tai pret sienu un, tad raid\u012bt to atpaka\u013c pretiniekam. Ja bumba tiek raid\u012bta pret laukumu un p\u0113c tam pamet laukumu punkts tiek vinn\u0113ts.<\/p>\n<p>________________________________________________________________________________________________<\/p>\n<p><strong>Padel tenisa sp\u0113les noteikumi:<\/strong><\/p>\n<div class=\"nv-iframe-embed\"><iframe title=\"Do you know how to play padel?\" width=\"1200\" height=\"675\" src=\"https:\/\/www.youtube.com\/embed\/xmUEpSrcEao?feature=oembed\" frameborder=\"0\" allow=\"accelerometer; autoplay; clipboard-write; encrypted-media; gyroscope; picture-in-picture\" allowfullscreen><\/iframe><\/div>\n<p>&nbsp;<\/p>\n<p style=\"text-align: center;\"><strong>Viss nepiecie\u0161amais padel tenisam nop\u0113rkams Babolat tenisa veikal\u0101, C\u0113su iel\u0101 31.\u00a0<\/strong><\/p>\n<p><strong>Babolat tenisa veikals<\/strong>\u2013 Barons kvart\u0101ls, C\u0113su iela 31, R\u012bga!<\/p>\n<p><strong>Darba laiks:<\/strong><\/p>\n<p>Darba dien\u0101s: 10:00-19:00<br \/>\nSestdien\u0101s: 10:00-16:00<br \/>\nSv\u0113tdien\u0101s: sl\u0113gts<\/p>\n<p>Veikala telefons: 29477903<\/p>\n","protected":false},"excerpt":{"rendered":"<p>PADEL TENISA NOTEIKUMI Padel sp\u0113les form\u0101ts ir divi pret divi, kop\u0101 \u010detri sp\u0113l\u0113t\u0101ji uz laukuma. Punktu skait\u012b\u0161ana:\u00a0Punktu skait\u012b\u0161ana notiek t\u0101 pat k\u0101 tenis\u0101, tas ir: 15, 30, 40 un geims, ar vien\u0101di pie rezult\u0101ta 40 pret 40. Uzvara geim\u0101 ir tikai ar divu punktu p\u0101rsvaru. Viens sets ir 6 geimi. Ja geimos ir 6 pret&hellip;&nbsp;<a href=\"https:\/\/www.veikals.teniss.lv\/index.php\/product\/padel-tenisa-noteikumi-2\/\" rel=\"bookmark\">Read More &raquo;<span class=\"screen-reader-text\">PADEL TENISA NOTEIKUMI<\/span><\/a><\/p>\n","protected":false},"featured_media":6190,"template":"","meta":{"neve_meta_sidebar":"","neve_meta_container":"","neve_meta_enable_content_width":"off","neve_meta_content_width":0,"neve_meta_title_alignment":"","neve_meta_author_avatar":"","neve_post_elements_order":"","neve_meta_disable_header":"","neve_meta_disable_footer":"","neve_meta_disable_title":"","_links_to":"","_links_to_target":""},"product_brand":[],"product_cat":[164,163,166,165,56,43],"product_tag":[],"class_list":{"0":"post-6189","1":"product","2":"type-product","3":"status-publish","4":"has-post-thumbnail","6":"product_cat-adidas-padel","7":"product_cat-babolat-padel","8":"product_cat-head-padel","9":"product_cat-nox-padel","10":"product_cat-apavi-padel-teniss","11":"product_cat-raketes-un-bumbinas","13":"first","14":"instock","15":"taxable","16":"shipping-taxable","17":"product-type-simple"},"yoast_head":"<!-- This site is optimized with the Yoast SEO plugin v27.3 - https:\/\/yoast.com\/product\/yoast-seo-wordpress\/ -->\n<title>PADEL TENISA NOTEIKUMI - Tenisa veikals Teniss.lv<\/title>\n<meta name=\"description\" content=\"Padel tenisa noteikumi. Lasi un uzzini vair\u0101k par padel tenisa noteikumiem. Padel tenisa veikals - R\u012bg\u0101, C\u0161u iel\u0101 31!\" \/>\n<meta name=\"robots\" content=\"index, follow, max-snippet:-1, max-image-preview:large, max-video-preview:-1\" \/>\n<link rel=\"canonical\" href=\"https:\/\/www.veikals.teniss.lv\/index.php\/product\/padel-tenisa-noteikumi-2\/\" \/>\n<meta property=\"og:locale\" content=\"lv_LV\" \/>\n<meta property=\"og:type\" content=\"article\" \/>\n<meta property=\"og:title\" content=\"PADEL TENISA NOTEIKUMI - Tenisa veikals Teniss.lv\" \/>\n<meta property=\"og:description\" content=\"Padel tenisa noteikumi. Lasi un uzzini vair\u0101k par padel tenisa noteikumiem. Padel tenisa veikals - R\u012bg\u0101, C\u0161u iel\u0101 31!\" \/>\n<meta property=\"og:url\" content=\"https:\/\/www.veikals.teniss.lv\/index.php\/product\/padel-tenisa-noteikumi-2\/\" \/>\n<meta property=\"og:site_name\" content=\"Tenisa veikals\" \/>\n<meta property=\"article:modified_time\" content=\"2025-05-10T07:46:34+00:00\" \/>\n<meta property=\"og:image\" content=\"http:\/\/www.veikals.teniss.lv\/wp-content\/uploads\/2022\/03\/padel_tenisa_noteikumi.jpg\" \/>\n\t<meta property=\"og:image:width\" content=\"480\" \/>\n\t<meta property=\"og:image:height\" content=\"341\" \/>\n\t<meta property=\"og:image:type\" content=\"image\/jpeg\" \/>\n<meta name=\"twitter:card\" content=\"summary_large_image\" \/>\n<meta name=\"twitter:label1\" content=\"Est. reading time\" \/>\n\t<meta name=\"twitter:data1\" content=\"1 min\u016bte\" \/>\n<script type=\"application\/ld+json\" class=\"yoast-schema-graph\">{\"@context\":\"https:\\\/\\\/schema.org\",\"@graph\":[{\"@type\":\"WebPage\",\"@id\":\"https:\\\/\\\/www.veikals.teniss.lv\\\/index.php\\\/product\\\/padel-tenisa-noteikumi-2\\\/\",\"url\":\"https:\\\/\\\/www.veikals.teniss.lv\\\/index.php\\\/product\\\/padel-tenisa-noteikumi-2\\\/\",\"name\":\"PADEL TENISA NOTEIKUMI - Tenisa veikals Teniss.lv\",\"isPartOf\":{\"@id\":\"https:\\\/\\\/www.veikals.teniss.lv\\\/#website\"},\"primaryImageOfPage\":{\"@id\":\"https:\\\/\\\/www.veikals.teniss.lv\\\/index.php\\\/product\\\/padel-tenisa-noteikumi-2\\\/#primaryimage\"},\"image\":{\"@id\":\"https:\\\/\\\/www.veikals.teniss.lv\\\/index.php\\\/product\\\/padel-tenisa-noteikumi-2\\\/#primaryimage\"},\"thumbnailUrl\":\"https:\\\/\\\/www.veikals.teniss.lv\\\/wp-content\\\/uploads\\\/2022\\\/03\\\/padel_tenisa_noteikumi.jpg\",\"datePublished\":\"2022-03-23T12:36:35+00:00\",\"dateModified\":\"2025-05-10T07:46:34+00:00\",\"description\":\"Padel tenisa noteikumi. Lasi un uzzini vair\u0101k par padel tenisa noteikumiem. Padel tenisa veikals - R\u012bg\u0101, C\u0161u iel\u0101 31!\",\"breadcrumb\":{\"@id\":\"https:\\\/\\\/www.veikals.teniss.lv\\\/index.php\\\/product\\\/padel-tenisa-noteikumi-2\\\/#breadcrumb\"},\"inLanguage\":\"lv-LV\",\"potentialAction\":[{\"@type\":\"ReadAction\",\"target\":[\"https:\\\/\\\/www.veikals.teniss.lv\\\/index.php\\\/product\\\/padel-tenisa-noteikumi-2\\\/\"]}]},{\"@type\":\"ImageObject\",\"inLanguage\":\"lv-LV\",\"@id\":\"https:\\\/\\\/www.veikals.teniss.lv\\\/index.php\\\/product\\\/padel-tenisa-noteikumi-2\\\/#primaryimage\",\"url\":\"https:\\\/\\\/www.veikals.teniss.lv\\\/wp-content\\\/uploads\\\/2022\\\/03\\\/padel_tenisa_noteikumi.jpg\",\"contentUrl\":\"https:\\\/\\\/www.veikals.teniss.lv\\\/wp-content\\\/uploads\\\/2022\\\/03\\\/padel_tenisa_noteikumi.jpg\",\"width\":480,\"height\":341},{\"@type\":\"BreadcrumbList\",\"@id\":\"https:\\\/\\\/www.veikals.teniss.lv\\\/index.php\\\/product\\\/padel-tenisa-noteikumi-2\\\/#breadcrumb\",\"itemListElement\":[{\"@type\":\"ListItem\",\"position\":1,\"name\":\"Home\",\"item\":\"https:\\\/\\\/www.veikals.teniss.lv\\\/\"},{\"@type\":\"ListItem\",\"position\":2,\"name\":\"Kategorijas\",\"item\":\"https:\\\/\\\/www.veikals.teniss.lv\\\/\"},{\"@type\":\"ListItem\",\"position\":3,\"name\":\"PADEL TENISA NOTEIKUMI\"}]},{\"@type\":\"WebSite\",\"@id\":\"https:\\\/\\\/www.veikals.teniss.lv\\\/#website\",\"url\":\"https:\\\/\\\/www.veikals.teniss.lv\\\/\",\"name\":\"Tenisa veikals\",\"description\":\"RAKE\u0160U SPORTA E-VEIKALS\",\"publisher\":{\"@id\":\"https:\\\/\\\/www.veikals.teniss.lv\\\/#organization\"},\"potentialAction\":[{\"@type\":\"SearchAction\",\"target\":{\"@type\":\"EntryPoint\",\"urlTemplate\":\"https:\\\/\\\/www.veikals.teniss.lv\\\/?s={search_term_string}\"},\"query-input\":{\"@type\":\"PropertyValueSpecification\",\"valueRequired\":true,\"valueName\":\"search_term_string\"}}],\"inLanguage\":\"lv-LV\"},{\"@type\":\"Organization\",\"@id\":\"https:\\\/\\\/www.veikals.teniss.lv\\\/#organization\",\"name\":\"Teniss.lv\",\"url\":\"https:\\\/\\\/www.veikals.teniss.lv\\\/\",\"logo\":{\"@type\":\"ImageObject\",\"inLanguage\":\"lv-LV\",\"@id\":\"https:\\\/\\\/www.veikals.teniss.lv\\\/#\\\/schema\\\/logo\\\/image\\\/\",\"url\":\"https:\\\/\\\/www.veikals.teniss.lv\\\/wp-content\\\/uploads\\\/2021\\\/01\\\/cropped-babolat-logo1.png\",\"contentUrl\":\"https:\\\/\\\/www.veikals.teniss.lv\\\/wp-content\\\/uploads\\\/2021\\\/01\\\/cropped-babolat-logo1.png\",\"width\":500,\"height\":125,\"caption\":\"Teniss.lv\"},\"image\":{\"@id\":\"https:\\\/\\\/www.veikals.teniss.lv\\\/#\\\/schema\\\/logo\\\/image\\\/\"}}]}<\/script>\n<!-- \/ Yoast SEO plugin. -->","yoast_head_json":{"title":"PADEL TENISA NOTEIKUMI - Tenisa veikals Teniss.lv","description":"Padel tenisa noteikumi. Lasi un uzzini vair\u0101k par padel tenisa noteikumiem. Padel tenisa veikals - R\u012bg\u0101, C\u0161u iel\u0101 31!","robots":{"index":"index","follow":"follow","max-snippet":"max-snippet:-1","max-image-preview":"max-image-preview:large","max-video-preview":"max-video-preview:-1"},"canonical":"https:\/\/www.veikals.teniss.lv\/index.php\/product\/padel-tenisa-noteikumi-2\/","og_locale":"lv_LV","og_type":"article","og_title":"PADEL TENISA NOTEIKUMI - Tenisa veikals Teniss.lv","og_description":"Padel tenisa noteikumi. Lasi un uzzini vair\u0101k par padel tenisa noteikumiem. Padel tenisa veikals - R\u012bg\u0101, C\u0161u iel\u0101 31!","og_url":"https:\/\/www.veikals.teniss.lv\/index.php\/product\/padel-tenisa-noteikumi-2\/","og_site_name":"Tenisa veikals","article_modified_time":"2025-05-10T07:46:34+00:00","og_image":[{"width":480,"height":341,"url":"http:\/\/www.veikals.teniss.lv\/wp-content\/uploads\/2022\/03\/padel_tenisa_noteikumi.jpg","type":"image\/jpeg"}],"twitter_card":"summary_large_image","twitter_misc":{"Est. reading time":"1 min\u016bte"},"schema":{"@context":"https:\/\/schema.org","@graph":[{"@type":"WebPage","@id":"https:\/\/www.veikals.teniss.lv\/index.php\/product\/padel-tenisa-noteikumi-2\/","url":"https:\/\/www.veikals.teniss.lv\/index.php\/product\/padel-tenisa-noteikumi-2\/","name":"PADEL TENISA NOTEIKUMI - Tenisa veikals Teniss.lv","isPartOf":{"@id":"https:\/\/www.veikals.teniss.lv\/#website"},"primaryImageOfPage":{"@id":"https:\/\/www.veikals.teniss.lv\/index.php\/product\/padel-tenisa-noteikumi-2\/#primaryimage"},"image":{"@id":"https:\/\/www.veikals.teniss.lv\/index.php\/product\/padel-tenisa-noteikumi-2\/#primaryimage"},"thumbnailUrl":"https:\/\/www.veikals.teniss.lv\/wp-content\/uploads\/2022\/03\/padel_tenisa_noteikumi.jpg","datePublished":"2022-03-23T12:36:35+00:00","dateModified":"2025-05-10T07:46:34+00:00","description":"Padel tenisa noteikumi. Lasi un uzzini vair\u0101k par padel tenisa noteikumiem. Padel tenisa veikals - R\u012bg\u0101, C\u0161u iel\u0101 31!","breadcrumb":{"@id":"https:\/\/www.veikals.teniss.lv\/index.php\/product\/padel-tenisa-noteikumi-2\/#breadcrumb"},"inLanguage":"lv-LV","potentialAction":[{"@type":"ReadAction","target":["https:\/\/www.veikals.teniss.lv\/index.php\/product\/padel-tenisa-noteikumi-2\/"]}]},{"@type":"ImageObject","inLanguage":"lv-LV","@id":"https:\/\/www.veikals.teniss.lv\/index.php\/product\/padel-tenisa-noteikumi-2\/#primaryimage","url":"https:\/\/www.veikals.teniss.lv\/wp-content\/uploads\/2022\/03\/padel_tenisa_noteikumi.jpg","contentUrl":"https:\/\/www.veikals.teniss.lv\/wp-content\/uploads\/2022\/03\/padel_tenisa_noteikumi.jpg","width":480,"height":341},{"@type":"BreadcrumbList","@id":"https:\/\/www.veikals.teniss.lv\/index.php\/product\/padel-tenisa-noteikumi-2\/#breadcrumb","itemListElement":[{"@type":"ListItem","position":1,"name":"Home","item":"https:\/\/www.veikals.teniss.lv\/"},{"@type":"ListItem","position":2,"name":"Kategorijas","item":"https:\/\/www.veikals.teniss.lv\/"},{"@type":"ListItem","position":3,"name":"PADEL TENISA NOTEIKUMI"}]},{"@type":"WebSite","@id":"https:\/\/www.veikals.teniss.lv\/#website","url":"https:\/\/www.veikals.teniss.lv\/","name":"Tenisa veikals","description":"RAKE\u0160U SPORTA E-VEIKALS","publisher":{"@id":"https:\/\/www.veikals.teniss.lv\/#organization"},"potentialAction":[{"@type":"SearchAction","target":{"@type":"EntryPoint","urlTemplate":"https:\/\/www.veikals.teniss.lv\/?s={search_term_string}"},"query-input":{"@type":"PropertyValueSpecification","valueRequired":true,"valueName":"search_term_string"}}],"inLanguage":"lv-LV"},{"@type":"Organization","@id":"https:\/\/www.veikals.teniss.lv\/#organization","name":"Teniss.lv","url":"https:\/\/www.veikals.teniss.lv\/","logo":{"@type":"ImageObject","inLanguage":"lv-LV","@id":"https:\/\/www.veikals.teniss.lv\/#\/schema\/logo\/image\/","url":"https:\/\/www.veikals.teniss.lv\/wp-content\/uploads\/2021\/01\/cropped-babolat-logo1.png","contentUrl":"https:\/\/www.veikals.teniss.lv\/wp-content\/uploads\/2021\/01\/cropped-babolat-logo1.png","width":500,"height":125,"caption":"Teniss.lv"},"image":{"@id":"https:\/\/www.veikals.teniss.lv\/#\/schema\/logo\/image\/"}}]}},"_links":{"self":[{"href":"https:\/\/www.veikals.teniss.lv\/index.php\/wp-json\/wp\/v2\/product\/6189","targetHints":{"allow":["GET"]}}],"collection":[{"href":"https:\/\/www.veikals.teniss.lv\/index.php\/wp-json\/wp\/v2\/product"}],"about":[{"href":"https:\/\/www.veikals.teniss.lv\/index.php\/wp-json\/wp\/v2\/types\/product"}],"wp:featuredmedia":[{"embeddable":true,"href":"https:\/\/www.veikals.teniss.lv\/index.php\/wp-json\/wp\/v2\/media\/6190"}],"wp:attachment":[{"href":"https:\/\/www.veikals.teniss.lv\/index.php\/wp-json\/wp\/v2\/media?parent=6189"}],"wp:term":[{"taxonomy":"product_brand","embeddable":true,"href":"https:\/\/www.veikals.teniss.lv\/index.php\/wp-json\/wp\/v2\/product_brand?post=6189"},{"taxonomy":"product_cat","embeddable":true,"href":"https:\/\/www.veikals.teniss.lv\/index.php\/wp-json\/wp\/v2\/product_cat?post=6189"},{"taxonomy":"product_tag","embeddable":true,"href":"https:\/\/www.veikals.teniss.lv\/index.php\/wp-json\/wp\/v2\/product_tag?post=6189"}],"curies":[{"name":"wp","href":"https:\/\/api.w.org\/{rel}","templated":true}]}}