{"id":6187,"date":"2022-03-23T14:31:46","date_gmt":"2022-03-23T12:31:46","guid":{"rendered":"https:\/\/www.veikals.teniss.lv\/?post_type=product&#038;p=6187"},"modified":"2025-05-10T10:46:48","modified_gmt":"2025-05-10T07:46:48","slug":"padel-tenisa-vesture-2","status":"publish","type":"product","link":"https:\/\/www.veikals.teniss.lv\/index.php\/product\/padel-tenisa-vesture-2\/","title":{"rendered":"PADEL TENISA V\u0112STURE"},"content":{"rendered":"<p><strong>PADEL TENISA V\u0112STURE.<\/strong><br \/>\n1965. gad\u0101 k\u0101ds miljardieris v\u0101rd\u0101 Dons Enrike Corcuera no Akapulkas Meksik\u0101 uzb\u016bv\u0113ja tenisa laukumu sav\u0101 piem\u0101jas d\u0101rz\u0101 atbilsto\u0161i d\u0101rza lielumam. D\u0101rzs bija par mazu standarta tenisa laukumam un t\u0101 dzima Padel. Pirmais Padel tenisa laukums Eirop\u0101 tika uzcelts 1968. Gad\u0101 Sp\u0101nijas pils\u0113t\u0101 Marbella. No Sp\u0101nijas Padel sporta veids non\u0101ca ar\u012b Argent\u012bn\u0101 un jau \u0161odien sasniedz se\u0161us miljonus sp\u0113l\u0113t\u0101jus ar vair\u0101k k\u0101 40 000 Padel tenisa laukumu. Padel uzplauk\u0161ana Sp\u0101nij\u0101 s\u0101k\u0101s 90. Gadu vid\u016b Madrid\u0113, kur tagad atrodas 14 000 padel laukumi. 2017. Gad\u0101 tikai Sp\u0101nij\u0101 vien nodibin\u0101ti 60 000 padel sp\u0113l\u0113\u0161anas vietu.<\/p>\n<p>M\u016bsdien\u0101s Sp\u0101nija un Argent\u012bna ir vado\u0161\u0101s valstis Padel sport\u0101, un daudz valstu t\u0101m seko. It\u0101lij\u0101, Portug\u0101l\u0113 un Anglij\u0101 ir jau sp\u0113c\u012bgi klubi. P\u0113d\u0113jos gados padel popularit\u0101te sasniedza Zieme\u013ceiropu , piem\u0113ram, Zviedrij\u0101 uzb\u016bv\u0113ti apm\u0113ram 100 padel laukumi un ar pl\u0101nu n\u0101ko\u0161ajos gados b\u016bv\u0113t tikpat daudz jaunu laukumu. M\u016bsu kaimi\u0146i ar\u012b ir akt\u012bvi, Lietuva izveidojusi 30 laukumus un Tallina s\u0101k akt\u012bvi b\u016bv\u0113t skaistus iek\u0161telpu laukumus.<\/p>\n<p>&nbsp;<\/p>\n<p>PADEL TENISA SP\u0112LES NOTEIKUMI:<\/p>\n<div class=\"nv-iframe-embed\"><iframe title=\"Do you know how to play padel?\" width=\"1200\" height=\"675\" src=\"https:\/\/www.youtube.com\/embed\/xmUEpSrcEao?feature=oembed\" frameborder=\"0\" allow=\"accelerometer; autoplay; clipboard-write; encrypted-media; gyroscope; picture-in-picture\" allowfullscreen><\/iframe><\/div>\n<p style=\"text-align: center;\"><strong>Viss nepiecie\u0161amais padel tenisam nop\u0113rkams Babolat tenisa veikal\u0101, C\u0113su iel\u0101 31.<\/strong><\/p>\n<p>&nbsp;<\/p>\n<p><strong>Babolat tenisa veikals<\/strong>\u2013 Barons kvart\u0101ls, C\u0113su iela 31, R\u012bga!<\/p>\n<p><strong>Darba laiks:<\/strong><\/p>\n<p>Darba dien\u0101s: 10:00-19:00<br \/>\nSestdien\u0101s: 10:00-16:00<br \/>\nSv\u0113tdien\u0101s: sl\u0113gts<\/p>\n<p>Veikala telefons: 29477903<\/p>\n","protected":false},"excerpt":{"rendered":"<p>PADEL TENISA V\u0112STURE. 1965. gad\u0101 k\u0101ds miljardieris v\u0101rd\u0101 Dons Enrike Corcuera no Akapulkas Meksik\u0101 uzb\u016bv\u0113ja tenisa laukumu sav\u0101 piem\u0101jas d\u0101rz\u0101 atbilsto\u0161i d\u0101rza lielumam. D\u0101rzs bija par mazu standarta tenisa laukumam un t\u0101 dzima Padel. Pirmais Padel tenisa laukums Eirop\u0101 tika uzcelts 1968. Gad\u0101 Sp\u0101nijas pils\u0113t\u0101 Marbella. No Sp\u0101nijas Padel sporta veids non\u0101ca ar\u012b Argent\u012bn\u0101 un&hellip;&nbsp;<a href=\"https:\/\/www.veikals.teniss.lv\/index.php\/product\/padel-tenisa-vesture-2\/\" rel=\"bookmark\">Read More &raquo;<span class=\"screen-reader-text\">PADEL TENISA V\u0112STURE<\/span><\/a><\/p>\n","protected":false},"featured_media":6188,"template":"","meta":{"neve_meta_sidebar":"","neve_meta_container":"","neve_meta_enable_content_width":"off","neve_meta_content_width":0,"neve_meta_title_alignment":"","neve_meta_author_avatar":"","neve_post_elements_order":"","neve_meta_disable_header":"","neve_meta_disable_footer":"","neve_meta_disable_title":"","_links_to":"","_links_to_target":""},"product_brand":[],"product_cat":[164,163,166,165,56,43],"product_tag":[],"class_list":{"0":"post-6187","1":"product","2":"type-product","3":"status-publish","4":"has-post-thumbnail","6":"product_cat-adidas-padel","7":"product_cat-babolat-padel","8":"product_cat-head-padel","9":"product_cat-nox-padel","10":"product_cat-apavi-padel-teniss","11":"product_cat-raketes-un-bumbinas","13":"first","14":"instock","15":"taxable","16":"shipping-taxable","17":"product-type-simple"},"yoast_head":"<!-- This site is optimized with the Yoast SEO plugin v27.3 - https:\/\/yoast.com\/product\/yoast-seo-wordpress\/ -->\n<title>PADEL TENISA V\u0112STURE - Tenisa veikals Teniss.lv<\/title>\n<meta name=\"description\" content=\"Padel tenisa v\u0113sture. Uzzini vair\u0101k par padel tenisu. Padel tenisa veikals - R\u012bg\u0101, C\u0113su iel\u0101 31, Barons kvart\u0101ls.\" \/>\n<meta name=\"robots\" content=\"index, follow, max-snippet:-1, max-image-preview:large, max-video-preview:-1\" \/>\n<link rel=\"canonical\" href=\"https:\/\/www.veikals.teniss.lv\/index.php\/product\/padel-tenisa-vesture-2\/\" \/>\n<meta property=\"og:locale\" content=\"lv_LV\" \/>\n<meta property=\"og:type\" content=\"article\" \/>\n<meta property=\"og:title\" content=\"PADEL TENISA V\u0112STURE - Tenisa veikals Teniss.lv\" \/>\n<meta property=\"og:description\" content=\"Padel tenisa v\u0113sture. Uzzini vair\u0101k par padel tenisu. Padel tenisa veikals - R\u012bg\u0101, C\u0113su iel\u0101 31, Barons kvart\u0101ls.\" \/>\n<meta property=\"og:url\" content=\"https:\/\/www.veikals.teniss.lv\/index.php\/product\/padel-tenisa-vesture-2\/\" \/>\n<meta property=\"og:site_name\" content=\"Tenisa veikals\" \/>\n<meta property=\"article:modified_time\" content=\"2025-05-10T07:46:48+00:00\" \/>\n<meta property=\"og:image\" content=\"http:\/\/www.veikals.teniss.lv\/wp-content\/uploads\/2022\/03\/padel_tenisa_vesture.jpg\" \/>\n\t<meta property=\"og:image:width\" content=\"480\" \/>\n\t<meta property=\"og:image:height\" content=\"338\" \/>\n\t<meta property=\"og:image:type\" content=\"image\/jpeg\" \/>\n<meta name=\"twitter:card\" content=\"summary_large_image\" \/>\n<meta name=\"twitter:label1\" content=\"Est. reading time\" \/>\n\t<meta name=\"twitter:data1\" content=\"1 min\u016bte\" \/>\n<script type=\"application\/ld+json\" class=\"yoast-schema-graph\">{\"@context\":\"https:\\\/\\\/schema.org\",\"@graph\":[{\"@type\":\"WebPage\",\"@id\":\"https:\\\/\\\/www.veikals.teniss.lv\\\/index.php\\\/product\\\/padel-tenisa-vesture-2\\\/\",\"url\":\"https:\\\/\\\/www.veikals.teniss.lv\\\/index.php\\\/product\\\/padel-tenisa-vesture-2\\\/\",\"name\":\"PADEL TENISA V\u0112STURE - Tenisa veikals Teniss.lv\",\"isPartOf\":{\"@id\":\"https:\\\/\\\/www.veikals.teniss.lv\\\/#website\"},\"primaryImageOfPage\":{\"@id\":\"https:\\\/\\\/www.veikals.teniss.lv\\\/index.php\\\/product\\\/padel-tenisa-vesture-2\\\/#primaryimage\"},\"image\":{\"@id\":\"https:\\\/\\\/www.veikals.teniss.lv\\\/index.php\\\/product\\\/padel-tenisa-vesture-2\\\/#primaryimage\"},\"thumbnailUrl\":\"https:\\\/\\\/www.veikals.teniss.lv\\\/wp-content\\\/uploads\\\/2022\\\/03\\\/padel_tenisa_vesture.jpg\",\"datePublished\":\"2022-03-23T12:31:46+00:00\",\"dateModified\":\"2025-05-10T07:46:48+00:00\",\"description\":\"Padel tenisa v\u0113sture. Uzzini vair\u0101k par padel tenisu. Padel tenisa veikals - R\u012bg\u0101, C\u0113su iel\u0101 31, Barons kvart\u0101ls.\",\"breadcrumb\":{\"@id\":\"https:\\\/\\\/www.veikals.teniss.lv\\\/index.php\\\/product\\\/padel-tenisa-vesture-2\\\/#breadcrumb\"},\"inLanguage\":\"lv-LV\",\"potentialAction\":[{\"@type\":\"ReadAction\",\"target\":[\"https:\\\/\\\/www.veikals.teniss.lv\\\/index.php\\\/product\\\/padel-tenisa-vesture-2\\\/\"]}]},{\"@type\":\"ImageObject\",\"inLanguage\":\"lv-LV\",\"@id\":\"https:\\\/\\\/www.veikals.teniss.lv\\\/index.php\\\/product\\\/padel-tenisa-vesture-2\\\/#primaryimage\",\"url\":\"https:\\\/\\\/www.veikals.teniss.lv\\\/wp-content\\\/uploads\\\/2022\\\/03\\\/padel_tenisa_vesture.jpg\",\"contentUrl\":\"https:\\\/\\\/www.veikals.teniss.lv\\\/wp-content\\\/uploads\\\/2022\\\/03\\\/padel_tenisa_vesture.jpg\",\"width\":480,\"height\":338},{\"@type\":\"BreadcrumbList\",\"@id\":\"https:\\\/\\\/www.veikals.teniss.lv\\\/index.php\\\/product\\\/padel-tenisa-vesture-2\\\/#breadcrumb\",\"itemListElement\":[{\"@type\":\"ListItem\",\"position\":1,\"name\":\"Home\",\"item\":\"https:\\\/\\\/www.veikals.teniss.lv\\\/\"},{\"@type\":\"ListItem\",\"position\":2,\"name\":\"Kategorijas\",\"item\":\"https:\\\/\\\/www.veikals.teniss.lv\\\/\"},{\"@type\":\"ListItem\",\"position\":3,\"name\":\"PADEL TENISA V\u0112STURE\"}]},{\"@type\":\"WebSite\",\"@id\":\"https:\\\/\\\/www.veikals.teniss.lv\\\/#website\",\"url\":\"https:\\\/\\\/www.veikals.teniss.lv\\\/\",\"name\":\"Tenisa veikals\",\"description\":\"RAKE\u0160U SPORTA E-VEIKALS\",\"publisher\":{\"@id\":\"https:\\\/\\\/www.veikals.teniss.lv\\\/#organization\"},\"potentialAction\":[{\"@type\":\"SearchAction\",\"target\":{\"@type\":\"EntryPoint\",\"urlTemplate\":\"https:\\\/\\\/www.veikals.teniss.lv\\\/?s={search_term_string}\"},\"query-input\":{\"@type\":\"PropertyValueSpecification\",\"valueRequired\":true,\"valueName\":\"search_term_string\"}}],\"inLanguage\":\"lv-LV\"},{\"@type\":\"Organization\",\"@id\":\"https:\\\/\\\/www.veikals.teniss.lv\\\/#organization\",\"name\":\"Teniss.lv\",\"url\":\"https:\\\/\\\/www.veikals.teniss.lv\\\/\",\"logo\":{\"@type\":\"ImageObject\",\"inLanguage\":\"lv-LV\",\"@id\":\"https:\\\/\\\/www.veikals.teniss.lv\\\/#\\\/schema\\\/logo\\\/image\\\/\",\"url\":\"https:\\\/\\\/www.veikals.teniss.lv\\\/wp-content\\\/uploads\\\/2021\\\/01\\\/cropped-babolat-logo1.png\",\"contentUrl\":\"https:\\\/\\\/www.veikals.teniss.lv\\\/wp-content\\\/uploads\\\/2021\\\/01\\\/cropped-babolat-logo1.png\",\"width\":500,\"height\":125,\"caption\":\"Teniss.lv\"},\"image\":{\"@id\":\"https:\\\/\\\/www.veikals.teniss.lv\\\/#\\\/schema\\\/logo\\\/image\\\/\"}}]}<\/script>\n<!-- \/ Yoast SEO plugin. -->","yoast_head_json":{"title":"PADEL TENISA V\u0112STURE - Tenisa veikals Teniss.lv","description":"Padel tenisa v\u0113sture. Uzzini vair\u0101k par padel tenisu. Padel tenisa veikals - R\u012bg\u0101, C\u0113su iel\u0101 31, Barons kvart\u0101ls.","robots":{"index":"index","follow":"follow","max-snippet":"max-snippet:-1","max-image-preview":"max-image-preview:large","max-video-preview":"max-video-preview:-1"},"canonical":"https:\/\/www.veikals.teniss.lv\/index.php\/product\/padel-tenisa-vesture-2\/","og_locale":"lv_LV","og_type":"article","og_title":"PADEL TENISA V\u0112STURE - Tenisa veikals Teniss.lv","og_description":"Padel tenisa v\u0113sture. Uzzini vair\u0101k par padel tenisu. Padel tenisa veikals - R\u012bg\u0101, C\u0113su iel\u0101 31, Barons kvart\u0101ls.","og_url":"https:\/\/www.veikals.teniss.lv\/index.php\/product\/padel-tenisa-vesture-2\/","og_site_name":"Tenisa veikals","article_modified_time":"2025-05-10T07:46:48+00:00","og_image":[{"width":480,"height":338,"url":"http:\/\/www.veikals.teniss.lv\/wp-content\/uploads\/2022\/03\/padel_tenisa_vesture.jpg","type":"image\/jpeg"}],"twitter_card":"summary_large_image","twitter_misc":{"Est. reading time":"1 min\u016bte"},"schema":{"@context":"https:\/\/schema.org","@graph":[{"@type":"WebPage","@id":"https:\/\/www.veikals.teniss.lv\/index.php\/product\/padel-tenisa-vesture-2\/","url":"https:\/\/www.veikals.teniss.lv\/index.php\/product\/padel-tenisa-vesture-2\/","name":"PADEL TENISA V\u0112STURE - Tenisa veikals Teniss.lv","isPartOf":{"@id":"https:\/\/www.veikals.teniss.lv\/#website"},"primaryImageOfPage":{"@id":"https:\/\/www.veikals.teniss.lv\/index.php\/product\/padel-tenisa-vesture-2\/#primaryimage"},"image":{"@id":"https:\/\/www.veikals.teniss.lv\/index.php\/product\/padel-tenisa-vesture-2\/#primaryimage"},"thumbnailUrl":"https:\/\/www.veikals.teniss.lv\/wp-content\/uploads\/2022\/03\/padel_tenisa_vesture.jpg","datePublished":"2022-03-23T12:31:46+00:00","dateModified":"2025-05-10T07:46:48+00:00","description":"Padel tenisa v\u0113sture. Uzzini vair\u0101k par padel tenisu. Padel tenisa veikals - R\u012bg\u0101, C\u0113su iel\u0101 31, Barons kvart\u0101ls.","breadcrumb":{"@id":"https:\/\/www.veikals.teniss.lv\/index.php\/product\/padel-tenisa-vesture-2\/#breadcrumb"},"inLanguage":"lv-LV","potentialAction":[{"@type":"ReadAction","target":["https:\/\/www.veikals.teniss.lv\/index.php\/product\/padel-tenisa-vesture-2\/"]}]},{"@type":"ImageObject","inLanguage":"lv-LV","@id":"https:\/\/www.veikals.teniss.lv\/index.php\/product\/padel-tenisa-vesture-2\/#primaryimage","url":"https:\/\/www.veikals.teniss.lv\/wp-content\/uploads\/2022\/03\/padel_tenisa_vesture.jpg","contentUrl":"https:\/\/www.veikals.teniss.lv\/wp-content\/uploads\/2022\/03\/padel_tenisa_vesture.jpg","width":480,"height":338},{"@type":"BreadcrumbList","@id":"https:\/\/www.veikals.teniss.lv\/index.php\/product\/padel-tenisa-vesture-2\/#breadcrumb","itemListElement":[{"@type":"ListItem","position":1,"name":"Home","item":"https:\/\/www.veikals.teniss.lv\/"},{"@type":"ListItem","position":2,"name":"Kategorijas","item":"https:\/\/www.veikals.teniss.lv\/"},{"@type":"ListItem","position":3,"name":"PADEL TENISA V\u0112STURE"}]},{"@type":"WebSite","@id":"https:\/\/www.veikals.teniss.lv\/#website","url":"https:\/\/www.veikals.teniss.lv\/","name":"Tenisa veikals","description":"RAKE\u0160U SPORTA E-VEIKALS","publisher":{"@id":"https:\/\/www.veikals.teniss.lv\/#organization"},"potentialAction":[{"@type":"SearchAction","target":{"@type":"EntryPoint","urlTemplate":"https:\/\/www.veikals.teniss.lv\/?s={search_term_string}"},"query-input":{"@type":"PropertyValueSpecification","valueRequired":true,"valueName":"search_term_string"}}],"inLanguage":"lv-LV"},{"@type":"Organization","@id":"https:\/\/www.veikals.teniss.lv\/#organization","name":"Teniss.lv","url":"https:\/\/www.veikals.teniss.lv\/","logo":{"@type":"ImageObject","inLanguage":"lv-LV","@id":"https:\/\/www.veikals.teniss.lv\/#\/schema\/logo\/image\/","url":"https:\/\/www.veikals.teniss.lv\/wp-content\/uploads\/2021\/01\/cropped-babolat-logo1.png","contentUrl":"https:\/\/www.veikals.teniss.lv\/wp-content\/uploads\/2021\/01\/cropped-babolat-logo1.png","width":500,"height":125,"caption":"Teniss.lv"},"image":{"@id":"https:\/\/www.veikals.teniss.lv\/#\/schema\/logo\/image\/"}}]}},"_links":{"self":[{"href":"https:\/\/www.veikals.teniss.lv\/index.php\/wp-json\/wp\/v2\/product\/6187","targetHints":{"allow":["GET"]}}],"collection":[{"href":"https:\/\/www.veikals.teniss.lv\/index.php\/wp-json\/wp\/v2\/product"}],"about":[{"href":"https:\/\/www.veikals.teniss.lv\/index.php\/wp-json\/wp\/v2\/types\/product"}],"wp:featuredmedia":[{"embeddable":true,"href":"https:\/\/www.veikals.teniss.lv\/index.php\/wp-json\/wp\/v2\/media\/6188"}],"wp:attachment":[{"href":"https:\/\/www.veikals.teniss.lv\/index.php\/wp-json\/wp\/v2\/media?parent=6187"}],"wp:term":[{"taxonomy":"product_brand","embeddable":true,"href":"https:\/\/www.veikals.teniss.lv\/index.php\/wp-json\/wp\/v2\/product_brand?post=6187"},{"taxonomy":"product_cat","embeddable":true,"href":"https:\/\/www.veikals.teniss.lv\/index.php\/wp-json\/wp\/v2\/product_cat?post=6187"},{"taxonomy":"product_tag","embeddable":true,"href":"https:\/\/www.veikals.teniss.lv\/index.php\/wp-json\/wp\/v2\/product_tag?post=6187"}],"curies":[{"name":"wp","href":"https:\/\/api.w.org\/{rel}","templated":true}]}}