{"id":17073,"date":"2026-02-06T12:36:43","date_gmt":"2026-02-06T10:36:43","guid":{"rendered":"https:\/\/www.veikals.teniss.lv\/?post_type=product&#038;p=17073"},"modified":"2026-03-07T15:12:28","modified_gmt":"2026-03-07T13:12:28","slug":"ml10-ventus-control-3k-by-miguel-lamperti","status":"publish","type":"product","link":"https:\/\/www.veikals.teniss.lv\/index.php\/product\/ml10-ventus-control-3k-by-miguel-lamperti\/","title":{"rendered":"ML10 Ventus Control 3K by Miguel Lamperti"},"content":{"rendered":"<p><strong>ML10 Ventus Control 3K by Miguel Lamperti<\/strong> \u2014 augstas klases padel rakete ar izcilu kontroli un precizit\u0101ti taktiskai sp\u0113lei.<\/p>\n<h3>\ud83d\udccb Tehnisk\u0101 specifik\u0101cija<\/h3>\n<table>\n<thead>\n<tr>\n<th><strong>\u012apa\u0161\u012bba<\/strong><\/th>\n<th><strong>Deta\u013ca<\/strong><\/th>\n<\/tr>\n<\/thead>\n<tbody>\n<tr>\n<td><strong>Svars<\/strong><\/td>\n<td>360\u2013375 g<\/td>\n<\/tr>\n<tr>\n<td><strong>Forma<\/strong><\/td>\n<td>Apa\u013ca (<em>Round<\/em>)<\/td>\n<\/tr>\n<tr>\n<td><strong>Biezums (Beam)<\/strong><\/td>\n<td>38 mm<\/td>\n<\/tr>\n<tr>\n<td><strong>R\u0101mis<\/strong><\/td>\n<td>Carbon (oglek\u013ca \u0161\u0137iedra)<\/td>\n<\/tr>\n<tr>\n<td><strong>Kodols<\/strong><\/td>\n<td>HR3 Color EVA<\/td>\n<\/tr>\n<tr>\n<td><strong>Virsmaterials<\/strong><\/td>\n<td>Carbon Fiber 3K<\/td>\n<\/tr>\n<tr>\n<td><strong>Pavir\u0161s<\/strong><\/td>\n<td>Dual Spin (rau\u0123a tekst\u016bra)<\/td>\n<\/tr>\n<tr>\n<td><strong>L\u012bmenis<\/strong><\/td>\n<td>Advanced \/ Pro<\/td>\n<\/tr>\n<tr>\n<td><strong>Sp\u0113les stils<\/strong><\/td>\n<td>Kontroli un precizit\u0101ti orient\u0113ta<\/td>\n<\/tr>\n<\/tbody>\n<\/table>\n<p>\ud83d\udc49 \u0160\u012b rakete nodro\u0161ina pla\u0161u <em>sweet spot<\/em>, stabilu svara sadal\u012bjumu un prec\u012bzu bumbas kontroli katr\u0101 sitien\u0101 \u2014 ide\u0101la izv\u0113le sp\u0113l\u0113t\u0101jiem, kas fokus\u0113jas uz taktisku sp\u0113li un ritma dikt\u0113\u0161anu laukum\u0101.<\/p>\n<hr \/>\n<p>LASI AR\u012a M\u016aSU SAGATAVOTO RAKSTU: <a href=\"https:\/\/www.teniss.lv\/ka-izveleties-sev-piemerotako-padel-tenisa-raketi\/\">K\u0100 IZV\u0112L\u0112TIES SEV PIEM\u0112ROT\u0100KO PADEL TENISA RAKETI?<\/a><\/p>\n<p><strong>Ieg\u0101d\u0101jies preces m\u016bsu internetveikal\u0101 uz izv\u0113lies sev \u0113rt\u0101ko pieg\u0101des veidu!\u00a0<\/strong><\/p>\n<p><strong>Pieg\u0101des veidi un cenas:\u00a0<\/strong><\/p>\n<ul>\n<li>Sa\u0146emt preci Babolat veikal\u0101 \u2013\u00a0<strong>BEZMAKSAS<\/strong><\/li>\n<li>Sa\u0146emt preci Omniva pakom\u0101t\u0101 \u2013\u00a0<strong>1,99 EUR<\/strong><\/li>\n<li>Sa\u0146emt preci ar pieg\u0101di uz m\u0101j\u0101m \u2013\u00a0<strong>9,99 EUR<\/strong><\/li>\n<\/ul>\n<p><strong>Ieg\u0101d\u0101joties preces virs 100 EUR, pieg\u0101de Omniva pakom\u0101t\u0101 \u2013 BEZMAKSAS!\u00a0<\/strong><\/p>\n<p>Uzzin\u0101t vair\u0101k par apmaksas veidiem:\u00a0<a href=\"https:\/\/www.teniss.lv\/apmaksas-veidi\/\">APMAKSAS VEIDI<\/a><\/p>\n<p>Uzzin\u0101t vair\u0101k par garantijas nosac\u012bjumiem un atgrie\u0161anas iesp\u0113j\u0101m:\u00a0<a href=\"https:\/\/www.teniss.lv\/garantija-un-atgriesana\/\">GARANTIJA UN ATGRIE\u0160ANA<\/a><\/p>\n<h6><strong>BABOLAT TENISA VEIKALS<\/strong>\u2013\u00a0<strong>R\u012aG\u0100, C\u0112SU IEL\u0100 31. VISS NEPIECIE\u0160AMAIS TENISAM.\u00a0<\/strong><\/h6>\n<p><strong><a href=\"https:\/\/www.teniss.lv\/kontakti\/\">K\u0101 nok\u013c\u016bt?\u00a0<\/a><\/strong><\/p>\n<p><span lang=\"lv\"><strong>Babolat<\/strong>\u00a0ir fran\u010du izcelsmes \u0123imenes uz\u0146\u0113mums, kas savu darb\u012bbu aizs\u0101cis jau 1875. gad\u0101, kad teniss un badmintons v\u0113l bija tikai s\u0101kuma stadij\u0101. Ar gandr\u012bz 150 gadu laik\u0101 uzkr\u0101to pieredzi, Babolat ir viens no vec\u0101kajiem un profesion\u0101l\u0101kajiem staurptautiskajiem sporta z\u012bmoliem pasaul\u0113, kas specializ\u0113jas rake\u0161u sport\u0101. Gadu laik\u0101 v\u0113rojot un analiz\u0113jot sp\u0113les, Babolat m\u0113r\u0137is ir rast ar vien lab\u0101kus risin\u0101jumus un uzlabjumus, lai ieg\u016btu maksim\u0101lo kvalit\u0101ti sp\u0113l\u0113, piel\u0101gojoties sp\u0113les stiliem, k\u0101 ar\u012b sp\u0113l\u0113t\u0101ju l\u012bme\u0146iem un vecumiem. Babolat ir izveidojis lieliskas sadarb\u012bbas ar t\u0101diem profesion\u0101liem tenisa sp\u0113l\u0113t\u0101jiem k\u0101 Rafael Nadal un Stephan Houdet, profesion\u0101liem badmintona sp\u0113l\u0113t\u0101jiem Chloe Birch un Hongyan Pi un izcilu padel tenisa sp\u0113l\u0113t\u0101ju Juan Lebron.\u00a0<\/span><\/p>\n<p>Vair\u0101k par Babolat uz\u0146\u0113muma ideju skaties \u0161eit:<\/p>\n<p><a href=\"https:\/\/www.youtube.com\/watch?v=gDcapYFEx_Q\">VIDEO: BABOLAT<\/a><\/p>\n","protected":false},"excerpt":{"rendered":"<p>ML10 Ventus Control 3K by Miguel Lamperti \u2014 augstas klases padel rakete ar izcilu kontroli un precizit\u0101ti taktiskai sp\u0113lei. \ud83d\udccb Tehnisk\u0101 specifik\u0101cija \u012apa\u0161\u012bba Deta\u013ca Svars 360\u2013375 g Forma Apa\u013ca (Round) Biezums (Beam) 38 mm R\u0101mis Carbon (oglek\u013ca \u0161\u0137iedra) Kodols HR3 Color EVA Virsmaterials Carbon Fiber 3K Pavir\u0161s Dual Spin (rau\u0123a tekst\u016bra) L\u012bmenis Advanced \/ Pro&hellip;&nbsp;<a href=\"https:\/\/www.veikals.teniss.lv\/index.php\/product\/ml10-ventus-control-3k-by-miguel-lamperti\/\" rel=\"bookmark\">Read More &raquo;<span class=\"screen-reader-text\">ML10 Ventus Control 3K by Miguel Lamperti<\/span><\/a><\/p>\n","protected":false},"featured_media":17074,"template":"","meta":{"neve_meta_sidebar":"","neve_meta_container":"","neve_meta_enable_content_width":"off","neve_meta_content_width":70,"neve_meta_title_alignment":"","neve_meta_author_avatar":"","neve_post_elements_order":"","neve_meta_disable_header":"","neve_meta_disable_footer":"","neve_meta_disable_title":"","_links_to":"","_links_to_target":""},"product_brand":[],"product_cat":[16,165,42,43],"product_tag":[],"class_list":{"0":"post-17073","1":"product","2":"type-product","3":"status-publish","4":"has-post-thumbnail","6":"product_cat-akcijas-preces","7":"product_cat-nox-padel","8":"product_cat-padel-teniss","9":"product_cat-raketes-un-bumbinas","11":"first","12":"outofstock","13":"sale","14":"taxable","15":"shipping-taxable","16":"purchasable","17":"product-type-simple"},"yoast_head":"<!-- This site is optimized with the Yoast SEO plugin v27.3 - https:\/\/yoast.com\/product\/yoast-seo-wordpress\/ -->\n<title>ML10 Ventus Control 3K by Miguel Lamperti Padel veikals<\/title>\n<meta name=\"description\" content=\"NOX Luxury series AT10 Genius 18K - Dimanta formas raketes, kas sniedz maksim\u0101lu jaudu un uzbrukuma stila sp\u0113l\u0113t\u0101jiem, kas v\u0113las domin\u0113t kort\u0101. Teniss.lv\" \/>\n<meta name=\"robots\" content=\"index, follow, max-snippet:-1, max-image-preview:large, max-video-preview:-1\" \/>\n<link rel=\"canonical\" href=\"https:\/\/www.veikals.teniss.lv\/index.php\/product\/ml10-ventus-control-3k-by-miguel-lamperti\/\" \/>\n<meta property=\"og:locale\" content=\"lv_LV\" \/>\n<meta property=\"og:type\" content=\"article\" \/>\n<meta property=\"og:title\" content=\"ML10 Ventus Control 3K by Miguel Lamperti Padel veikals\" \/>\n<meta property=\"og:description\" content=\"NOX Luxury series AT10 Genius 18K - Dimanta formas raketes, kas sniedz maksim\u0101lu jaudu un uzbrukuma stila sp\u0113l\u0113t\u0101jiem, kas v\u0113las domin\u0113t kort\u0101. Teniss.lv\" \/>\n<meta property=\"og:url\" content=\"https:\/\/www.veikals.teniss.lv\/index.php\/product\/ml10-ventus-control-3k-by-miguel-lamperti\/\" \/>\n<meta property=\"og:site_name\" content=\"Tenisa veikals\" \/>\n<meta property=\"article:modified_time\" content=\"2026-03-07T13:12:28+00:00\" \/>\n<meta property=\"og:image\" content=\"http:\/\/www.veikals.teniss.lv\/wp-content\/uploads\/2026\/02\/ml10-ventus-control-3k-by-miguel-lamperti-pml10ventus326-8435778902690-1107820.webp\" \/>\n\t<meta property=\"og:image:width\" content=\"720\" \/>\n\t<meta property=\"og:image:height\" content=\"720\" \/>\n\t<meta property=\"og:image:type\" content=\"image\/webp\" \/>\n<meta name=\"twitter:card\" content=\"summary_large_image\" \/>\n<meta name=\"twitter:label1\" content=\"Est. reading time\" \/>\n\t<meta name=\"twitter:data1\" content=\"2 min\u016btes\" \/>\n<script type=\"application\/ld+json\" class=\"yoast-schema-graph\">{\"@context\":\"https:\\\/\\\/schema.org\",\"@graph\":[{\"@type\":\"WebPage\",\"@id\":\"https:\\\/\\\/www.veikals.teniss.lv\\\/index.php\\\/product\\\/ml10-ventus-control-3k-by-miguel-lamperti\\\/\",\"url\":\"https:\\\/\\\/www.veikals.teniss.lv\\\/index.php\\\/product\\\/ml10-ventus-control-3k-by-miguel-lamperti\\\/\",\"name\":\"ML10 Ventus Control 3K by Miguel Lamperti Padel veikals\",\"isPartOf\":{\"@id\":\"https:\\\/\\\/www.veikals.teniss.lv\\\/#website\"},\"primaryImageOfPage\":{\"@id\":\"https:\\\/\\\/www.veikals.teniss.lv\\\/index.php\\\/product\\\/ml10-ventus-control-3k-by-miguel-lamperti\\\/#primaryimage\"},\"image\":{\"@id\":\"https:\\\/\\\/www.veikals.teniss.lv\\\/index.php\\\/product\\\/ml10-ventus-control-3k-by-miguel-lamperti\\\/#primaryimage\"},\"thumbnailUrl\":\"https:\\\/\\\/www.veikals.teniss.lv\\\/wp-content\\\/uploads\\\/2026\\\/02\\\/ml10-ventus-control-3k-by-miguel-lamperti-pml10ventus326-8435778902690-1107820.webp\",\"datePublished\":\"2026-02-06T10:36:43+00:00\",\"dateModified\":\"2026-03-07T13:12:28+00:00\",\"description\":\"NOX Luxury series AT10 Genius 18K - Dimanta formas raketes, kas sniedz maksim\u0101lu jaudu un uzbrukuma stila sp\u0113l\u0113t\u0101jiem, kas v\u0113las domin\u0113t kort\u0101. Teniss.lv\",\"breadcrumb\":{\"@id\":\"https:\\\/\\\/www.veikals.teniss.lv\\\/index.php\\\/product\\\/ml10-ventus-control-3k-by-miguel-lamperti\\\/#breadcrumb\"},\"inLanguage\":\"lv-LV\",\"potentialAction\":[{\"@type\":\"ReadAction\",\"target\":[\"https:\\\/\\\/www.veikals.teniss.lv\\\/index.php\\\/product\\\/ml10-ventus-control-3k-by-miguel-lamperti\\\/\"]}]},{\"@type\":\"ImageObject\",\"inLanguage\":\"lv-LV\",\"@id\":\"https:\\\/\\\/www.veikals.teniss.lv\\\/index.php\\\/product\\\/ml10-ventus-control-3k-by-miguel-lamperti\\\/#primaryimage\",\"url\":\"https:\\\/\\\/www.veikals.teniss.lv\\\/wp-content\\\/uploads\\\/2026\\\/02\\\/ml10-ventus-control-3k-by-miguel-lamperti-pml10ventus326-8435778902690-1107820.webp\",\"contentUrl\":\"https:\\\/\\\/www.veikals.teniss.lv\\\/wp-content\\\/uploads\\\/2026\\\/02\\\/ml10-ventus-control-3k-by-miguel-lamperti-pml10ventus326-8435778902690-1107820.webp\",\"width\":720,\"height\":720},{\"@type\":\"BreadcrumbList\",\"@id\":\"https:\\\/\\\/www.veikals.teniss.lv\\\/index.php\\\/product\\\/ml10-ventus-control-3k-by-miguel-lamperti\\\/#breadcrumb\",\"itemListElement\":[{\"@type\":\"ListItem\",\"position\":1,\"name\":\"Home\",\"item\":\"https:\\\/\\\/www.veikals.teniss.lv\\\/\"},{\"@type\":\"ListItem\",\"position\":2,\"name\":\"Kategorijas\",\"item\":\"https:\\\/\\\/www.veikals.teniss.lv\\\/\"},{\"@type\":\"ListItem\",\"position\":3,\"name\":\"ML10 Ventus Control 3K by Miguel Lamperti\"}]},{\"@type\":\"WebSite\",\"@id\":\"https:\\\/\\\/www.veikals.teniss.lv\\\/#website\",\"url\":\"https:\\\/\\\/www.veikals.teniss.lv\\\/\",\"name\":\"Tenisa veikals\",\"description\":\"RAKE\u0160U SPORTA E-VEIKALS\",\"publisher\":{\"@id\":\"https:\\\/\\\/www.veikals.teniss.lv\\\/#organization\"},\"potentialAction\":[{\"@type\":\"SearchAction\",\"target\":{\"@type\":\"EntryPoint\",\"urlTemplate\":\"https:\\\/\\\/www.veikals.teniss.lv\\\/?s={search_term_string}\"},\"query-input\":{\"@type\":\"PropertyValueSpecification\",\"valueRequired\":true,\"valueName\":\"search_term_string\"}}],\"inLanguage\":\"lv-LV\"},{\"@type\":\"Organization\",\"@id\":\"https:\\\/\\\/www.veikals.teniss.lv\\\/#organization\",\"name\":\"Teniss.lv\",\"url\":\"https:\\\/\\\/www.veikals.teniss.lv\\\/\",\"logo\":{\"@type\":\"ImageObject\",\"inLanguage\":\"lv-LV\",\"@id\":\"https:\\\/\\\/www.veikals.teniss.lv\\\/#\\\/schema\\\/logo\\\/image\\\/\",\"url\":\"https:\\\/\\\/www.veikals.teniss.lv\\\/wp-content\\\/uploads\\\/2021\\\/01\\\/cropped-babolat-logo1.png\",\"contentUrl\":\"https:\\\/\\\/www.veikals.teniss.lv\\\/wp-content\\\/uploads\\\/2021\\\/01\\\/cropped-babolat-logo1.png\",\"width\":500,\"height\":125,\"caption\":\"Teniss.lv\"},\"image\":{\"@id\":\"https:\\\/\\\/www.veikals.teniss.lv\\\/#\\\/schema\\\/logo\\\/image\\\/\"}}]}<\/script>\n<!-- \/ Yoast SEO plugin. -->","yoast_head_json":{"title":"ML10 Ventus Control 3K by Miguel Lamperti Padel veikals","description":"NOX Luxury series AT10 Genius 18K - Dimanta formas raketes, kas sniedz maksim\u0101lu jaudu un uzbrukuma stila sp\u0113l\u0113t\u0101jiem, kas v\u0113las domin\u0113t kort\u0101. Teniss.lv","robots":{"index":"index","follow":"follow","max-snippet":"max-snippet:-1","max-image-preview":"max-image-preview:large","max-video-preview":"max-video-preview:-1"},"canonical":"https:\/\/www.veikals.teniss.lv\/index.php\/product\/ml10-ventus-control-3k-by-miguel-lamperti\/","og_locale":"lv_LV","og_type":"article","og_title":"ML10 Ventus Control 3K by Miguel Lamperti Padel veikals","og_description":"NOX Luxury series AT10 Genius 18K - Dimanta formas raketes, kas sniedz maksim\u0101lu jaudu un uzbrukuma stila sp\u0113l\u0113t\u0101jiem, kas v\u0113las domin\u0113t kort\u0101. Teniss.lv","og_url":"https:\/\/www.veikals.teniss.lv\/index.php\/product\/ml10-ventus-control-3k-by-miguel-lamperti\/","og_site_name":"Tenisa veikals","article_modified_time":"2026-03-07T13:12:28+00:00","og_image":[{"width":720,"height":720,"url":"http:\/\/www.veikals.teniss.lv\/wp-content\/uploads\/2026\/02\/ml10-ventus-control-3k-by-miguel-lamperti-pml10ventus326-8435778902690-1107820.webp","type":"image\/webp"}],"twitter_card":"summary_large_image","twitter_misc":{"Est. reading time":"2 min\u016btes"},"schema":{"@context":"https:\/\/schema.org","@graph":[{"@type":"WebPage","@id":"https:\/\/www.veikals.teniss.lv\/index.php\/product\/ml10-ventus-control-3k-by-miguel-lamperti\/","url":"https:\/\/www.veikals.teniss.lv\/index.php\/product\/ml10-ventus-control-3k-by-miguel-lamperti\/","name":"ML10 Ventus Control 3K by Miguel Lamperti Padel veikals","isPartOf":{"@id":"https:\/\/www.veikals.teniss.lv\/#website"},"primaryImageOfPage":{"@id":"https:\/\/www.veikals.teniss.lv\/index.php\/product\/ml10-ventus-control-3k-by-miguel-lamperti\/#primaryimage"},"image":{"@id":"https:\/\/www.veikals.teniss.lv\/index.php\/product\/ml10-ventus-control-3k-by-miguel-lamperti\/#primaryimage"},"thumbnailUrl":"https:\/\/www.veikals.teniss.lv\/wp-content\/uploads\/2026\/02\/ml10-ventus-control-3k-by-miguel-lamperti-pml10ventus326-8435778902690-1107820.webp","datePublished":"2026-02-06T10:36:43+00:00","dateModified":"2026-03-07T13:12:28+00:00","description":"NOX Luxury series AT10 Genius 18K - Dimanta formas raketes, kas sniedz maksim\u0101lu jaudu un uzbrukuma stila sp\u0113l\u0113t\u0101jiem, kas v\u0113las domin\u0113t kort\u0101. Teniss.lv","breadcrumb":{"@id":"https:\/\/www.veikals.teniss.lv\/index.php\/product\/ml10-ventus-control-3k-by-miguel-lamperti\/#breadcrumb"},"inLanguage":"lv-LV","potentialAction":[{"@type":"ReadAction","target":["https:\/\/www.veikals.teniss.lv\/index.php\/product\/ml10-ventus-control-3k-by-miguel-lamperti\/"]}]},{"@type":"ImageObject","inLanguage":"lv-LV","@id":"https:\/\/www.veikals.teniss.lv\/index.php\/product\/ml10-ventus-control-3k-by-miguel-lamperti\/#primaryimage","url":"https:\/\/www.veikals.teniss.lv\/wp-content\/uploads\/2026\/02\/ml10-ventus-control-3k-by-miguel-lamperti-pml10ventus326-8435778902690-1107820.webp","contentUrl":"https:\/\/www.veikals.teniss.lv\/wp-content\/uploads\/2026\/02\/ml10-ventus-control-3k-by-miguel-lamperti-pml10ventus326-8435778902690-1107820.webp","width":720,"height":720},{"@type":"BreadcrumbList","@id":"https:\/\/www.veikals.teniss.lv\/index.php\/product\/ml10-ventus-control-3k-by-miguel-lamperti\/#breadcrumb","itemListElement":[{"@type":"ListItem","position":1,"name":"Home","item":"https:\/\/www.veikals.teniss.lv\/"},{"@type":"ListItem","position":2,"name":"Kategorijas","item":"https:\/\/www.veikals.teniss.lv\/"},{"@type":"ListItem","position":3,"name":"ML10 Ventus Control 3K by Miguel Lamperti"}]},{"@type":"WebSite","@id":"https:\/\/www.veikals.teniss.lv\/#website","url":"https:\/\/www.veikals.teniss.lv\/","name":"Tenisa veikals","description":"RAKE\u0160U SPORTA E-VEIKALS","publisher":{"@id":"https:\/\/www.veikals.teniss.lv\/#organization"},"potentialAction":[{"@type":"SearchAction","target":{"@type":"EntryPoint","urlTemplate":"https:\/\/www.veikals.teniss.lv\/?s={search_term_string}"},"query-input":{"@type":"PropertyValueSpecification","valueRequired":true,"valueName":"search_term_string"}}],"inLanguage":"lv-LV"},{"@type":"Organization","@id":"https:\/\/www.veikals.teniss.lv\/#organization","name":"Teniss.lv","url":"https:\/\/www.veikals.teniss.lv\/","logo":{"@type":"ImageObject","inLanguage":"lv-LV","@id":"https:\/\/www.veikals.teniss.lv\/#\/schema\/logo\/image\/","url":"https:\/\/www.veikals.teniss.lv\/wp-content\/uploads\/2021\/01\/cropped-babolat-logo1.png","contentUrl":"https:\/\/www.veikals.teniss.lv\/wp-content\/uploads\/2021\/01\/cropped-babolat-logo1.png","width":500,"height":125,"caption":"Teniss.lv"},"image":{"@id":"https:\/\/www.veikals.teniss.lv\/#\/schema\/logo\/image\/"}}]}},"_links":{"self":[{"href":"https:\/\/www.veikals.teniss.lv\/index.php\/wp-json\/wp\/v2\/product\/17073","targetHints":{"allow":["GET"]}}],"collection":[{"href":"https:\/\/www.veikals.teniss.lv\/index.php\/wp-json\/wp\/v2\/product"}],"about":[{"href":"https:\/\/www.veikals.teniss.lv\/index.php\/wp-json\/wp\/v2\/types\/product"}],"wp:featuredmedia":[{"embeddable":true,"href":"https:\/\/www.veikals.teniss.lv\/index.php\/wp-json\/wp\/v2\/media\/17074"}],"wp:attachment":[{"href":"https:\/\/www.veikals.teniss.lv\/index.php\/wp-json\/wp\/v2\/media?parent=17073"}],"wp:term":[{"taxonomy":"product_brand","embeddable":true,"href":"https:\/\/www.veikals.teniss.lv\/index.php\/wp-json\/wp\/v2\/product_brand?post=17073"},{"taxonomy":"product_cat","embeddable":true,"href":"https:\/\/www.veikals.teniss.lv\/index.php\/wp-json\/wp\/v2\/product_cat?post=17073"},{"taxonomy":"product_tag","embeddable":true,"href":"https:\/\/www.veikals.teniss.lv\/index.php\/wp-json\/wp\/v2\/product_tag?post=17073"}],"curies":[{"name":"wp","href":"https:\/\/api.w.org\/{rel}","templated":true}]}}