{"id":16936,"date":"2026-01-19T13:44:50","date_gmt":"2026-01-19T11:44:50","guid":{"rendered":"https:\/\/www.veikals.teniss.lv\/?post_type=product&#038;p=16936"},"modified":"2026-03-24T13:10:01","modified_gmt":"2026-03-24T11:10:01","slug":"pure-aero-98-gen9-305g","status":"publish","type":"product","link":"https:\/\/www.veikals.teniss.lv\/index.php\/product\/pure-aero-98-gen9-305g\/","title":{"rendered":"Pure Aero 98 Gen9 (305g)"},"content":{"rendered":"<p>Jaun\u0101 Babolat <strong>Pure Aero Gen9 2026<\/strong> s\u0113rija ir kl\u0101t!<\/p>\n<p>B\u016btiski uzlabojumi:<\/p>\n<ul>\n<li>Atjaunots un uzlabots r\u0101mja profils, jeb forma &#8211; papildus aerodinamika maksim\u0101lam griezienam (spin).<\/li>\n<li>Cie\u0161\u0101ks st\u012bgojums<strong>\u00a0<\/strong>pied\u0101v\u0101 lielisku l\u012bdzsvaru starp jaudu un kontroli.<\/li>\n<li>Uzlaboti plastmasi (grommets) &#8211; jauna dizaina un padzi\u013cin\u0101ti, kas lab\u0101k pasarg\u0101 st\u012bgas no berzes un nodiluma.<\/li>\n<li>Sal\u012bdzinot ar 2023.gada modeli &#8211; izdevies papla\u0161in\u0101t &#8220;<i data-path-to-node=\"8,0,0\" data-index-in-node=\"182\">sweet spot&#8221; <\/i>zonu, padarot raketi piedodo\u0161\u0101ku, ja bumba netiek tr\u0101p\u012bta pa\u0161\u0101 centr\u0101.<\/li>\n<\/ul>\n<p>Tehnolo\u0123ijas:<\/p>\n<ul>\n<li><strong>FSI SPIN<\/strong> &#8211; Woofer sist\u0113ma un optimiz\u0113tais st\u012bgojums pied\u0101v\u0101 maksim\u0101lu spin, palielinot kontaktu starp bumbu un st\u012bg\u0101m.<\/li>\n<li><strong>NF\u00b2 Tech<\/strong> &#8211; Raketes r\u0101mja svar\u012bg\u0101kaj\u0101s lok\u0101cij\u0101s integr\u0113ti lin\u0161\u0137iedru materi\u0101li, kas b\u016btiski mazina vibr\u0101cijas un veicina pat\u012bkam\u0101ku ska\u0146u sitiena br\u012bd\u012b.<\/li>\n<li><strong>SPIN GROMMETS<\/strong> &#8211; Aerodinamiskais r\u0101mis un specializ\u0113ti plastmasi, kas atbild par to, k\u0101 st\u012bgas mijiedarbojas ar raketes r\u0101mi kontakta br\u012bd\u012b un veicina griezes efektu.<\/li>\n<\/ul>\n<p><strong>Sp\u0113l\u0113t\u0101ja veids:<\/strong><\/p>\n<p>&#8211; Vid\u0113ja l\u012bme\u0146a un pieredz\u0113ju\u0161i sp\u0113l\u0113t\u0101ji, kuri mekl\u0113 maksim\u0101lu uzgriezienu(spin), jaudu un manerv\u0113tsp\u0113ju. Piem\u0113rota prasmig\u0101kiem sp\u0113l\u0113t\u0101jiem.<\/p>\n<table>\n<tbody>\n<tr>\n<td width=\"151\">Svars<\/td>\n<td width=\"123\">305g<\/td>\n<\/tr>\n<tr>\n<td width=\"151\">Galvas izm\u0113rs<\/td>\n<td width=\"123\">98 kv. collas<\/td>\n<\/tr>\n<tr>\n<td width=\"151\">Balanss<\/td>\n<td width=\"123\">315mm<\/td>\n<\/tr>\n<tr>\n<td width=\"151\">Ciet\u012bba<\/td>\n<td width=\"123\">69ra<\/td>\n<\/tr>\n<tr>\n<td width=\"151\">Garums<\/td>\n<td width=\"123\">685mm<\/td>\n<\/tr>\n<tr>\n<td width=\"151\">Materi\u0101ls<\/td>\n<td width=\"123\">Graf\u012bts<\/td>\n<\/tr>\n<tr>\n<td width=\"151\">St\u012bgu skaits<\/td>\n<td width=\"123\">16\/20<\/td>\n<\/tr>\n<\/tbody>\n<\/table>\n<p>Pieejami da\u017e\u0101di roktura izm\u0113ri.<\/p>\n<p>Cen\u0101 iek\u013cauta sast\u012bgota rakete. Raketei bez st\u012bg\u0101m- atlaide 10EUR.<\/p>\n<p>Vair\u0101k par jauno Aero s\u0113riju uzzini \u0161eit:<\/p>\n<p style=\"text-align: center;\"><strong>Ieg\u0101d\u0101jies preces m\u016bsu internetveikal\u0101 uz izv\u0113lies sev \u0113rt\u0101ko pieg\u0101des veidu!\u00a0<\/strong><\/p>\n<p><strong>Pieg\u0101des veidi un cenas:\u00a0<\/strong><\/p>\n<ul>\n<li>Sa\u0146emt preci Babolat veikal\u0101 \u2013\u00a0<strong>BEZMAKSAS<\/strong><\/li>\n<li>Sa\u0146emt preci Omniva pakom\u0101t\u0101 \u2013\u00a0<strong>1,99 EUR<\/strong><\/li>\n<li>Sa\u0146emt preci ar pieg\u0101di uz m\u0101j\u0101m \u2013\u00a0<strong>9,99 EUR<\/strong><\/li>\n<\/ul>\n<p><strong>Ieg\u0101d\u0101joties preces virs 100 EUR, pieg\u0101de Omniva pakom\u0101t\u0101 \u2013 BEZMAKSAS!\u00a0<\/strong><\/p>\n<p>Uzzin\u0101t vair\u0101k par apmaksas veidiem:\u00a0<a href=\"https:\/\/www.teniss.lv\/apmaksas-veidi\/\">APMAKSAS VEIDI<\/a><\/p>\n<p>Uzzin\u0101t vair\u0101k par garantijas nosac\u012bjumiem un atgrie\u0161anas iesp\u0113j\u0101m:\u00a0<a href=\"https:\/\/www.teniss.lv\/garantija-un-atgriesana\/\">GARANTIJA UN ATGRIE\u0160ANA<\/a><\/p>\n<h6 style=\"text-align: center;\"><strong>BABOLAT TENISA VEIKALS<\/strong>\u2013\u00a0<strong>R\u012aG\u0100, C\u0112SU IEL\u0100 31. VISS NEPIECIE\u0160AMAIS TENISAM.\u00a0<\/strong><\/h6>\n<p style=\"text-align: center;\"><strong><a href=\"https:\/\/www.teniss.lv\/kontakti\/\">K\u0101 nok\u013c\u016bt?\u00a0<\/a><\/strong><\/p>\n<p><span lang=\"lv\"><strong>Babolat<\/strong> ir fran\u010du izcelsmes \u0123imenes uz\u0146\u0113mums, kas savu darb\u012bbu aizs\u0101cis jau 1875. gad\u0101, kad teniss un badmintons v\u0113l bija tikai s\u0101kuma stadij\u0101. Ar gandr\u012bz 150 gadu laik\u0101 uzkr\u0101to pieredzi, Babolat ir viens no vec\u0101kajiem un profesion\u0101l\u0101kajiem staurptautiskajiem sporta z\u012bmoliem pasaul\u0113, kas specializ\u0113jas rake\u0161u sport\u0101. Gadu laik\u0101 v\u0113rojot un analiz\u0113jot sp\u0113les, Babolat m\u0113r\u0137is ir rast ar vien lab\u0101kus risin\u0101jumus un uzlabojumus, lai ieg\u016btu maksim\u0101lo kvalit\u0101ti sp\u0113l\u0113, piel\u0101gojoties sp\u0113les stiliem, k\u0101 ar\u012b sp\u0113l\u0113t\u0101ju l\u012bme\u0146iem un vecumiem. Babolat ir izveidojis lieliskas sadarb\u012bbas ar t\u0101diem profesion\u0101liem tenisa sp\u0113l\u0113t\u0101jiem k\u0101 Rafael Nadal un Stephan Houdet, profesion\u0101liem badmintona sp\u0113l\u0113t\u0101jiem Chloe Birch un Hongyan Pi un izcilu padel tenisa sp\u0113l\u0113t\u0101ju Juan Lebron.\u00a0<\/span><\/p>\n","protected":false},"excerpt":{"rendered":"<p>Jaun\u0101 Babolat Pure Aero Gen9 2026 s\u0113rija ir kl\u0101t! B\u016btiski uzlabojumi: Atjaunots un uzlabots r\u0101mja profils, jeb forma &#8211; papildus aerodinamika maksim\u0101lam griezienam (spin). Cie\u0161\u0101ks st\u012bgojums\u00a0pied\u0101v\u0101 lielisku l\u012bdzsvaru starp jaudu un kontroli. Uzlaboti plastmasi (grommets) &#8211; jauna dizaina un padzi\u013cin\u0101ti, kas lab\u0101k pasarg\u0101 st\u012bgas no berzes un nodiluma. Sal\u012bdzinot ar 2023.gada modeli &#8211; izdevies papla\u0161in\u0101t&hellip;&nbsp;<a href=\"https:\/\/www.veikals.teniss.lv\/index.php\/product\/pure-aero-98-gen9-305g\/\" rel=\"bookmark\">Read More &raquo;<span class=\"screen-reader-text\">Pure Aero 98 Gen9 (305g)<\/span><\/a><\/p>\n","protected":false},"featured_media":16939,"template":"","meta":{"neve_meta_sidebar":"","neve_meta_container":"","neve_meta_enable_content_width":"off","neve_meta_content_width":70,"neve_meta_title_alignment":"","neve_meta_author_avatar":"","neve_post_elements_order":"","neve_meta_disable_header":"","neve_meta_disable_footer":"","neve_meta_disable_title":"","_links_to":"","_links_to_target":""},"product_brand":[],"product_cat":[172,28,18,79,17],"product_tag":[178],"class_list":{"0":"post-16936","1":"product","2":"type-product","3":"status-publish","4":"has-post-thumbnail","6":"product_cat-babolat","7":"product_cat-pieauguso","8":"product_cat-raketes","9":"product_cat-akcijas-raketes","10":"product_cat-teniss","11":"product_tag-babolat","13":"first","14":"instock","15":"taxable","16":"shipping-taxable","17":"purchasable","18":"product-type-variable","19":"has-default-attributes"},"yoast_head":"<!-- This site is optimized with the Yoast SEO plugin v27.3 - https:\/\/yoast.com\/product\/yoast-seo-wordpress\/ -->\n<title>Pure Aero 98 Gen9 (305g) Babolat tenisa veikals - Teniss.lv<\/title>\n<meta name=\"description\" content=\"Babolat tenisa rakete Pure Aero 98 (305g) 2026. Jaun\u0101k\u0101s Pure Aero s\u0113rijas rakete. Nop\u0113rkama Babolat tenisa veikal\u0101- C\u0113su iel\u0101 31.\" \/>\n<meta name=\"robots\" content=\"index, follow, max-snippet:-1, max-image-preview:large, max-video-preview:-1\" \/>\n<link rel=\"canonical\" href=\"https:\/\/www.veikals.teniss.lv\/index.php\/product\/pure-aero-98-gen9-305g\/\" \/>\n<meta property=\"og:locale\" content=\"lv_LV\" \/>\n<meta property=\"og:type\" content=\"article\" \/>\n<meta property=\"og:title\" content=\"Pure Aero 98 Gen9 (305g) Babolat tenisa veikals - Teniss.lv\" \/>\n<meta property=\"og:description\" content=\"Babolat tenisa rakete Pure Aero 98 (305g) 2026. Jaun\u0101k\u0101s Pure Aero s\u0113rijas rakete. Nop\u0113rkama Babolat tenisa veikal\u0101- C\u0113su iel\u0101 31.\" \/>\n<meta property=\"og:url\" content=\"https:\/\/www.veikals.teniss.lv\/index.php\/product\/pure-aero-98-gen9-305g\/\" \/>\n<meta property=\"og:site_name\" content=\"Tenisa veikals\" \/>\n<meta property=\"article:modified_time\" content=\"2026-03-24T11:10:01+00:00\" \/>\n<meta property=\"og:image\" content=\"http:\/\/www.veikals.teniss.lv\/wp-content\/uploads\/2026\/01\/101567-PURE_AERO_98_GEN9-100-1-Face.png\" \/>\n\t<meta property=\"og:image:width\" content=\"2048\" \/>\n\t<meta property=\"og:image:height\" content=\"2048\" \/>\n\t<meta property=\"og:image:type\" content=\"image\/png\" \/>\n<meta name=\"twitter:card\" content=\"summary_large_image\" \/>\n<meta name=\"twitter:label1\" content=\"Est. reading time\" \/>\n\t<meta name=\"twitter:data1\" content=\"3 min\u016btes\" \/>\n<script type=\"application\/ld+json\" class=\"yoast-schema-graph\">{\"@context\":\"https:\\\/\\\/schema.org\",\"@graph\":[{\"@type\":\"WebPage\",\"@id\":\"https:\\\/\\\/www.veikals.teniss.lv\\\/index.php\\\/product\\\/pure-aero-98-gen9-305g\\\/\",\"url\":\"https:\\\/\\\/www.veikals.teniss.lv\\\/index.php\\\/product\\\/pure-aero-98-gen9-305g\\\/\",\"name\":\"Pure Aero 98 Gen9 (305g) Babolat tenisa veikals - Teniss.lv\",\"isPartOf\":{\"@id\":\"https:\\\/\\\/www.veikals.teniss.lv\\\/#website\"},\"primaryImageOfPage\":{\"@id\":\"https:\\\/\\\/www.veikals.teniss.lv\\\/index.php\\\/product\\\/pure-aero-98-gen9-305g\\\/#primaryimage\"},\"image\":{\"@id\":\"https:\\\/\\\/www.veikals.teniss.lv\\\/index.php\\\/product\\\/pure-aero-98-gen9-305g\\\/#primaryimage\"},\"thumbnailUrl\":\"https:\\\/\\\/www.veikals.teniss.lv\\\/wp-content\\\/uploads\\\/2026\\\/01\\\/101567-PURE_AERO_98_GEN9-100-1-Face.png\",\"datePublished\":\"2026-01-19T11:44:50+00:00\",\"dateModified\":\"2026-03-24T11:10:01+00:00\",\"description\":\"Babolat tenisa rakete Pure Aero 98 (305g) 2026. Jaun\u0101k\u0101s Pure Aero s\u0113rijas rakete. Nop\u0113rkama Babolat tenisa veikal\u0101- C\u0113su iel\u0101 31.\",\"breadcrumb\":{\"@id\":\"https:\\\/\\\/www.veikals.teniss.lv\\\/index.php\\\/product\\\/pure-aero-98-gen9-305g\\\/#breadcrumb\"},\"inLanguage\":\"lv-LV\",\"potentialAction\":[{\"@type\":\"ReadAction\",\"target\":[\"https:\\\/\\\/www.veikals.teniss.lv\\\/index.php\\\/product\\\/pure-aero-98-gen9-305g\\\/\"]}]},{\"@type\":\"ImageObject\",\"inLanguage\":\"lv-LV\",\"@id\":\"https:\\\/\\\/www.veikals.teniss.lv\\\/index.php\\\/product\\\/pure-aero-98-gen9-305g\\\/#primaryimage\",\"url\":\"https:\\\/\\\/www.veikals.teniss.lv\\\/wp-content\\\/uploads\\\/2026\\\/01\\\/101567-PURE_AERO_98_GEN9-100-1-Face.png\",\"contentUrl\":\"https:\\\/\\\/www.veikals.teniss.lv\\\/wp-content\\\/uploads\\\/2026\\\/01\\\/101567-PURE_AERO_98_GEN9-100-1-Face.png\",\"width\":2048,\"height\":2048},{\"@type\":\"BreadcrumbList\",\"@id\":\"https:\\\/\\\/www.veikals.teniss.lv\\\/index.php\\\/product\\\/pure-aero-98-gen9-305g\\\/#breadcrumb\",\"itemListElement\":[{\"@type\":\"ListItem\",\"position\":1,\"name\":\"Home\",\"item\":\"https:\\\/\\\/www.veikals.teniss.lv\\\/\"},{\"@type\":\"ListItem\",\"position\":2,\"name\":\"Kategorijas\",\"item\":\"https:\\\/\\\/www.veikals.teniss.lv\\\/\"},{\"@type\":\"ListItem\",\"position\":3,\"name\":\"Pure Aero 98 Gen9 (305g)\"}]},{\"@type\":\"WebSite\",\"@id\":\"https:\\\/\\\/www.veikals.teniss.lv\\\/#website\",\"url\":\"https:\\\/\\\/www.veikals.teniss.lv\\\/\",\"name\":\"Tenisa veikals\",\"description\":\"RAKE\u0160U SPORTA E-VEIKALS\",\"publisher\":{\"@id\":\"https:\\\/\\\/www.veikals.teniss.lv\\\/#organization\"},\"potentialAction\":[{\"@type\":\"SearchAction\",\"target\":{\"@type\":\"EntryPoint\",\"urlTemplate\":\"https:\\\/\\\/www.veikals.teniss.lv\\\/?s={search_term_string}\"},\"query-input\":{\"@type\":\"PropertyValueSpecification\",\"valueRequired\":true,\"valueName\":\"search_term_string\"}}],\"inLanguage\":\"lv-LV\"},{\"@type\":\"Organization\",\"@id\":\"https:\\\/\\\/www.veikals.teniss.lv\\\/#organization\",\"name\":\"Teniss.lv\",\"url\":\"https:\\\/\\\/www.veikals.teniss.lv\\\/\",\"logo\":{\"@type\":\"ImageObject\",\"inLanguage\":\"lv-LV\",\"@id\":\"https:\\\/\\\/www.veikals.teniss.lv\\\/#\\\/schema\\\/logo\\\/image\\\/\",\"url\":\"https:\\\/\\\/www.veikals.teniss.lv\\\/wp-content\\\/uploads\\\/2021\\\/01\\\/cropped-babolat-logo1.png\",\"contentUrl\":\"https:\\\/\\\/www.veikals.teniss.lv\\\/wp-content\\\/uploads\\\/2021\\\/01\\\/cropped-babolat-logo1.png\",\"width\":500,\"height\":125,\"caption\":\"Teniss.lv\"},\"image\":{\"@id\":\"https:\\\/\\\/www.veikals.teniss.lv\\\/#\\\/schema\\\/logo\\\/image\\\/\"}}]}<\/script>\n<!-- \/ Yoast SEO plugin. -->","yoast_head_json":{"title":"Pure Aero 98 Gen9 (305g) Babolat tenisa veikals - Teniss.lv","description":"Babolat tenisa rakete Pure Aero 98 (305g) 2026. Jaun\u0101k\u0101s Pure Aero s\u0113rijas rakete. Nop\u0113rkama Babolat tenisa veikal\u0101- C\u0113su iel\u0101 31.","robots":{"index":"index","follow":"follow","max-snippet":"max-snippet:-1","max-image-preview":"max-image-preview:large","max-video-preview":"max-video-preview:-1"},"canonical":"https:\/\/www.veikals.teniss.lv\/index.php\/product\/pure-aero-98-gen9-305g\/","og_locale":"lv_LV","og_type":"article","og_title":"Pure Aero 98 Gen9 (305g) Babolat tenisa veikals - Teniss.lv","og_description":"Babolat tenisa rakete Pure Aero 98 (305g) 2026. Jaun\u0101k\u0101s Pure Aero s\u0113rijas rakete. Nop\u0113rkama Babolat tenisa veikal\u0101- C\u0113su iel\u0101 31.","og_url":"https:\/\/www.veikals.teniss.lv\/index.php\/product\/pure-aero-98-gen9-305g\/","og_site_name":"Tenisa veikals","article_modified_time":"2026-03-24T11:10:01+00:00","og_image":[{"width":2048,"height":2048,"url":"http:\/\/www.veikals.teniss.lv\/wp-content\/uploads\/2026\/01\/101567-PURE_AERO_98_GEN9-100-1-Face.png","type":"image\/png"}],"twitter_card":"summary_large_image","twitter_misc":{"Est. reading time":"3 min\u016btes"},"schema":{"@context":"https:\/\/schema.org","@graph":[{"@type":"WebPage","@id":"https:\/\/www.veikals.teniss.lv\/index.php\/product\/pure-aero-98-gen9-305g\/","url":"https:\/\/www.veikals.teniss.lv\/index.php\/product\/pure-aero-98-gen9-305g\/","name":"Pure Aero 98 Gen9 (305g) Babolat tenisa veikals - Teniss.lv","isPartOf":{"@id":"https:\/\/www.veikals.teniss.lv\/#website"},"primaryImageOfPage":{"@id":"https:\/\/www.veikals.teniss.lv\/index.php\/product\/pure-aero-98-gen9-305g\/#primaryimage"},"image":{"@id":"https:\/\/www.veikals.teniss.lv\/index.php\/product\/pure-aero-98-gen9-305g\/#primaryimage"},"thumbnailUrl":"https:\/\/www.veikals.teniss.lv\/wp-content\/uploads\/2026\/01\/101567-PURE_AERO_98_GEN9-100-1-Face.png","datePublished":"2026-01-19T11:44:50+00:00","dateModified":"2026-03-24T11:10:01+00:00","description":"Babolat tenisa rakete Pure Aero 98 (305g) 2026. Jaun\u0101k\u0101s Pure Aero s\u0113rijas rakete. Nop\u0113rkama Babolat tenisa veikal\u0101- C\u0113su iel\u0101 31.","breadcrumb":{"@id":"https:\/\/www.veikals.teniss.lv\/index.php\/product\/pure-aero-98-gen9-305g\/#breadcrumb"},"inLanguage":"lv-LV","potentialAction":[{"@type":"ReadAction","target":["https:\/\/www.veikals.teniss.lv\/index.php\/product\/pure-aero-98-gen9-305g\/"]}]},{"@type":"ImageObject","inLanguage":"lv-LV","@id":"https:\/\/www.veikals.teniss.lv\/index.php\/product\/pure-aero-98-gen9-305g\/#primaryimage","url":"https:\/\/www.veikals.teniss.lv\/wp-content\/uploads\/2026\/01\/101567-PURE_AERO_98_GEN9-100-1-Face.png","contentUrl":"https:\/\/www.veikals.teniss.lv\/wp-content\/uploads\/2026\/01\/101567-PURE_AERO_98_GEN9-100-1-Face.png","width":2048,"height":2048},{"@type":"BreadcrumbList","@id":"https:\/\/www.veikals.teniss.lv\/index.php\/product\/pure-aero-98-gen9-305g\/#breadcrumb","itemListElement":[{"@type":"ListItem","position":1,"name":"Home","item":"https:\/\/www.veikals.teniss.lv\/"},{"@type":"ListItem","position":2,"name":"Kategorijas","item":"https:\/\/www.veikals.teniss.lv\/"},{"@type":"ListItem","position":3,"name":"Pure Aero 98 Gen9 (305g)"}]},{"@type":"WebSite","@id":"https:\/\/www.veikals.teniss.lv\/#website","url":"https:\/\/www.veikals.teniss.lv\/","name":"Tenisa veikals","description":"RAKE\u0160U SPORTA E-VEIKALS","publisher":{"@id":"https:\/\/www.veikals.teniss.lv\/#organization"},"potentialAction":[{"@type":"SearchAction","target":{"@type":"EntryPoint","urlTemplate":"https:\/\/www.veikals.teniss.lv\/?s={search_term_string}"},"query-input":{"@type":"PropertyValueSpecification","valueRequired":true,"valueName":"search_term_string"}}],"inLanguage":"lv-LV"},{"@type":"Organization","@id":"https:\/\/www.veikals.teniss.lv\/#organization","name":"Teniss.lv","url":"https:\/\/www.veikals.teniss.lv\/","logo":{"@type":"ImageObject","inLanguage":"lv-LV","@id":"https:\/\/www.veikals.teniss.lv\/#\/schema\/logo\/image\/","url":"https:\/\/www.veikals.teniss.lv\/wp-content\/uploads\/2021\/01\/cropped-babolat-logo1.png","contentUrl":"https:\/\/www.veikals.teniss.lv\/wp-content\/uploads\/2021\/01\/cropped-babolat-logo1.png","width":500,"height":125,"caption":"Teniss.lv"},"image":{"@id":"https:\/\/www.veikals.teniss.lv\/#\/schema\/logo\/image\/"}}]}},"_links":{"self":[{"href":"https:\/\/www.veikals.teniss.lv\/index.php\/wp-json\/wp\/v2\/product\/16936","targetHints":{"allow":["GET"]}}],"collection":[{"href":"https:\/\/www.veikals.teniss.lv\/index.php\/wp-json\/wp\/v2\/product"}],"about":[{"href":"https:\/\/www.veikals.teniss.lv\/index.php\/wp-json\/wp\/v2\/types\/product"}],"wp:featuredmedia":[{"embeddable":true,"href":"https:\/\/www.veikals.teniss.lv\/index.php\/wp-json\/wp\/v2\/media\/16939"}],"wp:attachment":[{"href":"https:\/\/www.veikals.teniss.lv\/index.php\/wp-json\/wp\/v2\/media?parent=16936"}],"wp:term":[{"taxonomy":"product_brand","embeddable":true,"href":"https:\/\/www.veikals.teniss.lv\/index.php\/wp-json\/wp\/v2\/product_brand?post=16936"},{"taxonomy":"product_cat","embeddable":true,"href":"https:\/\/www.veikals.teniss.lv\/index.php\/wp-json\/wp\/v2\/product_cat?post=16936"},{"taxonomy":"product_tag","embeddable":true,"href":"https:\/\/www.veikals.teniss.lv\/index.php\/wp-json\/wp\/v2\/product_tag?post=16936"}],"curies":[{"name":"wp","href":"https:\/\/api.w.org\/{rel}","templated":true}]}}