{"id":16830,"date":"2026-01-17T12:06:39","date_gmt":"2026-01-17T10:06:39","guid":{"rendered":"https:\/\/www.veikals.teniss.lv\/?post_type=product&#038;p=16830"},"modified":"2026-03-07T14:53:36","modified_gmt":"2026-03-07T12:53:36","slug":"pure-aero-junior-25-gen9-grafits","status":"publish","type":"product","link":"https:\/\/www.veikals.teniss.lv\/index.php\/product\/pure-aero-junior-25-gen9-grafits\/","title":{"rendered":"Pure Aero Junior 25 Gen9 (graf\u012bts)"},"content":{"rendered":"<p>Babolat jaunie\u0161u tenisa rakete <strong>Pure Aero Junior 25<\/strong>. Jaun\u0101k\u0101s &#8220;Pure Aero 2026 Gen9&#8221; s\u0113rijas rakete. Rakete ir piem\u0113rota b\u0113rniem augum\u0101 no 130-140cm. Augst\u0101k\u0101 l\u012bme\u0146a pilna graf\u012bta tenisa rakete &#8211; vislab\u0101k\u0101 stabilit\u0101te, jauda un komforts.<\/p>\n<p>Visi raketes parametri ir piel\u0101goti un piem\u0113roti b\u0113rna augumam.<\/p>\n<p><strong>Sp\u0113l\u0113t\u0101ja veids:\u00a0<\/strong><\/p>\n<ul>\n<li>Rakete ir piem\u0113rota b\u0113rniem augum\u0101 no 130-140cm un t\u0101 pal\u012bdz\u0113s vi\u0146iem att\u012bst\u012bties un apg\u016bt pareizo tehniku.<\/li>\n<\/ul>\n<table>\n<tbody>\n<tr>\n<td width=\"151\">Svars<\/td>\n<td width=\"123\">235g<\/td>\n<\/tr>\n<tr>\n<td width=\"151\">Galvas izm\u0113rs<\/td>\n<td width=\"123\">98 kv. collas<\/td>\n<\/tr>\n<tr>\n<td width=\"151\">Balanss<\/td>\n<td width=\"123\">315mm<\/td>\n<\/tr>\n<tr>\n<td width=\"151\">Ciet\u012bba<\/td>\n<td width=\"123\">58ra<\/td>\n<\/tr>\n<tr>\n<td width=\"151\">Garums<\/td>\n<td width=\"123\">635mm<\/td>\n<\/tr>\n<tr>\n<td width=\"151\">Materi\u0101ls<\/td>\n<td width=\"123\">Graf\u012bts<\/td>\n<\/tr>\n<tr>\n<td width=\"151\">St\u012bgu skaits<\/td>\n<td width=\"123\">16\/17<\/td>\n<\/tr>\n<\/tbody>\n<\/table>\n<p>Cen\u0101 iek\u013cauta sast\u012bgota rakete.<\/p>\n<p style=\"text-align: center;\"><strong>Ieg\u0101d\u0101jies preces m\u016bsu internetveikal\u0101 uz izv\u0113lies sev \u0113rt\u0101ko pieg\u0101des veidu!\u00a0<\/strong><\/p>\n<p><strong>Pieg\u0101des veidi un cenas:\u00a0<\/strong><\/p>\n<ul>\n<li>Sa\u0146emt preci Babolat veikal\u0101 \u2013\u00a0<strong>BEZMAKSAS<\/strong><\/li>\n<li>Sa\u0146emt preci Omniva pakom\u0101t\u0101 \u2013\u00a0<strong>1,99 EUR<\/strong><\/li>\n<li>Sa\u0146emt preci ar pieg\u0101di uz m\u0101j\u0101m \u2013\u00a0<strong>9,99 EUR<\/strong><\/li>\n<\/ul>\n<p><strong>Ieg\u0101d\u0101joties preces virs 100 EUR, pieg\u0101de Omniva pakom\u0101t\u0101 \u2013 BEZMAKSAS!\u00a0<\/strong><\/p>\n<p>Uzzin\u0101t vair\u0101k par apmaksas veidiem:\u00a0<a href=\"https:\/\/www.teniss.lv\/apmaksas-veidi\/\">APMAKSAS VEIDI<\/a><\/p>\n<p>Uzzin\u0101t vair\u0101k par garantijas nosac\u012bjumiem un atgrie\u0161anas iesp\u0113j\u0101m:\u00a0<a href=\"https:\/\/www.teniss.lv\/garantija-un-atgriesana\/\">GARANTIJA UN ATGRIE\u0160ANA<\/a><\/p>\n<p><strong>Tenisa raketes vis\u0101m gaum\u0113m un visiem l\u012bme\u0146iem! Tenisa raketes b\u0113rniem un pieaugu\u0161ajiem \u2013 ies\u0101c\u0113jiem, amatieriem un profesion\u0101\u013ciem. Piemekl\u0113sim Jums piem\u0113rot\u0101ko tenisa raketi.\u00a0<\/strong><\/p>\n<h6 style=\"text-align: center;\"><strong>BABOLAT TENISA VEIKALS<\/strong>\u2013\u00a0<strong>R\u012aG\u0100, C\u0112SU IEL\u0100 31. VISS NEPIECIE\u0160AMAIS TENISAM.\u00a0<\/strong><\/h6>\n<p style=\"text-align: center;\"><strong><a href=\"https:\/\/www.teniss.lv\/kontakti\/\">K\u0101 nok\u013c\u016bt?\u00a0<\/a><\/strong><\/p>\n<p><span lang=\"lv\"><strong>Babolat<\/strong>\u00a0ir fran\u010du izcelsmes \u0123imenes uz\u0146\u0113mums, kas savu darb\u012bbu aizs\u0101cis jau 1875. gad\u0101, kad teniss un badmintons v\u0113l bija tikai s\u0101kuma stadij\u0101. Ar gandr\u012bz 150 gadu laik\u0101 uzkr\u0101to pieredzi, Babolat ir viens no vec\u0101kajiem un profesion\u0101l\u0101kajiem staurptautiskajiem sporta z\u012bmoliem pasaul\u0113, kas specializ\u0113jas rake\u0161u sport\u0101. Gadu laik\u0101 v\u0113rojot un analiz\u0113jot sp\u0113les, Babolat m\u0113r\u0137is ir rast ar vien lab\u0101kus risin\u0101jumus un uzlabjumus, lai ieg\u016btu maksim\u0101lo kvalit\u0101ti sp\u0113l\u0113, piel\u0101gojoties sp\u0113les stiliem, k\u0101 ar\u012b sp\u0113l\u0113t\u0101ju l\u012bme\u0146iem un vecumiem. Babolat ir izveidojis lieliskas sadarb\u012bbas ar t\u0101diem profesion\u0101liem tenisa sp\u0113l\u0113t\u0101jiem k\u0101 Rafael Nadal un Stephan Houdet, profesion\u0101liem badmintona sp\u0113l\u0113t\u0101jiem Chloe Birch un Hongyan Pi un izcilu padel tenisa sp\u0113l\u0113t\u0101ju Juan Lebron.\u00a0<\/span><\/p>\n<p>Vair\u0101k par Babolat uz\u0146\u0113muma ideju skaties \u0161eit:<\/p>\n<p><a href=\"https:\/\/www.youtube.com\/watch?v=gDcapYFEx_Q\">VIDEO: BABOLAT<\/a><\/p>\n","protected":false},"excerpt":{"rendered":"<p>Babolat jaunie\u0161u tenisa rakete Pure Aero Junior 25. Jaun\u0101k\u0101s &#8220;Pure Aero 2026 Gen9&#8221; s\u0113rijas rakete. Rakete ir piem\u0113rota b\u0113rniem augum\u0101 no 130-140cm. Augst\u0101k\u0101 l\u012bme\u0146a pilna graf\u012bta tenisa rakete &#8211; vislab\u0101k\u0101 stabilit\u0101te, jauda un komforts. Visi raketes parametri ir piel\u0101goti un piem\u0113roti b\u0113rna augumam. Sp\u0113l\u0113t\u0101ja veids:\u00a0 Rakete ir piem\u0113rota b\u0113rniem augum\u0101 no 130-140cm un t\u0101 pal\u012bdz\u0113s&hellip;&nbsp;<a href=\"https:\/\/www.veikals.teniss.lv\/index.php\/product\/pure-aero-junior-25-gen9-grafits\/\" rel=\"bookmark\">Read More &raquo;<span class=\"screen-reader-text\">Pure Aero Junior 25 Gen9 (graf\u012bts)<\/span><\/a><\/p>\n","protected":false},"featured_media":16835,"template":"","meta":{"neve_meta_sidebar":"","neve_meta_container":"","neve_meta_enable_content_width":"off","neve_meta_content_width":70,"neve_meta_title_alignment":"","neve_meta_author_avatar":"","neve_post_elements_order":"","neve_meta_disable_header":"","neve_meta_disable_footer":"","neve_meta_disable_title":"","_links_to":"","_links_to_target":""},"product_brand":[],"product_cat":[29,18,79],"product_tag":[178],"class_list":{"0":"post-16830","1":"product","2":"type-product","3":"status-publish","4":"has-post-thumbnail","6":"product_cat-bernu","7":"product_cat-raketes","8":"product_cat-akcijas-raketes","9":"product_tag-babolat","11":"first","12":"outofstock","13":"taxable","14":"shipping-taxable","15":"purchasable","16":"product-type-simple"},"yoast_head":"<!-- This site is optimized with the Yoast SEO plugin v27.3 - https:\/\/yoast.com\/product\/yoast-seo-wordpress\/ -->\n<title>Pure Aero Junior 25 Gen9 (graf\u012bts) -<\/title>\n<meta name=\"description\" content=\"Babolat b\u0113rnu tenisa rakete Pure Aero Junior 25. Rakete piem\u0113rota b\u0113rniem augum\u0101 l\u012bdz 150cm. Tenisa veikals - R\u012bg\u0101, C\u0113su iel\u0101 31.\" \/>\n<meta name=\"robots\" content=\"index, follow, max-snippet:-1, max-image-preview:large, max-video-preview:-1\" \/>\n<link rel=\"canonical\" href=\"https:\/\/www.veikals.teniss.lv\/index.php\/product\/pure-aero-junior-25-gen9-grafits\/\" \/>\n<meta property=\"og:locale\" content=\"lv_LV\" \/>\n<meta property=\"og:type\" content=\"article\" \/>\n<meta property=\"og:title\" content=\"Pure Aero Junior 25 Gen9 (graf\u012bts) -\" \/>\n<meta property=\"og:description\" content=\"Babolat b\u0113rnu tenisa rakete Pure Aero Junior 25. Rakete piem\u0113rota b\u0113rniem augum\u0101 l\u012bdz 150cm. Tenisa veikals - R\u012bg\u0101, C\u0113su iel\u0101 31.\" \/>\n<meta property=\"og:url\" content=\"https:\/\/www.veikals.teniss.lv\/index.php\/product\/pure-aero-junior-25-gen9-grafits\/\" \/>\n<meta property=\"og:site_name\" content=\"Tenisa veikals\" \/>\n<meta property=\"article:modified_time\" content=\"2026-03-07T12:53:36+00:00\" \/>\n<meta property=\"og:image\" content=\"http:\/\/www.veikals.teniss.lv\/wp-content\/uploads\/2026\/01\/140538-PURE_AERO_JUNIOR_25_GEN9-100-1-Face.png\" \/>\n\t<meta property=\"og:image:width\" content=\"2048\" \/>\n\t<meta property=\"og:image:height\" content=\"2048\" \/>\n\t<meta property=\"og:image:type\" content=\"image\/png\" \/>\n<meta name=\"twitter:card\" content=\"summary_large_image\" \/>\n<meta name=\"twitter:label1\" content=\"Est. reading time\" \/>\n\t<meta name=\"twitter:data1\" content=\"2 min\u016btes\" \/>\n<script type=\"application\/ld+json\" class=\"yoast-schema-graph\">{\"@context\":\"https:\\\/\\\/schema.org\",\"@graph\":[{\"@type\":\"WebPage\",\"@id\":\"https:\\\/\\\/www.veikals.teniss.lv\\\/index.php\\\/product\\\/pure-aero-junior-25-gen9-grafits\\\/\",\"url\":\"https:\\\/\\\/www.veikals.teniss.lv\\\/index.php\\\/product\\\/pure-aero-junior-25-gen9-grafits\\\/\",\"name\":\"Pure Aero Junior 25 Gen9 (graf\u012bts) -\",\"isPartOf\":{\"@id\":\"https:\\\/\\\/www.veikals.teniss.lv\\\/#website\"},\"primaryImageOfPage\":{\"@id\":\"https:\\\/\\\/www.veikals.teniss.lv\\\/index.php\\\/product\\\/pure-aero-junior-25-gen9-grafits\\\/#primaryimage\"},\"image\":{\"@id\":\"https:\\\/\\\/www.veikals.teniss.lv\\\/index.php\\\/product\\\/pure-aero-junior-25-gen9-grafits\\\/#primaryimage\"},\"thumbnailUrl\":\"https:\\\/\\\/www.veikals.teniss.lv\\\/wp-content\\\/uploads\\\/2026\\\/01\\\/140538-PURE_AERO_JUNIOR_25_GEN9-100-1-Face.png\",\"datePublished\":\"2026-01-17T10:06:39+00:00\",\"dateModified\":\"2026-03-07T12:53:36+00:00\",\"description\":\"Babolat b\u0113rnu tenisa rakete Pure Aero Junior 25. Rakete piem\u0113rota b\u0113rniem augum\u0101 l\u012bdz 150cm. Tenisa veikals - R\u012bg\u0101, C\u0113su iel\u0101 31.\",\"breadcrumb\":{\"@id\":\"https:\\\/\\\/www.veikals.teniss.lv\\\/index.php\\\/product\\\/pure-aero-junior-25-gen9-grafits\\\/#breadcrumb\"},\"inLanguage\":\"lv-LV\",\"potentialAction\":[{\"@type\":\"ReadAction\",\"target\":[\"https:\\\/\\\/www.veikals.teniss.lv\\\/index.php\\\/product\\\/pure-aero-junior-25-gen9-grafits\\\/\"]}]},{\"@type\":\"ImageObject\",\"inLanguage\":\"lv-LV\",\"@id\":\"https:\\\/\\\/www.veikals.teniss.lv\\\/index.php\\\/product\\\/pure-aero-junior-25-gen9-grafits\\\/#primaryimage\",\"url\":\"https:\\\/\\\/www.veikals.teniss.lv\\\/wp-content\\\/uploads\\\/2026\\\/01\\\/140538-PURE_AERO_JUNIOR_25_GEN9-100-1-Face.png\",\"contentUrl\":\"https:\\\/\\\/www.veikals.teniss.lv\\\/wp-content\\\/uploads\\\/2026\\\/01\\\/140538-PURE_AERO_JUNIOR_25_GEN9-100-1-Face.png\",\"width\":2048,\"height\":2048},{\"@type\":\"BreadcrumbList\",\"@id\":\"https:\\\/\\\/www.veikals.teniss.lv\\\/index.php\\\/product\\\/pure-aero-junior-25-gen9-grafits\\\/#breadcrumb\",\"itemListElement\":[{\"@type\":\"ListItem\",\"position\":1,\"name\":\"Home\",\"item\":\"https:\\\/\\\/www.veikals.teniss.lv\\\/\"},{\"@type\":\"ListItem\",\"position\":2,\"name\":\"Kategorijas\",\"item\":\"https:\\\/\\\/www.veikals.teniss.lv\\\/\"},{\"@type\":\"ListItem\",\"position\":3,\"name\":\"Pure Aero Junior 25 Gen9 (graf\u012bts)\"}]},{\"@type\":\"WebSite\",\"@id\":\"https:\\\/\\\/www.veikals.teniss.lv\\\/#website\",\"url\":\"https:\\\/\\\/www.veikals.teniss.lv\\\/\",\"name\":\"Tenisa veikals\",\"description\":\"RAKE\u0160U SPORTA E-VEIKALS\",\"publisher\":{\"@id\":\"https:\\\/\\\/www.veikals.teniss.lv\\\/#organization\"},\"potentialAction\":[{\"@type\":\"SearchAction\",\"target\":{\"@type\":\"EntryPoint\",\"urlTemplate\":\"https:\\\/\\\/www.veikals.teniss.lv\\\/?s={search_term_string}\"},\"query-input\":{\"@type\":\"PropertyValueSpecification\",\"valueRequired\":true,\"valueName\":\"search_term_string\"}}],\"inLanguage\":\"lv-LV\"},{\"@type\":\"Organization\",\"@id\":\"https:\\\/\\\/www.veikals.teniss.lv\\\/#organization\",\"name\":\"Teniss.lv\",\"url\":\"https:\\\/\\\/www.veikals.teniss.lv\\\/\",\"logo\":{\"@type\":\"ImageObject\",\"inLanguage\":\"lv-LV\",\"@id\":\"https:\\\/\\\/www.veikals.teniss.lv\\\/#\\\/schema\\\/logo\\\/image\\\/\",\"url\":\"https:\\\/\\\/www.veikals.teniss.lv\\\/wp-content\\\/uploads\\\/2021\\\/01\\\/cropped-babolat-logo1.png\",\"contentUrl\":\"https:\\\/\\\/www.veikals.teniss.lv\\\/wp-content\\\/uploads\\\/2021\\\/01\\\/cropped-babolat-logo1.png\",\"width\":500,\"height\":125,\"caption\":\"Teniss.lv\"},\"image\":{\"@id\":\"https:\\\/\\\/www.veikals.teniss.lv\\\/#\\\/schema\\\/logo\\\/image\\\/\"}}]}<\/script>\n<!-- \/ Yoast SEO plugin. -->","yoast_head_json":{"title":"Pure Aero Junior 25 Gen9 (graf\u012bts) -","description":"Babolat b\u0113rnu tenisa rakete Pure Aero Junior 25. Rakete piem\u0113rota b\u0113rniem augum\u0101 l\u012bdz 150cm. Tenisa veikals - R\u012bg\u0101, C\u0113su iel\u0101 31.","robots":{"index":"index","follow":"follow","max-snippet":"max-snippet:-1","max-image-preview":"max-image-preview:large","max-video-preview":"max-video-preview:-1"},"canonical":"https:\/\/www.veikals.teniss.lv\/index.php\/product\/pure-aero-junior-25-gen9-grafits\/","og_locale":"lv_LV","og_type":"article","og_title":"Pure Aero Junior 25 Gen9 (graf\u012bts) -","og_description":"Babolat b\u0113rnu tenisa rakete Pure Aero Junior 25. Rakete piem\u0113rota b\u0113rniem augum\u0101 l\u012bdz 150cm. Tenisa veikals - R\u012bg\u0101, C\u0113su iel\u0101 31.","og_url":"https:\/\/www.veikals.teniss.lv\/index.php\/product\/pure-aero-junior-25-gen9-grafits\/","og_site_name":"Tenisa veikals","article_modified_time":"2026-03-07T12:53:36+00:00","og_image":[{"width":2048,"height":2048,"url":"http:\/\/www.veikals.teniss.lv\/wp-content\/uploads\/2026\/01\/140538-PURE_AERO_JUNIOR_25_GEN9-100-1-Face.png","type":"image\/png"}],"twitter_card":"summary_large_image","twitter_misc":{"Est. reading time":"2 min\u016btes"},"schema":{"@context":"https:\/\/schema.org","@graph":[{"@type":"WebPage","@id":"https:\/\/www.veikals.teniss.lv\/index.php\/product\/pure-aero-junior-25-gen9-grafits\/","url":"https:\/\/www.veikals.teniss.lv\/index.php\/product\/pure-aero-junior-25-gen9-grafits\/","name":"Pure Aero Junior 25 Gen9 (graf\u012bts) -","isPartOf":{"@id":"https:\/\/www.veikals.teniss.lv\/#website"},"primaryImageOfPage":{"@id":"https:\/\/www.veikals.teniss.lv\/index.php\/product\/pure-aero-junior-25-gen9-grafits\/#primaryimage"},"image":{"@id":"https:\/\/www.veikals.teniss.lv\/index.php\/product\/pure-aero-junior-25-gen9-grafits\/#primaryimage"},"thumbnailUrl":"https:\/\/www.veikals.teniss.lv\/wp-content\/uploads\/2026\/01\/140538-PURE_AERO_JUNIOR_25_GEN9-100-1-Face.png","datePublished":"2026-01-17T10:06:39+00:00","dateModified":"2026-03-07T12:53:36+00:00","description":"Babolat b\u0113rnu tenisa rakete Pure Aero Junior 25. Rakete piem\u0113rota b\u0113rniem augum\u0101 l\u012bdz 150cm. Tenisa veikals - R\u012bg\u0101, C\u0113su iel\u0101 31.","breadcrumb":{"@id":"https:\/\/www.veikals.teniss.lv\/index.php\/product\/pure-aero-junior-25-gen9-grafits\/#breadcrumb"},"inLanguage":"lv-LV","potentialAction":[{"@type":"ReadAction","target":["https:\/\/www.veikals.teniss.lv\/index.php\/product\/pure-aero-junior-25-gen9-grafits\/"]}]},{"@type":"ImageObject","inLanguage":"lv-LV","@id":"https:\/\/www.veikals.teniss.lv\/index.php\/product\/pure-aero-junior-25-gen9-grafits\/#primaryimage","url":"https:\/\/www.veikals.teniss.lv\/wp-content\/uploads\/2026\/01\/140538-PURE_AERO_JUNIOR_25_GEN9-100-1-Face.png","contentUrl":"https:\/\/www.veikals.teniss.lv\/wp-content\/uploads\/2026\/01\/140538-PURE_AERO_JUNIOR_25_GEN9-100-1-Face.png","width":2048,"height":2048},{"@type":"BreadcrumbList","@id":"https:\/\/www.veikals.teniss.lv\/index.php\/product\/pure-aero-junior-25-gen9-grafits\/#breadcrumb","itemListElement":[{"@type":"ListItem","position":1,"name":"Home","item":"https:\/\/www.veikals.teniss.lv\/"},{"@type":"ListItem","position":2,"name":"Kategorijas","item":"https:\/\/www.veikals.teniss.lv\/"},{"@type":"ListItem","position":3,"name":"Pure Aero Junior 25 Gen9 (graf\u012bts)"}]},{"@type":"WebSite","@id":"https:\/\/www.veikals.teniss.lv\/#website","url":"https:\/\/www.veikals.teniss.lv\/","name":"Tenisa veikals","description":"RAKE\u0160U SPORTA E-VEIKALS","publisher":{"@id":"https:\/\/www.veikals.teniss.lv\/#organization"},"potentialAction":[{"@type":"SearchAction","target":{"@type":"EntryPoint","urlTemplate":"https:\/\/www.veikals.teniss.lv\/?s={search_term_string}"},"query-input":{"@type":"PropertyValueSpecification","valueRequired":true,"valueName":"search_term_string"}}],"inLanguage":"lv-LV"},{"@type":"Organization","@id":"https:\/\/www.veikals.teniss.lv\/#organization","name":"Teniss.lv","url":"https:\/\/www.veikals.teniss.lv\/","logo":{"@type":"ImageObject","inLanguage":"lv-LV","@id":"https:\/\/www.veikals.teniss.lv\/#\/schema\/logo\/image\/","url":"https:\/\/www.veikals.teniss.lv\/wp-content\/uploads\/2021\/01\/cropped-babolat-logo1.png","contentUrl":"https:\/\/www.veikals.teniss.lv\/wp-content\/uploads\/2021\/01\/cropped-babolat-logo1.png","width":500,"height":125,"caption":"Teniss.lv"},"image":{"@id":"https:\/\/www.veikals.teniss.lv\/#\/schema\/logo\/image\/"}}]}},"_links":{"self":[{"href":"https:\/\/www.veikals.teniss.lv\/index.php\/wp-json\/wp\/v2\/product\/16830","targetHints":{"allow":["GET"]}}],"collection":[{"href":"https:\/\/www.veikals.teniss.lv\/index.php\/wp-json\/wp\/v2\/product"}],"about":[{"href":"https:\/\/www.veikals.teniss.lv\/index.php\/wp-json\/wp\/v2\/types\/product"}],"wp:featuredmedia":[{"embeddable":true,"href":"https:\/\/www.veikals.teniss.lv\/index.php\/wp-json\/wp\/v2\/media\/16835"}],"wp:attachment":[{"href":"https:\/\/www.veikals.teniss.lv\/index.php\/wp-json\/wp\/v2\/media?parent=16830"}],"wp:term":[{"taxonomy":"product_brand","embeddable":true,"href":"https:\/\/www.veikals.teniss.lv\/index.php\/wp-json\/wp\/v2\/product_brand?post=16830"},{"taxonomy":"product_cat","embeddable":true,"href":"https:\/\/www.veikals.teniss.lv\/index.php\/wp-json\/wp\/v2\/product_cat?post=16830"},{"taxonomy":"product_tag","embeddable":true,"href":"https:\/\/www.veikals.teniss.lv\/index.php\/wp-json\/wp\/v2\/product_tag?post=16830"}],"curies":[{"name":"wp","href":"https:\/\/api.w.org\/{rel}","templated":true}]}}