{"id":16718,"date":"2026-01-05T17:16:30","date_gmt":"2026-01-05T15:16:30","guid":{"rendered":"https:\/\/www.veikals.teniss.lv\/?post_type=product&#038;p=16718"},"modified":"2026-02-26T10:18:58","modified_gmt":"2026-02-26T08:18:58","slug":"adidas-multigame-mugursoma","status":"publish","type":"product","link":"https:\/\/www.veikals.teniss.lv\/index.php\/product\/adidas-multigame-mugursoma\/","title":{"rendered":"ADIDAS MULTIGAME MUGURSOMA"},"content":{"rendered":"<h1 class=\"h1 page-title\">ADIDAS Multigame mugursoma &#8211; Ale Gal\u00e1n 2026<\/h1>\n<p data-path-to-node=\"2\">\u0160\u012b mugursoma ir apvienojums starp izcilu ietilp\u012bbu un kompaktu, modernu dizainu. T\u0101 ir \u012bpa\u0161i izstr\u0101d\u0101ta akt\u012bviem sp\u0113l\u0113t\u0101jiem, kuriem nepiecie\u0161ams univers\u0101ls risin\u0101jums gan dodoties uz treni\u0146u, gan ikdienas gait\u0101s.<\/p>\n<p data-path-to-node=\"3\"><b data-path-to-node=\"3\" data-index-in-node=\"0\">Galven\u0101s \u012bpa\u0161\u012bbas:<\/b><\/p>\n<ul data-path-to-node=\"4\">\n<li>\n<p data-path-to-node=\"4,0,0\"><b data-path-to-node=\"4,0,0\" data-index-in-node=\"0\">&#8220;Rolltop&#8221; tipa aizdare:<\/b> Galvenajam nodal\u012bjumam ir regul\u0113jams tilpums, pateicoties <i data-path-to-node=\"4,0,0\" data-index-in-node=\"82\">roll-top<\/i> konstrukcijai. Tas \u013cauj palielin\u0101t vai samazin\u0101t somas ietilp\u012bbu (no aptuveni 42 l\u012bdz 48 litriem) atkar\u012bb\u0101 no t\u0101, cik daudz mantu jums ir l\u012bdzi.<\/p>\n<\/li>\n<li>\n<p data-path-to-node=\"4,1,0\"><b data-path-to-node=\"4,1,0\" data-index-in-node=\"0\">Termoizol\u0101cijas nodal\u012bjums:<\/b> Somas priek\u0161pus\u0113 ir speci\u0101la kabata ar termoizol\u0101ciju, kas aizsarg\u0101 j\u016bsu raketi pret karstumu un aukstumu, nodro\u0161inot, ka t\u0101s materi\u0101ls nezaud\u0113 savas \u012bpa\u0161\u012bbas.<\/p>\n<\/li>\n<li>\n<p data-path-to-node=\"4,2,0\"><b data-path-to-node=\"4,2,0\" data-index-in-node=\"0\">Dro\u0161a vieta datoram:<\/b> Muguras da\u013c\u0101 ir atsevi\u0161\u0137s, polster\u0113ts nodal\u012bjums, kas ir piem\u0113rots kl\u0113pjdatora vai dokumentu uzglab\u0101\u0161anai, padarot \u0161o somu par lielisku izv\u0113li ar\u012b darba dienai.<\/p>\n<\/li>\n<li>\n<p data-path-to-node=\"4,3,0\"><b data-path-to-node=\"4,3,0\" data-index-in-node=\"0\">Vair\u0101kas kabatas piederumiem:<\/b><\/p>\n<ul data-path-to-node=\"4,3,1\">\n<li>\n<p data-path-to-node=\"4,3,1,0,0\">S\u0101nu t\u012bkli\u0146a kabatas \u016bdens pudelei vai bumbi\u0146u t\u016bbai.<\/p>\n<\/li>\n<li>\n<p data-path-to-node=\"4,3,1,1,0\">Maz\u0101ka kabata ar m\u012bkstu oderi v\u0113rt\u012bg\u0101m liet\u0101m (t\u0101lrunim, atsl\u0113g\u0101m, brill\u0113m).<\/p>\n<\/li>\n<\/ul>\n<\/li>\n<li>\n<p data-path-to-node=\"4,4,0\"><b data-path-to-node=\"4,4,0\" data-index-in-node=\"0\">Iztur\u012bba un komforts:<\/b> Soma izgatavota no kvalitat\u012bva poliestera ar pastiprin\u0101tu apak\u0161da\u013cu, kas nodro\u0161ina ilgm\u016b\u017e\u012bbu un aizsardz\u012bbu pret nodilumu. Polster\u0113t\u0101s plecu siksnas un ergonomisk\u0101 muguras da\u013ca sniedz komfortu ilgsto\u0161as n\u0113s\u0101\u0161anas laik\u0101.<\/p>\n<\/li>\n<li>\n<p data-path-to-node=\"4,5,0\"><b data-path-to-node=\"4,5,0\" data-index-in-node=\"0\">Ale Gal\u00e1n paraksts:<\/b> Uz somas ir ekskluz\u012bva deta\u013ca \u2013 piekari\u0146\u0161 ar Ale Gal\u0101na parakstu, kas apliecina somas pieder\u012bbu sp\u0113l\u0113t\u0101ja elites kolekcijai.<\/p>\n<\/li>\n<\/ul>\n<p data-path-to-node=\"5\"><b data-path-to-node=\"5\" data-index-in-node=\"0\">Tehniskie parametri:<\/b><\/p>\n<ul data-path-to-node=\"6\">\n<li>\n<p data-path-to-node=\"6,0,0\"><b data-path-to-node=\"6,0,0\" data-index-in-node=\"0\">Izm\u0113ri:<\/b> aptuveni 29 x 15,5 x 47 cm.<\/p>\n<\/li>\n<li><strong>Ietilp\u012bba:<\/strong> 42-48L<\/li>\n<li>\n<p data-path-to-node=\"6,1,0\"><b data-path-to-node=\"6,1,0\" data-index-in-node=\"0\">Materi\u0101ls:<\/b> P\u0101rstr\u0101d\u0101ts poliesters un iztur\u012bgi sint\u0113tiskie materi\u0101li.<\/p>\n<\/li>\n<li>\n<p data-path-to-node=\"6,2,0\"><b data-path-to-node=\"6,2,0\" data-index-in-node=\"0\">Kr\u0101sa:<\/b> Klasiski melna ar sarkaniem akcentiem un sudrabotiem logotipiem (Ale Gal\u0101na rakstur\u012bg\u0101s kr\u0101sas).<\/p>\n<\/li>\n<\/ul>\n<p data-path-to-node=\"7\">\n<p><strong>Ieg\u0101d\u0101jies preces m\u016bsu internetveikal\u0101 uz izv\u0113lies sev \u0113rt\u0101ko pieg\u0101des veidu!\u00a0<\/strong><\/p>\n<p><strong>Pieg\u0101des veidi un cenas:\u00a0<\/strong><\/p>\n<ul>\n<li>Sa\u0146emt preci Babolat veikal\u0101 \u2013\u00a0<strong>BEZMAKSAS<\/strong><\/li>\n<li>Sa\u0146emt preci Omniva pakom\u0101t\u0101 \u2013\u00a0<strong>1,99 EUR<\/strong><\/li>\n<li>Sa\u0146emt preci ar pieg\u0101di uz m\u0101j\u0101m \u2013\u00a0<strong>9,99 EUR<\/strong><\/li>\n<\/ul>\n<p><strong>Ieg\u0101d\u0101joties preces virs 100 EUR, pieg\u0101de Omniva pakom\u0101t\u0101 \u2013 BEZMAKSAS!\u00a0<\/strong><\/p>\n<p>Uzzin\u0101t vair\u0101k par apmaksas veidiem:\u00a0<a href=\"https:\/\/www.teniss.lv\/apmaksas-veidi\/\">APMAKSAS VEIDI<\/a><\/p>\n<p>Uzzin\u0101t vair\u0101k par garantijas nosac\u012bjumiem un atgrie\u0161anas iesp\u0113j\u0101m:\u00a0<a href=\"https:\/\/www.teniss.lv\/garantija-un-atgriesana\/\">GARANTIJA UN ATGRIE\u0160ANA<\/a><\/p>\n<p><strong>Tenisa somas un mugursomas da\u017e\u0101dos izm\u0113ros un da\u017e\u0101d\u0101s cen\u0101s. Tenisa somas b\u0113rniem un pieaugu\u0161ajiem.<\/strong><\/p>\n<h6><strong>BABOLAT TENISA VEIKALS<\/strong>\u2013\u00a0<strong>R\u012aG\u0100, C\u0112SU IEL\u0100 31. VISS NEPIECIE\u0160AMAIS TENISAM.\u00a0<\/strong><\/h6>\n<p><strong><a href=\"https:\/\/www.veikals.teniss.lv\/index.php\/kontakti\/\">K\u0101 nok\u013c\u016bt?\u00a0<\/a><\/strong><\/p>\n<p><span lang=\"lv\"><strong>Babolat<\/strong>\u00a0ir fran\u010du izcelsmes \u0123imenes uz\u0146\u0113mums, kas savu darb\u012bbu aizs\u0101cis jau 1875. gad\u0101, kad teniss un badmintons v\u0113l bija tikai s\u0101kuma stadij\u0101. Ar gandr\u012bz 150 gadu laik\u0101 uzkr\u0101to pieredzi, Babolat ir viens no vec\u0101kajiem un profesion\u0101l\u0101kajiem staurptautiskajiem sporta z\u012bmoliem pasaul\u0113, kas specializ\u0113jas rake\u0161u sport\u0101. Gadu laik\u0101 v\u0113rojot un analiz\u0113jot sp\u0113les, Babolat m\u0113r\u0137is ir rast ar vien lab\u0101kus risin\u0101jumus un uzlabojumus, lai ieg\u016btu maksim\u0101lo kvalit\u0101ti sp\u0113l\u0113, piel\u0101gojoties sp\u0113les stiliem, k\u0101 ar\u012b sp\u0113l\u0113t\u0101ju l\u012bme\u0146iem un vecumiem. Babolat ir izveidojis lieliskas sadarb\u012bbas ar t\u0101diem profesion\u0101liem tenisa sp\u0113l\u0113t\u0101jiem k\u0101 Rafael Nadal un Stephan Houdet, profesion\u0101liem badmintona sp\u0113l\u0113t\u0101jiem Chloe Birch un Hongyan Pi un izcilu padel tenisa sp\u0113l\u0113t\u0101ju Juan Lebron.\u00a0<\/span><\/p>\n","protected":false},"excerpt":{"rendered":"<p>ADIDAS Multigame mugursoma &#8211; Ale Gal\u00e1n 2026 \u0160\u012b mugursoma ir apvienojums starp izcilu ietilp\u012bbu un kompaktu, modernu dizainu. T\u0101 ir \u012bpa\u0161i izstr\u0101d\u0101ta akt\u012bviem sp\u0113l\u0113t\u0101jiem, kuriem nepiecie\u0161ams univers\u0101ls risin\u0101jums gan dodoties uz treni\u0146u, gan ikdienas gait\u0101s. Galven\u0101s \u012bpa\u0161\u012bbas: &#8220;Rolltop&#8221; tipa aizdare: Galvenajam nodal\u012bjumam ir regul\u0113jams tilpums, pateicoties roll-top konstrukcijai. Tas \u013cauj palielin\u0101t vai samazin\u0101t somas ietilp\u012bbu&hellip;&nbsp;<a href=\"https:\/\/www.veikals.teniss.lv\/index.php\/product\/adidas-multigame-mugursoma\/\" rel=\"bookmark\">Read More &raquo;<span class=\"screen-reader-text\">ADIDAS MULTIGAME MUGURSOMA<\/span><\/a><\/p>\n","protected":false},"featured_media":16721,"template":"","meta":{"neve_meta_sidebar":"","neve_meta_container":"","neve_meta_enable_content_width":"off","neve_meta_content_width":70,"neve_meta_title_alignment":"","neve_meta_author_avatar":"","neve_post_elements_order":"","neve_meta_disable_header":"","neve_meta_disable_footer":"","neve_meta_disable_title":"","_links_to":"","_links_to_target":""},"product_brand":[],"product_cat":[91,20,22],"product_tag":[],"class_list":{"0":"post-16718","1":"product","2":"type-product","3":"status-publish","4":"has-post-thumbnail","6":"product_cat-padel-somas","7":"product_cat-somas-tenisam","8":"product_cat-somas-badmintons","10":"first","11":"outofstock","12":"taxable","13":"shipping-taxable","14":"purchasable","15":"product-type-simple"},"yoast_head":"<!-- This site is optimized with the Yoast SEO plugin v27.3 - https:\/\/yoast.com\/product\/yoast-seo-wordpress\/ -->\n<title>ADIDAS MULTIGAME MUGURSOMA - Tenisa veikals teniss.lv<\/title>\n<meta name=\"description\" content=\"Padel tenisa mugursoma - Adidas Multigame BP Ale Galan 2026. Daudzfunkcion\u0101la, ergonomiska un komfortabla soma. Vair\u0101k Teniss.lv\" \/>\n<meta name=\"robots\" content=\"index, follow, max-snippet:-1, max-image-preview:large, max-video-preview:-1\" \/>\n<link rel=\"canonical\" href=\"https:\/\/www.veikals.teniss.lv\/index.php\/product\/adidas-multigame-mugursoma\/\" \/>\n<meta property=\"og:locale\" content=\"lv_LV\" \/>\n<meta property=\"og:type\" content=\"article\" \/>\n<meta property=\"og:title\" content=\"ADIDAS MULTIGAME MUGURSOMA - Tenisa veikals teniss.lv\" \/>\n<meta property=\"og:description\" content=\"Padel tenisa mugursoma - Adidas Multigame BP Ale Galan 2026. Daudzfunkcion\u0101la, ergonomiska un komfortabla soma. Vair\u0101k Teniss.lv\" \/>\n<meta property=\"og:url\" content=\"https:\/\/www.veikals.teniss.lv\/index.php\/product\/adidas-multigame-mugursoma\/\" \/>\n<meta property=\"og:site_name\" content=\"Tenisa veikals\" \/>\n<meta property=\"article:modified_time\" content=\"2026-02-26T08:18:58+00:00\" \/>\n<meta property=\"og:image\" content=\"http:\/\/www.veikals.teniss.lv\/wp-content\/uploads\/2026\/01\/adidas-backpack-multigame-by-ale-galan-2026-.png\" \/>\n\t<meta property=\"og:image:width\" content=\"900\" \/>\n\t<meta property=\"og:image:height\" content=\"900\" \/>\n\t<meta property=\"og:image:type\" content=\"image\/png\" \/>\n<meta name=\"twitter:card\" content=\"summary_large_image\" \/>\n<meta name=\"twitter:label1\" content=\"Est. reading time\" \/>\n\t<meta name=\"twitter:data1\" content=\"3 min\u016btes\" \/>\n<script type=\"application\/ld+json\" class=\"yoast-schema-graph\">{\"@context\":\"https:\\\/\\\/schema.org\",\"@graph\":[{\"@type\":\"WebPage\",\"@id\":\"https:\\\/\\\/www.veikals.teniss.lv\\\/index.php\\\/product\\\/adidas-multigame-mugursoma\\\/\",\"url\":\"https:\\\/\\\/www.veikals.teniss.lv\\\/index.php\\\/product\\\/adidas-multigame-mugursoma\\\/\",\"name\":\"ADIDAS MULTIGAME MUGURSOMA - Tenisa veikals teniss.lv\",\"isPartOf\":{\"@id\":\"https:\\\/\\\/www.veikals.teniss.lv\\\/#website\"},\"primaryImageOfPage\":{\"@id\":\"https:\\\/\\\/www.veikals.teniss.lv\\\/index.php\\\/product\\\/adidas-multigame-mugursoma\\\/#primaryimage\"},\"image\":{\"@id\":\"https:\\\/\\\/www.veikals.teniss.lv\\\/index.php\\\/product\\\/adidas-multigame-mugursoma\\\/#primaryimage\"},\"thumbnailUrl\":\"https:\\\/\\\/www.veikals.teniss.lv\\\/wp-content\\\/uploads\\\/2026\\\/01\\\/adidas-backpack-multigame-by-ale-galan-2026-.png\",\"datePublished\":\"2026-01-05T15:16:30+00:00\",\"dateModified\":\"2026-02-26T08:18:58+00:00\",\"description\":\"Padel tenisa mugursoma - Adidas Multigame BP Ale Galan 2026. Daudzfunkcion\u0101la, ergonomiska un komfortabla soma. Vair\u0101k Teniss.lv\",\"breadcrumb\":{\"@id\":\"https:\\\/\\\/www.veikals.teniss.lv\\\/index.php\\\/product\\\/adidas-multigame-mugursoma\\\/#breadcrumb\"},\"inLanguage\":\"lv-LV\",\"potentialAction\":[{\"@type\":\"ReadAction\",\"target\":[\"https:\\\/\\\/www.veikals.teniss.lv\\\/index.php\\\/product\\\/adidas-multigame-mugursoma\\\/\"]}]},{\"@type\":\"ImageObject\",\"inLanguage\":\"lv-LV\",\"@id\":\"https:\\\/\\\/www.veikals.teniss.lv\\\/index.php\\\/product\\\/adidas-multigame-mugursoma\\\/#primaryimage\",\"url\":\"https:\\\/\\\/www.veikals.teniss.lv\\\/wp-content\\\/uploads\\\/2026\\\/01\\\/adidas-backpack-multigame-by-ale-galan-2026-.png\",\"contentUrl\":\"https:\\\/\\\/www.veikals.teniss.lv\\\/wp-content\\\/uploads\\\/2026\\\/01\\\/adidas-backpack-multigame-by-ale-galan-2026-.png\",\"width\":900,\"height\":900},{\"@type\":\"BreadcrumbList\",\"@id\":\"https:\\\/\\\/www.veikals.teniss.lv\\\/index.php\\\/product\\\/adidas-multigame-mugursoma\\\/#breadcrumb\",\"itemListElement\":[{\"@type\":\"ListItem\",\"position\":1,\"name\":\"Home\",\"item\":\"https:\\\/\\\/www.veikals.teniss.lv\\\/\"},{\"@type\":\"ListItem\",\"position\":2,\"name\":\"Kategorijas\",\"item\":\"https:\\\/\\\/www.veikals.teniss.lv\\\/\"},{\"@type\":\"ListItem\",\"position\":3,\"name\":\"ADIDAS MULTIGAME MUGURSOMA\"}]},{\"@type\":\"WebSite\",\"@id\":\"https:\\\/\\\/www.veikals.teniss.lv\\\/#website\",\"url\":\"https:\\\/\\\/www.veikals.teniss.lv\\\/\",\"name\":\"Tenisa veikals\",\"description\":\"RAKE\u0160U SPORTA E-VEIKALS\",\"publisher\":{\"@id\":\"https:\\\/\\\/www.veikals.teniss.lv\\\/#organization\"},\"potentialAction\":[{\"@type\":\"SearchAction\",\"target\":{\"@type\":\"EntryPoint\",\"urlTemplate\":\"https:\\\/\\\/www.veikals.teniss.lv\\\/?s={search_term_string}\"},\"query-input\":{\"@type\":\"PropertyValueSpecification\",\"valueRequired\":true,\"valueName\":\"search_term_string\"}}],\"inLanguage\":\"lv-LV\"},{\"@type\":\"Organization\",\"@id\":\"https:\\\/\\\/www.veikals.teniss.lv\\\/#organization\",\"name\":\"Teniss.lv\",\"url\":\"https:\\\/\\\/www.veikals.teniss.lv\\\/\",\"logo\":{\"@type\":\"ImageObject\",\"inLanguage\":\"lv-LV\",\"@id\":\"https:\\\/\\\/www.veikals.teniss.lv\\\/#\\\/schema\\\/logo\\\/image\\\/\",\"url\":\"https:\\\/\\\/www.veikals.teniss.lv\\\/wp-content\\\/uploads\\\/2021\\\/01\\\/cropped-babolat-logo1.png\",\"contentUrl\":\"https:\\\/\\\/www.veikals.teniss.lv\\\/wp-content\\\/uploads\\\/2021\\\/01\\\/cropped-babolat-logo1.png\",\"width\":500,\"height\":125,\"caption\":\"Teniss.lv\"},\"image\":{\"@id\":\"https:\\\/\\\/www.veikals.teniss.lv\\\/#\\\/schema\\\/logo\\\/image\\\/\"}}]}<\/script>\n<!-- \/ Yoast SEO plugin. -->","yoast_head_json":{"title":"ADIDAS MULTIGAME MUGURSOMA - Tenisa veikals teniss.lv","description":"Padel tenisa mugursoma - Adidas Multigame BP Ale Galan 2026. Daudzfunkcion\u0101la, ergonomiska un komfortabla soma. Vair\u0101k Teniss.lv","robots":{"index":"index","follow":"follow","max-snippet":"max-snippet:-1","max-image-preview":"max-image-preview:large","max-video-preview":"max-video-preview:-1"},"canonical":"https:\/\/www.veikals.teniss.lv\/index.php\/product\/adidas-multigame-mugursoma\/","og_locale":"lv_LV","og_type":"article","og_title":"ADIDAS MULTIGAME MUGURSOMA - Tenisa veikals teniss.lv","og_description":"Padel tenisa mugursoma - Adidas Multigame BP Ale Galan 2026. Daudzfunkcion\u0101la, ergonomiska un komfortabla soma. Vair\u0101k Teniss.lv","og_url":"https:\/\/www.veikals.teniss.lv\/index.php\/product\/adidas-multigame-mugursoma\/","og_site_name":"Tenisa veikals","article_modified_time":"2026-02-26T08:18:58+00:00","og_image":[{"width":900,"height":900,"url":"http:\/\/www.veikals.teniss.lv\/wp-content\/uploads\/2026\/01\/adidas-backpack-multigame-by-ale-galan-2026-.png","type":"image\/png"}],"twitter_card":"summary_large_image","twitter_misc":{"Est. reading time":"3 min\u016btes"},"schema":{"@context":"https:\/\/schema.org","@graph":[{"@type":"WebPage","@id":"https:\/\/www.veikals.teniss.lv\/index.php\/product\/adidas-multigame-mugursoma\/","url":"https:\/\/www.veikals.teniss.lv\/index.php\/product\/adidas-multigame-mugursoma\/","name":"ADIDAS MULTIGAME MUGURSOMA - Tenisa veikals teniss.lv","isPartOf":{"@id":"https:\/\/www.veikals.teniss.lv\/#website"},"primaryImageOfPage":{"@id":"https:\/\/www.veikals.teniss.lv\/index.php\/product\/adidas-multigame-mugursoma\/#primaryimage"},"image":{"@id":"https:\/\/www.veikals.teniss.lv\/index.php\/product\/adidas-multigame-mugursoma\/#primaryimage"},"thumbnailUrl":"https:\/\/www.veikals.teniss.lv\/wp-content\/uploads\/2026\/01\/adidas-backpack-multigame-by-ale-galan-2026-.png","datePublished":"2026-01-05T15:16:30+00:00","dateModified":"2026-02-26T08:18:58+00:00","description":"Padel tenisa mugursoma - Adidas Multigame BP Ale Galan 2026. Daudzfunkcion\u0101la, ergonomiska un komfortabla soma. Vair\u0101k Teniss.lv","breadcrumb":{"@id":"https:\/\/www.veikals.teniss.lv\/index.php\/product\/adidas-multigame-mugursoma\/#breadcrumb"},"inLanguage":"lv-LV","potentialAction":[{"@type":"ReadAction","target":["https:\/\/www.veikals.teniss.lv\/index.php\/product\/adidas-multigame-mugursoma\/"]}]},{"@type":"ImageObject","inLanguage":"lv-LV","@id":"https:\/\/www.veikals.teniss.lv\/index.php\/product\/adidas-multigame-mugursoma\/#primaryimage","url":"https:\/\/www.veikals.teniss.lv\/wp-content\/uploads\/2026\/01\/adidas-backpack-multigame-by-ale-galan-2026-.png","contentUrl":"https:\/\/www.veikals.teniss.lv\/wp-content\/uploads\/2026\/01\/adidas-backpack-multigame-by-ale-galan-2026-.png","width":900,"height":900},{"@type":"BreadcrumbList","@id":"https:\/\/www.veikals.teniss.lv\/index.php\/product\/adidas-multigame-mugursoma\/#breadcrumb","itemListElement":[{"@type":"ListItem","position":1,"name":"Home","item":"https:\/\/www.veikals.teniss.lv\/"},{"@type":"ListItem","position":2,"name":"Kategorijas","item":"https:\/\/www.veikals.teniss.lv\/"},{"@type":"ListItem","position":3,"name":"ADIDAS MULTIGAME MUGURSOMA"}]},{"@type":"WebSite","@id":"https:\/\/www.veikals.teniss.lv\/#website","url":"https:\/\/www.veikals.teniss.lv\/","name":"Tenisa veikals","description":"RAKE\u0160U SPORTA E-VEIKALS","publisher":{"@id":"https:\/\/www.veikals.teniss.lv\/#organization"},"potentialAction":[{"@type":"SearchAction","target":{"@type":"EntryPoint","urlTemplate":"https:\/\/www.veikals.teniss.lv\/?s={search_term_string}"},"query-input":{"@type":"PropertyValueSpecification","valueRequired":true,"valueName":"search_term_string"}}],"inLanguage":"lv-LV"},{"@type":"Organization","@id":"https:\/\/www.veikals.teniss.lv\/#organization","name":"Teniss.lv","url":"https:\/\/www.veikals.teniss.lv\/","logo":{"@type":"ImageObject","inLanguage":"lv-LV","@id":"https:\/\/www.veikals.teniss.lv\/#\/schema\/logo\/image\/","url":"https:\/\/www.veikals.teniss.lv\/wp-content\/uploads\/2021\/01\/cropped-babolat-logo1.png","contentUrl":"https:\/\/www.veikals.teniss.lv\/wp-content\/uploads\/2021\/01\/cropped-babolat-logo1.png","width":500,"height":125,"caption":"Teniss.lv"},"image":{"@id":"https:\/\/www.veikals.teniss.lv\/#\/schema\/logo\/image\/"}}]}},"_links":{"self":[{"href":"https:\/\/www.veikals.teniss.lv\/index.php\/wp-json\/wp\/v2\/product\/16718","targetHints":{"allow":["GET"]}}],"collection":[{"href":"https:\/\/www.veikals.teniss.lv\/index.php\/wp-json\/wp\/v2\/product"}],"about":[{"href":"https:\/\/www.veikals.teniss.lv\/index.php\/wp-json\/wp\/v2\/types\/product"}],"wp:featuredmedia":[{"embeddable":true,"href":"https:\/\/www.veikals.teniss.lv\/index.php\/wp-json\/wp\/v2\/media\/16721"}],"wp:attachment":[{"href":"https:\/\/www.veikals.teniss.lv\/index.php\/wp-json\/wp\/v2\/media?parent=16718"}],"wp:term":[{"taxonomy":"product_brand","embeddable":true,"href":"https:\/\/www.veikals.teniss.lv\/index.php\/wp-json\/wp\/v2\/product_brand?post=16718"},{"taxonomy":"product_cat","embeddable":true,"href":"https:\/\/www.veikals.teniss.lv\/index.php\/wp-json\/wp\/v2\/product_cat?post=16718"},{"taxonomy":"product_tag","embeddable":true,"href":"https:\/\/www.veikals.teniss.lv\/index.php\/wp-json\/wp\/v2\/product_tag?post=16718"}],"curies":[{"name":"wp","href":"https:\/\/api.w.org\/{rel}","templated":true}]}}