{"id":16108,"date":"2025-11-14T17:31:00","date_gmt":"2025-11-14T15:31:00","guid":{"rendered":"https:\/\/www.veikals.teniss.lv\/?post_type=product&#038;p=16108"},"modified":"2026-03-02T12:07:53","modified_gmt":"2026-03-02T10:07:53","slug":"limited-edition-juan-lebron-viper-soft-3-0","status":"publish","type":"product","link":"https:\/\/www.veikals.teniss.lv\/index.php\/product\/limited-edition-juan-lebron-viper-soft-3-0\/","title":{"rendered":"VIPER SOFT 3.0 JUAN LEBRON"},"content":{"rendered":"<p>Sp\u0101\u0146u padel sp\u0113l\u0113t\u0101ja Juana Lebrona 2026. gada sezonai izv\u0113l\u0113t\u0101 <strong>Babolat Technical Viper SOFT Juan Lebr\u00f3n 3.0<\/strong> ir padel rakete ar ekskluz\u012bvu dizainu un \u012bpa\u0161u izdevumu, kas izgatavota ar iecien\u012bt\u0101kaj\u0101m Juan &#8220;El Lobo&#8221; Lebron kr\u0101s\u0101m!<\/p>\n<p>Sal\u012bdzino\u0161i ar standarta <strong>Technical Viper JL<\/strong> modeli, \u0161\u012b rakete ir iev\u0113rojami m\u012bkst\u0101ka un saudz\u012bg\u0101ka, k\u0101 rezult\u0101t\u0101 sniegs liel\u0101ku komfortu un jaudu!<\/p>\n<p>Ide\u0101li piem\u0113rots pieredz\u0113ju\u0161iem sp\u0113l\u0113t\u0101jiem, kuri sp\u0113l\u0113 uzbrukum\u0101 un mekl\u0113 jaud\u012bgu bumbas sitienu.<\/p>\n<p>Forma: Dimanta<br \/>\nBiezums: 38 mm<br \/>\nSvars: 365 gr<br \/>\nBalanss: uz galvu<br \/>\nR\u0101mis: Carbon<br \/>\nVirsma: Soft Carbon<br \/>\nStingrs un elegants iepakojums ar J. Lebr\u00f3n velt\u012bjumu un parakstu<\/p>\n<p>Raketes forma: Dimanta &#8211; Visliel\u0101k\u0101 jauda un sp\u0113ks &#8211; maz\u0101ks &#8220;Sweetspot&#8221;, kas b\u016bs piem\u0113rota prasm\u012bgiem sp\u0113l\u0113t\u0101jiem un uzbr\u016bko\u0161am stilam.<\/p>\n<p>Tehnolo\u0123ijas:<\/p>\n<ul>\n<li>Soft Carbon &#8211; M\u012bkst\u0101ks graf\u012bta\/karbona pinums sniegs \u0113rtu un saudz\u012bg\u0101ku sp\u0113li.<\/li>\n<li>&#8220;3D Spin&#8221; tehnolo\u0123ija pal\u012bdz lab\u0101k iegriezt bumbi\u0146u.<\/li>\n<li>&#8220;Holes Pattern System&#8221; tehnolo\u0123ija nodro\u0161ina piem\u0113totus raketes caurumu izm\u0113rus un izvietojumus atbilsto\u0161i raketes fromai, lai optimiz\u0113tu ener\u0123ijas p\u0101rnesi un ieg\u016btu lab\u0101ku precizit\u0101ti sitienos.<\/li>\n<li>&#8220;Vibrabsorb System&#8221; tehnolo\u0123ija absorb\u0113 virb\u0101cijas.<\/li>\n<\/ul>\n<p>LASI AR\u012a M\u016aSU SAGATAVOTO RAKSTU: <a href=\"https:\/\/www.teniss.lv\/ka-izveleties-sev-piemerotako-padel-tenisa-raketi\/\">K\u0100 IZV\u0112L\u0112TIES SEV PIEM\u0112ROT\u0100KO PADEL TENISA RAKETI?<\/a><\/p>\n<p style=\"text-align: center;\"><strong>Ieg\u0101d\u0101jies preces m\u016bsu internetveikal\u0101 uz izv\u0113lies sev \u0113rt\u0101ko pieg\u0101des veidu!\u00a0<\/strong><\/p>\n<p><strong>Pieg\u0101des veidi un cenas:\u00a0<\/strong><\/p>\n<ul>\n<li>Sa\u0146emt preci Babolat veikal\u0101 \u2013\u00a0<strong>BEZMAKSAS<\/strong><\/li>\n<li>Sa\u0146emt preci Omniva pakom\u0101t\u0101 \u2013\u00a0<strong>1,99 EUR<\/strong><\/li>\n<li>Sa\u0146emt preci ar pieg\u0101di uz m\u0101j\u0101m \u2013\u00a0<strong>9,99 EUR<\/strong><\/li>\n<\/ul>\n<p><strong>Ieg\u0101d\u0101joties preces virs 100 EUR, pieg\u0101de Omniva pakom\u0101t\u0101 \u2013 BEZMAKSAS!\u00a0<\/strong><\/p>\n<p>Uzzin\u0101t vair\u0101k par apmaksas veidiem:\u00a0<a href=\"https:\/\/www.teniss.lv\/apmaksas-veidi\/\">APMAKSAS VEIDI<\/a><\/p>\n<p>Uzzin\u0101t vair\u0101k par garantijas nosac\u012bjumiem un atgrie\u0161anas iesp\u0113j\u0101m:\u00a0<a href=\"https:\/\/www.teniss.lv\/garantija-un-atgriesana\/\">GARANTIJA UN ATGRIE\u0160ANA<\/a><\/p>\n<h6 style=\"text-align: center;\"><strong>BABOLAT TENISA VEIKALS<\/strong>\u2013\u00a0<strong>R\u012aG\u0100, C\u0112SU IEL\u0100 31. VISS NEPIECIE\u0160AMAIS TENISAM.\u00a0<\/strong><\/h6>\n<p style=\"text-align: center;\"><strong><a href=\"https:\/\/www.teniss.lv\/kontakti\/\">K\u0101 nok\u013c\u016bt?\u00a0<\/a><\/strong><\/p>\n<p><span lang=\"lv\"><strong>Babolat<\/strong>\u00a0ir fran\u010du izcelsmes \u0123imenes uz\u0146\u0113mums, kas savu darb\u012bbu aizs\u0101cis jau 1875. gad\u0101, kad teniss un badmintons v\u0113l bija tikai s\u0101kuma stadij\u0101. Ar gandr\u012bz 150 gadu laik\u0101 uzkr\u0101to pieredzi, Babolat ir viens no vec\u0101kajiem un profesion\u0101l\u0101kajiem staurptautiskajiem sporta z\u012bmoliem pasaul\u0113, kas specializ\u0113jas rake\u0161u sport\u0101. Gadu laik\u0101 v\u0113rojot un analiz\u0113jot sp\u0113les, Babolat m\u0113r\u0137is ir rast ar vien lab\u0101kus risin\u0101jumus un uzlabjumus, lai ieg\u016btu maksim\u0101lo kvalit\u0101ti sp\u0113l\u0113, piel\u0101gojoties sp\u0113les stiliem, k\u0101 ar\u012b sp\u0113l\u0113t\u0101ju l\u012bme\u0146iem un vecumiem. Babolat ir izveidojis lieliskas sadarb\u012bbas ar t\u0101diem profesion\u0101liem tenisa sp\u0113l\u0113t\u0101jiem k\u0101 Rafael Nadal un Stephan Houdet, profesion\u0101liem badmintona sp\u0113l\u0113t\u0101jiem Chloe Birch un Hongyan Pi un izcilu padel tenisa sp\u0113l\u0113t\u0101ju Juan Lebron.\u00a0<\/span><\/p>\n<p>Vair\u0101k par Babolat uz\u0146\u0113muma ideju skaties \u0161eit:<\/p>\n<p><a href=\"https:\/\/www.youtube.com\/watch?v=gDcapYFEx_Q\">VIDEO: BABOLAT<\/a><\/p>\n","protected":false},"excerpt":{"rendered":"<p>Sp\u0101\u0146u padel sp\u0113l\u0113t\u0101ja Juana Lebrona 2026. gada sezonai izv\u0113l\u0113t\u0101 Babolat Technical Viper SOFT Juan Lebr\u00f3n 3.0 ir padel rakete ar ekskluz\u012bvu dizainu un \u012bpa\u0161u izdevumu, kas izgatavota ar iecien\u012bt\u0101kaj\u0101m Juan &#8220;El Lobo&#8221; Lebron kr\u0101s\u0101m! Sal\u012bdzino\u0161i ar standarta Technical Viper JL modeli, \u0161\u012b rakete ir iev\u0113rojami m\u012bkst\u0101ka un saudz\u012bg\u0101ka, k\u0101 rezult\u0101t\u0101 sniegs liel\u0101ku komfortu un jaudu!&hellip;&nbsp;<a href=\"https:\/\/www.veikals.teniss.lv\/index.php\/product\/limited-edition-juan-lebron-viper-soft-3-0\/\" rel=\"bookmark\">Read More &raquo;<span class=\"screen-reader-text\">VIPER SOFT 3.0 JUAN LEBRON<\/span><\/a><\/p>\n","protected":false},"featured_media":16109,"template":"","meta":{"neve_meta_sidebar":"","neve_meta_container":"","neve_meta_enable_content_width":"off","neve_meta_content_width":70,"neve_meta_title_alignment":"","neve_meta_author_avatar":"","neve_post_elements_order":"","neve_meta_disable_header":"","neve_meta_disable_footer":"","neve_meta_disable_title":"","_links_to":"","_links_to_target":""},"product_brand":[],"product_cat":[163,42,43],"product_tag":[178,90],"class_list":{"0":"post-16108","1":"product","2":"type-product","3":"status-publish","4":"has-post-thumbnail","6":"product_cat-babolat-padel","7":"product_cat-padel-teniss","8":"product_cat-raketes-un-bumbinas","9":"product_tag-babolat","10":"product_tag-include-feed","12":"first","13":"instock","14":"taxable","15":"shipping-taxable","16":"purchasable","17":"product-type-simple"},"yoast_head":"<!-- This site is optimized with the Yoast SEO plugin v27.3 - https:\/\/yoast.com\/product\/yoast-seo-wordpress\/ -->\n<title>Padel rakete Technical\u00a0Viper JL 3.0. Babolat tenisa veikals, C\u0113su iel\u0101 31.<\/title>\n<meta name=\"description\" content=\"Padel tenisa rakete Technical\u00a0Viper Juan Lebron 3.0. Jaud\u012bga un ekskluz\u012bva izlaiduma padel rakete. Babolat tenisa veikals, Teniss.lv\" \/>\n<meta name=\"robots\" content=\"index, follow, max-snippet:-1, max-image-preview:large, max-video-preview:-1\" \/>\n<link rel=\"canonical\" href=\"https:\/\/www.veikals.teniss.lv\/index.php\/product\/limited-edition-juan-lebron-viper-soft-3-0\/\" \/>\n<meta property=\"og:locale\" content=\"lv_LV\" \/>\n<meta property=\"og:type\" content=\"article\" \/>\n<meta property=\"og:title\" content=\"Padel rakete Technical\u00a0Viper JL 3.0. Babolat tenisa veikals, C\u0113su iel\u0101 31.\" \/>\n<meta property=\"og:description\" content=\"Padel tenisa rakete Technical\u00a0Viper Juan Lebron 3.0. Jaud\u012bga un ekskluz\u012bva izlaiduma padel rakete. Babolat tenisa veikals, Teniss.lv\" \/>\n<meta property=\"og:url\" content=\"https:\/\/www.veikals.teniss.lv\/index.php\/product\/limited-edition-juan-lebron-viper-soft-3-0\/\" \/>\n<meta property=\"og:site_name\" content=\"Tenisa veikals\" \/>\n<meta property=\"article:modified_time\" content=\"2026-03-02T10:07:53+00:00\" \/>\n<meta property=\"og:image\" content=\"http:\/\/www.veikals.teniss.lv\/wp-content\/uploads\/2025\/11\/150178-VIPER_SOFT_JUAN_LEBRON_3.0-100-1-Face-scaled.png\" \/>\n\t<meta property=\"og:image:width\" content=\"2560\" \/>\n\t<meta property=\"og:image:height\" content=\"2560\" \/>\n\t<meta property=\"og:image:type\" content=\"image\/png\" \/>\n<meta name=\"twitter:card\" content=\"summary_large_image\" \/>\n<meta name=\"twitter:label1\" content=\"Est. reading time\" \/>\n\t<meta name=\"twitter:data1\" content=\"3 min\u016btes\" \/>\n<script type=\"application\/ld+json\" class=\"yoast-schema-graph\">{\"@context\":\"https:\\\/\\\/schema.org\",\"@graph\":[{\"@type\":\"WebPage\",\"@id\":\"https:\\\/\\\/www.veikals.teniss.lv\\\/index.php\\\/product\\\/limited-edition-juan-lebron-viper-soft-3-0\\\/\",\"url\":\"https:\\\/\\\/www.veikals.teniss.lv\\\/index.php\\\/product\\\/limited-edition-juan-lebron-viper-soft-3-0\\\/\",\"name\":\"Padel rakete Technical\u00a0Viper JL 3.0. Babolat tenisa veikals, C\u0113su iel\u0101 31.\",\"isPartOf\":{\"@id\":\"https:\\\/\\\/www.veikals.teniss.lv\\\/#website\"},\"primaryImageOfPage\":{\"@id\":\"https:\\\/\\\/www.veikals.teniss.lv\\\/index.php\\\/product\\\/limited-edition-juan-lebron-viper-soft-3-0\\\/#primaryimage\"},\"image\":{\"@id\":\"https:\\\/\\\/www.veikals.teniss.lv\\\/index.php\\\/product\\\/limited-edition-juan-lebron-viper-soft-3-0\\\/#primaryimage\"},\"thumbnailUrl\":\"https:\\\/\\\/www.veikals.teniss.lv\\\/wp-content\\\/uploads\\\/2025\\\/11\\\/150178-VIPER_SOFT_JUAN_LEBRON_3.0-100-1-Face-scaled.png\",\"datePublished\":\"2025-11-14T15:31:00+00:00\",\"dateModified\":\"2026-03-02T10:07:53+00:00\",\"description\":\"Padel tenisa rakete Technical\u00a0Viper Juan Lebron 3.0. Jaud\u012bga un ekskluz\u012bva izlaiduma padel rakete. Babolat tenisa veikals, Teniss.lv\",\"breadcrumb\":{\"@id\":\"https:\\\/\\\/www.veikals.teniss.lv\\\/index.php\\\/product\\\/limited-edition-juan-lebron-viper-soft-3-0\\\/#breadcrumb\"},\"inLanguage\":\"lv-LV\",\"potentialAction\":[{\"@type\":\"ReadAction\",\"target\":[\"https:\\\/\\\/www.veikals.teniss.lv\\\/index.php\\\/product\\\/limited-edition-juan-lebron-viper-soft-3-0\\\/\"]}]},{\"@type\":\"ImageObject\",\"inLanguage\":\"lv-LV\",\"@id\":\"https:\\\/\\\/www.veikals.teniss.lv\\\/index.php\\\/product\\\/limited-edition-juan-lebron-viper-soft-3-0\\\/#primaryimage\",\"url\":\"https:\\\/\\\/www.veikals.teniss.lv\\\/wp-content\\\/uploads\\\/2025\\\/11\\\/150178-VIPER_SOFT_JUAN_LEBRON_3.0-100-1-Face-scaled.png\",\"contentUrl\":\"https:\\\/\\\/www.veikals.teniss.lv\\\/wp-content\\\/uploads\\\/2025\\\/11\\\/150178-VIPER_SOFT_JUAN_LEBRON_3.0-100-1-Face-scaled.png\",\"width\":2560,\"height\":2560},{\"@type\":\"BreadcrumbList\",\"@id\":\"https:\\\/\\\/www.veikals.teniss.lv\\\/index.php\\\/product\\\/limited-edition-juan-lebron-viper-soft-3-0\\\/#breadcrumb\",\"itemListElement\":[{\"@type\":\"ListItem\",\"position\":1,\"name\":\"Home\",\"item\":\"https:\\\/\\\/www.veikals.teniss.lv\\\/\"},{\"@type\":\"ListItem\",\"position\":2,\"name\":\"Kategorijas\",\"item\":\"https:\\\/\\\/www.veikals.teniss.lv\\\/\"},{\"@type\":\"ListItem\",\"position\":3,\"name\":\"VIPER SOFT 3.0 JUAN LEBRON\"}]},{\"@type\":\"WebSite\",\"@id\":\"https:\\\/\\\/www.veikals.teniss.lv\\\/#website\",\"url\":\"https:\\\/\\\/www.veikals.teniss.lv\\\/\",\"name\":\"Tenisa veikals\",\"description\":\"RAKE\u0160U SPORTA E-VEIKALS\",\"publisher\":{\"@id\":\"https:\\\/\\\/www.veikals.teniss.lv\\\/#organization\"},\"potentialAction\":[{\"@type\":\"SearchAction\",\"target\":{\"@type\":\"EntryPoint\",\"urlTemplate\":\"https:\\\/\\\/www.veikals.teniss.lv\\\/?s={search_term_string}\"},\"query-input\":{\"@type\":\"PropertyValueSpecification\",\"valueRequired\":true,\"valueName\":\"search_term_string\"}}],\"inLanguage\":\"lv-LV\"},{\"@type\":\"Organization\",\"@id\":\"https:\\\/\\\/www.veikals.teniss.lv\\\/#organization\",\"name\":\"Teniss.lv\",\"url\":\"https:\\\/\\\/www.veikals.teniss.lv\\\/\",\"logo\":{\"@type\":\"ImageObject\",\"inLanguage\":\"lv-LV\",\"@id\":\"https:\\\/\\\/www.veikals.teniss.lv\\\/#\\\/schema\\\/logo\\\/image\\\/\",\"url\":\"https:\\\/\\\/www.veikals.teniss.lv\\\/wp-content\\\/uploads\\\/2021\\\/01\\\/cropped-babolat-logo1.png\",\"contentUrl\":\"https:\\\/\\\/www.veikals.teniss.lv\\\/wp-content\\\/uploads\\\/2021\\\/01\\\/cropped-babolat-logo1.png\",\"width\":500,\"height\":125,\"caption\":\"Teniss.lv\"},\"image\":{\"@id\":\"https:\\\/\\\/www.veikals.teniss.lv\\\/#\\\/schema\\\/logo\\\/image\\\/\"}}]}<\/script>\n<!-- \/ Yoast SEO plugin. -->","yoast_head_json":{"title":"Padel rakete Technical\u00a0Viper JL 3.0. Babolat tenisa veikals, C\u0113su iel\u0101 31.","description":"Padel tenisa rakete Technical\u00a0Viper Juan Lebron 3.0. Jaud\u012bga un ekskluz\u012bva izlaiduma padel rakete. Babolat tenisa veikals, Teniss.lv","robots":{"index":"index","follow":"follow","max-snippet":"max-snippet:-1","max-image-preview":"max-image-preview:large","max-video-preview":"max-video-preview:-1"},"canonical":"https:\/\/www.veikals.teniss.lv\/index.php\/product\/limited-edition-juan-lebron-viper-soft-3-0\/","og_locale":"lv_LV","og_type":"article","og_title":"Padel rakete Technical\u00a0Viper JL 3.0. Babolat tenisa veikals, C\u0113su iel\u0101 31.","og_description":"Padel tenisa rakete Technical\u00a0Viper Juan Lebron 3.0. Jaud\u012bga un ekskluz\u012bva izlaiduma padel rakete. Babolat tenisa veikals, Teniss.lv","og_url":"https:\/\/www.veikals.teniss.lv\/index.php\/product\/limited-edition-juan-lebron-viper-soft-3-0\/","og_site_name":"Tenisa veikals","article_modified_time":"2026-03-02T10:07:53+00:00","og_image":[{"width":2560,"height":2560,"url":"http:\/\/www.veikals.teniss.lv\/wp-content\/uploads\/2025\/11\/150178-VIPER_SOFT_JUAN_LEBRON_3.0-100-1-Face-scaled.png","type":"image\/png"}],"twitter_card":"summary_large_image","twitter_misc":{"Est. reading time":"3 min\u016btes"},"schema":{"@context":"https:\/\/schema.org","@graph":[{"@type":"WebPage","@id":"https:\/\/www.veikals.teniss.lv\/index.php\/product\/limited-edition-juan-lebron-viper-soft-3-0\/","url":"https:\/\/www.veikals.teniss.lv\/index.php\/product\/limited-edition-juan-lebron-viper-soft-3-0\/","name":"Padel rakete Technical\u00a0Viper JL 3.0. Babolat tenisa veikals, C\u0113su iel\u0101 31.","isPartOf":{"@id":"https:\/\/www.veikals.teniss.lv\/#website"},"primaryImageOfPage":{"@id":"https:\/\/www.veikals.teniss.lv\/index.php\/product\/limited-edition-juan-lebron-viper-soft-3-0\/#primaryimage"},"image":{"@id":"https:\/\/www.veikals.teniss.lv\/index.php\/product\/limited-edition-juan-lebron-viper-soft-3-0\/#primaryimage"},"thumbnailUrl":"https:\/\/www.veikals.teniss.lv\/wp-content\/uploads\/2025\/11\/150178-VIPER_SOFT_JUAN_LEBRON_3.0-100-1-Face-scaled.png","datePublished":"2025-11-14T15:31:00+00:00","dateModified":"2026-03-02T10:07:53+00:00","description":"Padel tenisa rakete Technical\u00a0Viper Juan Lebron 3.0. Jaud\u012bga un ekskluz\u012bva izlaiduma padel rakete. Babolat tenisa veikals, Teniss.lv","breadcrumb":{"@id":"https:\/\/www.veikals.teniss.lv\/index.php\/product\/limited-edition-juan-lebron-viper-soft-3-0\/#breadcrumb"},"inLanguage":"lv-LV","potentialAction":[{"@type":"ReadAction","target":["https:\/\/www.veikals.teniss.lv\/index.php\/product\/limited-edition-juan-lebron-viper-soft-3-0\/"]}]},{"@type":"ImageObject","inLanguage":"lv-LV","@id":"https:\/\/www.veikals.teniss.lv\/index.php\/product\/limited-edition-juan-lebron-viper-soft-3-0\/#primaryimage","url":"https:\/\/www.veikals.teniss.lv\/wp-content\/uploads\/2025\/11\/150178-VIPER_SOFT_JUAN_LEBRON_3.0-100-1-Face-scaled.png","contentUrl":"https:\/\/www.veikals.teniss.lv\/wp-content\/uploads\/2025\/11\/150178-VIPER_SOFT_JUAN_LEBRON_3.0-100-1-Face-scaled.png","width":2560,"height":2560},{"@type":"BreadcrumbList","@id":"https:\/\/www.veikals.teniss.lv\/index.php\/product\/limited-edition-juan-lebron-viper-soft-3-0\/#breadcrumb","itemListElement":[{"@type":"ListItem","position":1,"name":"Home","item":"https:\/\/www.veikals.teniss.lv\/"},{"@type":"ListItem","position":2,"name":"Kategorijas","item":"https:\/\/www.veikals.teniss.lv\/"},{"@type":"ListItem","position":3,"name":"VIPER SOFT 3.0 JUAN LEBRON"}]},{"@type":"WebSite","@id":"https:\/\/www.veikals.teniss.lv\/#website","url":"https:\/\/www.veikals.teniss.lv\/","name":"Tenisa veikals","description":"RAKE\u0160U SPORTA E-VEIKALS","publisher":{"@id":"https:\/\/www.veikals.teniss.lv\/#organization"},"potentialAction":[{"@type":"SearchAction","target":{"@type":"EntryPoint","urlTemplate":"https:\/\/www.veikals.teniss.lv\/?s={search_term_string}"},"query-input":{"@type":"PropertyValueSpecification","valueRequired":true,"valueName":"search_term_string"}}],"inLanguage":"lv-LV"},{"@type":"Organization","@id":"https:\/\/www.veikals.teniss.lv\/#organization","name":"Teniss.lv","url":"https:\/\/www.veikals.teniss.lv\/","logo":{"@type":"ImageObject","inLanguage":"lv-LV","@id":"https:\/\/www.veikals.teniss.lv\/#\/schema\/logo\/image\/","url":"https:\/\/www.veikals.teniss.lv\/wp-content\/uploads\/2021\/01\/cropped-babolat-logo1.png","contentUrl":"https:\/\/www.veikals.teniss.lv\/wp-content\/uploads\/2021\/01\/cropped-babolat-logo1.png","width":500,"height":125,"caption":"Teniss.lv"},"image":{"@id":"https:\/\/www.veikals.teniss.lv\/#\/schema\/logo\/image\/"}}]}},"_links":{"self":[{"href":"https:\/\/www.veikals.teniss.lv\/index.php\/wp-json\/wp\/v2\/product\/16108","targetHints":{"allow":["GET"]}}],"collection":[{"href":"https:\/\/www.veikals.teniss.lv\/index.php\/wp-json\/wp\/v2\/product"}],"about":[{"href":"https:\/\/www.veikals.teniss.lv\/index.php\/wp-json\/wp\/v2\/types\/product"}],"wp:featuredmedia":[{"embeddable":true,"href":"https:\/\/www.veikals.teniss.lv\/index.php\/wp-json\/wp\/v2\/media\/16109"}],"wp:attachment":[{"href":"https:\/\/www.veikals.teniss.lv\/index.php\/wp-json\/wp\/v2\/media?parent=16108"}],"wp:term":[{"taxonomy":"product_brand","embeddable":true,"href":"https:\/\/www.veikals.teniss.lv\/index.php\/wp-json\/wp\/v2\/product_brand?post=16108"},{"taxonomy":"product_cat","embeddable":true,"href":"https:\/\/www.veikals.teniss.lv\/index.php\/wp-json\/wp\/v2\/product_cat?post=16108"},{"taxonomy":"product_tag","embeddable":true,"href":"https:\/\/www.veikals.teniss.lv\/index.php\/wp-json\/wp\/v2\/product_tag?post=16108"}],"curies":[{"name":"wp","href":"https:\/\/api.w.org\/{rel}","templated":true}]}}