{"id":12815,"date":"2024-11-23T13:12:58","date_gmt":"2024-11-23T11:12:58","guid":{"rendered":"https:\/\/www.veikals.teniss.lv\/?post_type=product&#038;p=12815"},"modified":"2025-12-08T11:30:47","modified_gmt":"2025-12-08T09:30:47","slug":"head-kids-tour-mugursoma-14l-monster","status":"publish","type":"product","link":"https:\/\/www.veikals.teniss.lv\/index.php\/product\/head-kids-tour-mugursoma-14l-monster\/","title":{"rendered":"HEAD KIDS TOUR Mugursoma 14L MONSTER"},"content":{"rendered":"<p><strong>HEAD KIDS TOUR MONSTER <\/strong>&#8211; Viegla un \u0113rta, un tai ir jauna kr\u0101su gamma un <em>monster<\/em> dizains, kas atbilst <strong>NOVAK Junior<\/strong> rake\u0161u s\u0113rijai. B\u0113rniem patiks \u0161\u012b soma, kurai ir muguras nodal\u012bjums vienai raketei, galvenais nodal\u012bjums dr\u0113b\u0113m un apaviem un priek\u0161\u0113jais r\u0101v\u0113jsl\u0113dz\u0113ja piederumu nodal\u012bjums. Optim\u0101lam komfortam mugursomas siksnas un kr\u016b\u0161u spr\u0101dze ir perfekti izstr\u0101d\u0101tas b\u0113rniem. Funkcijas ietver ar\u012b v\u0101rdu birku somas iek\u0161pus\u0113.<\/p>\n<p>Ietilp\u012bba: 14L<\/p>\n<p>Izm\u0113ri: 30 x 36 x 16<\/p>\n<p>Materi\u0101ls: 100% Poliesters<\/p>\n<p><strong>Ieg\u0101d\u0101jies preces m\u016bsu internetveikal\u0101 uz izv\u0113lies sev \u0113rt\u0101ko pieg\u0101des veidu!\u00a0<\/strong><\/p>\n<p><strong>Pieg\u0101des veidi un cenas:\u00a0<\/strong><\/p>\n<ul>\n<li>Sa\u0146emt preci Babolat veikal\u0101 \u2013\u00a0<strong>BEZMAKSAS<\/strong><\/li>\n<li>Sa\u0146emt preci Omniva pakom\u0101t\u0101 \u2013\u00a0<strong>1,99 EUR<\/strong><\/li>\n<li>Sa\u0146emt preci ar pieg\u0101di uz m\u0101j\u0101m \u2013\u00a0<strong>9,99 EUR<\/strong><\/li>\n<\/ul>\n<p><strong>Ieg\u0101d\u0101joties preces virs 100 EUR, pieg\u0101de Omniva pakom\u0101t\u0101 \u2013 BEZMAKSAS!\u00a0<\/strong><\/p>\n<p>Uzzin\u0101t vair\u0101k par apmaksas veidiem:\u00a0<a href=\"https:\/\/www.teniss.lv\/apmaksas-veidi\/\">APMAKSAS VEIDI<\/a><\/p>\n<p>Uzzin\u0101t vair\u0101k par garantijas nosac\u012bjumiem un atgrie\u0161anas iesp\u0113j\u0101m:\u00a0<a href=\"https:\/\/www.teniss.lv\/garantija-un-atgriesana\/\">GARANTIJA UN ATGRIE\u0160ANA<\/a><\/p>\n<p>\u00a0<\/p>\n<p><strong>Tenisa somas un mugursomas da\u017e\u0101dos izm\u0113ros un da\u017e\u0101d\u0101s cen\u0101s. Tenisa somas b\u0113rniem un pieaugu\u0161ajiem.<\/strong><\/p>\n<h6><strong>BABOLAT TENISA VEIKALS<\/strong>\u2013\u00a0<strong>R\u012aG\u0100, C\u0112SU IEL\u0100 31. VISS NEPIECIE\u0160AMAIS TENISAM.\u00a0<\/strong><\/h6>\n<p><strong><a href=\"https:\/\/www.teniss.lv\/kontakti\/\">K\u0101 nok\u013c\u016bt?\u00a0<\/a><\/strong><\/p>\n","protected":false},"excerpt":{"rendered":"<p>HEAD KIDS TOUR MONSTER &#8211; Viegla un \u0113rta, un tai ir jauna kr\u0101su gamma un monster dizains, kas atbilst NOVAK Junior rake\u0161u s\u0113rijai. B\u0113rniem patiks \u0161\u012b soma, kurai ir muguras nodal\u012bjums vienai raketei, galvenais nodal\u012bjums dr\u0113b\u0113m un apaviem un priek\u0161\u0113jais r\u0101v\u0113jsl\u0113dz\u0113ja piederumu nodal\u012bjums. Optim\u0101lam komfortam mugursomas siksnas un kr\u016b\u0161u spr\u0101dze ir perfekti izstr\u0101d\u0101tas b\u0113rniem. Funkcijas&hellip;&nbsp;<a href=\"https:\/\/www.veikals.teniss.lv\/index.php\/product\/head-kids-tour-mugursoma-14l-monster\/\" rel=\"bookmark\">Read More &raquo;<span class=\"screen-reader-text\">HEAD KIDS TOUR Mugursoma 14L MONSTER<\/span><\/a><\/p>\n","protected":false},"featured_media":12814,"template":"","meta":{"neve_meta_sidebar":"","neve_meta_container":"","neve_meta_enable_content_width":"off","neve_meta_content_width":100,"neve_meta_title_alignment":"","neve_meta_author_avatar":"","neve_post_elements_order":"","neve_meta_disable_header":"","neve_meta_disable_footer":"","neve_meta_disable_title":"","_links_to":"","_links_to_target":""},"product_brand":[],"product_cat":[20],"product_tag":[],"class_list":{"0":"post-12815","1":"product","2":"type-product","3":"status-publish","4":"has-post-thumbnail","6":"product_cat-somas-tenisam","8":"first","9":"instock","10":"taxable","11":"shipping-taxable","12":"purchasable","13":"product-type-simple"},"yoast_head":"<!-- This site is optimized with the Yoast SEO plugin v27.3 - https:\/\/yoast.com\/product\/yoast-seo-wordpress\/ -->\n<title>HEAD KIDS TOUR Mugursoma 14L MONSTER - Tenisa veikals<\/title>\n<meta name=\"robots\" content=\"index, follow, max-snippet:-1, max-image-preview:large, max-video-preview:-1\" \/>\n<link rel=\"canonical\" href=\"https:\/\/www.veikals.teniss.lv\/index.php\/product\/head-kids-tour-mugursoma-14l-monster\/\" \/>\n<meta property=\"og:locale\" content=\"lv_LV\" \/>\n<meta property=\"og:type\" content=\"article\" \/>\n<meta property=\"og:title\" content=\"HEAD KIDS TOUR Mugursoma 14L MONSTER - Tenisa veikals\" \/>\n<meta property=\"og:description\" content=\"HEAD KIDS TOUR MONSTER &#8211; Viegla un \u0113rta, un tai ir jauna kr\u0101su gamma un monster dizains, kas atbilst NOVAK Junior rake\u0161u s\u0113rijai. B\u0113rniem patiks \u0161\u012b soma, kurai ir muguras nodal\u012bjums vienai raketei, galvenais nodal\u012bjums dr\u0113b\u0113m un apaviem un priek\u0161\u0113jais r\u0101v\u0113jsl\u0113dz\u0113ja piederumu nodal\u012bjums. Optim\u0101lam komfortam mugursomas siksnas un kr\u016b\u0161u spr\u0101dze ir perfekti izstr\u0101d\u0101tas b\u0113rniem. Funkcijas&hellip;&nbsp;Read More &raquo;HEAD KIDS TOUR Mugursoma 14L MONSTER\" \/>\n<meta property=\"og:url\" content=\"https:\/\/www.veikals.teniss.lv\/index.php\/product\/head-kids-tour-mugursoma-14l-monster\/\" \/>\n<meta property=\"og:site_name\" content=\"Tenisa veikals\" \/>\n<meta property=\"article:modified_time\" content=\"2025-12-08T09:30:47+00:00\" \/>\n<meta property=\"og:image\" content=\"http:\/\/www.veikals.teniss.lv\/wp-content\/uploads\/2024\/11\/465662.jpg\" \/>\n\t<meta property=\"og:image:width\" content=\"800\" \/>\n\t<meta property=\"og:image:height\" content=\"800\" \/>\n\t<meta property=\"og:image:type\" content=\"image\/jpeg\" \/>\n<meta name=\"twitter:card\" content=\"summary_large_image\" \/>\n<meta name=\"twitter:label1\" content=\"Est. reading time\" \/>\n\t<meta name=\"twitter:data1\" content=\"2 min\u016btes\" \/>\n<script type=\"application\/ld+json\" class=\"yoast-schema-graph\">{\"@context\":\"https:\\\/\\\/schema.org\",\"@graph\":[{\"@type\":\"WebPage\",\"@id\":\"https:\\\/\\\/www.veikals.teniss.lv\\\/index.php\\\/product\\\/head-kids-tour-mugursoma-14l-monster\\\/\",\"url\":\"https:\\\/\\\/www.veikals.teniss.lv\\\/index.php\\\/product\\\/head-kids-tour-mugursoma-14l-monster\\\/\",\"name\":\"HEAD KIDS TOUR Mugursoma 14L MONSTER - Tenisa veikals\",\"isPartOf\":{\"@id\":\"https:\\\/\\\/www.veikals.teniss.lv\\\/#website\"},\"primaryImageOfPage\":{\"@id\":\"https:\\\/\\\/www.veikals.teniss.lv\\\/index.php\\\/product\\\/head-kids-tour-mugursoma-14l-monster\\\/#primaryimage\"},\"image\":{\"@id\":\"https:\\\/\\\/www.veikals.teniss.lv\\\/index.php\\\/product\\\/head-kids-tour-mugursoma-14l-monster\\\/#primaryimage\"},\"thumbnailUrl\":\"https:\\\/\\\/www.veikals.teniss.lv\\\/wp-content\\\/uploads\\\/2024\\\/11\\\/465662.jpg\",\"datePublished\":\"2024-11-23T11:12:58+00:00\",\"dateModified\":\"2025-12-08T09:30:47+00:00\",\"breadcrumb\":{\"@id\":\"https:\\\/\\\/www.veikals.teniss.lv\\\/index.php\\\/product\\\/head-kids-tour-mugursoma-14l-monster\\\/#breadcrumb\"},\"inLanguage\":\"lv-LV\",\"potentialAction\":[{\"@type\":\"ReadAction\",\"target\":[\"https:\\\/\\\/www.veikals.teniss.lv\\\/index.php\\\/product\\\/head-kids-tour-mugursoma-14l-monster\\\/\"]}]},{\"@type\":\"ImageObject\",\"inLanguage\":\"lv-LV\",\"@id\":\"https:\\\/\\\/www.veikals.teniss.lv\\\/index.php\\\/product\\\/head-kids-tour-mugursoma-14l-monster\\\/#primaryimage\",\"url\":\"https:\\\/\\\/www.veikals.teniss.lv\\\/wp-content\\\/uploads\\\/2024\\\/11\\\/465662.jpg\",\"contentUrl\":\"https:\\\/\\\/www.veikals.teniss.lv\\\/wp-content\\\/uploads\\\/2024\\\/11\\\/465662.jpg\",\"width\":800,\"height\":800},{\"@type\":\"BreadcrumbList\",\"@id\":\"https:\\\/\\\/www.veikals.teniss.lv\\\/index.php\\\/product\\\/head-kids-tour-mugursoma-14l-monster\\\/#breadcrumb\",\"itemListElement\":[{\"@type\":\"ListItem\",\"position\":1,\"name\":\"Home\",\"item\":\"https:\\\/\\\/www.veikals.teniss.lv\\\/\"},{\"@type\":\"ListItem\",\"position\":2,\"name\":\"Kategorijas\",\"item\":\"https:\\\/\\\/www.veikals.teniss.lv\\\/\"},{\"@type\":\"ListItem\",\"position\":3,\"name\":\"HEAD KIDS TOUR Mugursoma 14L MONSTER\"}]},{\"@type\":\"WebSite\",\"@id\":\"https:\\\/\\\/www.veikals.teniss.lv\\\/#website\",\"url\":\"https:\\\/\\\/www.veikals.teniss.lv\\\/\",\"name\":\"Tenisa veikals\",\"description\":\"RAKE\u0160U SPORTA E-VEIKALS\",\"publisher\":{\"@id\":\"https:\\\/\\\/www.veikals.teniss.lv\\\/#organization\"},\"potentialAction\":[{\"@type\":\"SearchAction\",\"target\":{\"@type\":\"EntryPoint\",\"urlTemplate\":\"https:\\\/\\\/www.veikals.teniss.lv\\\/?s={search_term_string}\"},\"query-input\":{\"@type\":\"PropertyValueSpecification\",\"valueRequired\":true,\"valueName\":\"search_term_string\"}}],\"inLanguage\":\"lv-LV\"},{\"@type\":\"Organization\",\"@id\":\"https:\\\/\\\/www.veikals.teniss.lv\\\/#organization\",\"name\":\"Teniss.lv\",\"url\":\"https:\\\/\\\/www.veikals.teniss.lv\\\/\",\"logo\":{\"@type\":\"ImageObject\",\"inLanguage\":\"lv-LV\",\"@id\":\"https:\\\/\\\/www.veikals.teniss.lv\\\/#\\\/schema\\\/logo\\\/image\\\/\",\"url\":\"https:\\\/\\\/www.veikals.teniss.lv\\\/wp-content\\\/uploads\\\/2021\\\/01\\\/cropped-babolat-logo1.png\",\"contentUrl\":\"https:\\\/\\\/www.veikals.teniss.lv\\\/wp-content\\\/uploads\\\/2021\\\/01\\\/cropped-babolat-logo1.png\",\"width\":500,\"height\":125,\"caption\":\"Teniss.lv\"},\"image\":{\"@id\":\"https:\\\/\\\/www.veikals.teniss.lv\\\/#\\\/schema\\\/logo\\\/image\\\/\"}}]}<\/script>\n<!-- \/ Yoast SEO plugin. -->","yoast_head_json":{"title":"HEAD KIDS TOUR Mugursoma 14L MONSTER - Tenisa veikals","robots":{"index":"index","follow":"follow","max-snippet":"max-snippet:-1","max-image-preview":"max-image-preview:large","max-video-preview":"max-video-preview:-1"},"canonical":"https:\/\/www.veikals.teniss.lv\/index.php\/product\/head-kids-tour-mugursoma-14l-monster\/","og_locale":"lv_LV","og_type":"article","og_title":"HEAD KIDS TOUR Mugursoma 14L MONSTER - Tenisa veikals","og_description":"HEAD KIDS TOUR MONSTER &#8211; Viegla un \u0113rta, un tai ir jauna kr\u0101su gamma un monster dizains, kas atbilst NOVAK Junior rake\u0161u s\u0113rijai. B\u0113rniem patiks \u0161\u012b soma, kurai ir muguras nodal\u012bjums vienai raketei, galvenais nodal\u012bjums dr\u0113b\u0113m un apaviem un priek\u0161\u0113jais r\u0101v\u0113jsl\u0113dz\u0113ja piederumu nodal\u012bjums. Optim\u0101lam komfortam mugursomas siksnas un kr\u016b\u0161u spr\u0101dze ir perfekti izstr\u0101d\u0101tas b\u0113rniem. Funkcijas&hellip;&nbsp;Read More &raquo;HEAD KIDS TOUR Mugursoma 14L MONSTER","og_url":"https:\/\/www.veikals.teniss.lv\/index.php\/product\/head-kids-tour-mugursoma-14l-monster\/","og_site_name":"Tenisa veikals","article_modified_time":"2025-12-08T09:30:47+00:00","og_image":[{"width":800,"height":800,"url":"http:\/\/www.veikals.teniss.lv\/wp-content\/uploads\/2024\/11\/465662.jpg","type":"image\/jpeg"}],"twitter_card":"summary_large_image","twitter_misc":{"Est. reading time":"2 min\u016btes"},"schema":{"@context":"https:\/\/schema.org","@graph":[{"@type":"WebPage","@id":"https:\/\/www.veikals.teniss.lv\/index.php\/product\/head-kids-tour-mugursoma-14l-monster\/","url":"https:\/\/www.veikals.teniss.lv\/index.php\/product\/head-kids-tour-mugursoma-14l-monster\/","name":"HEAD KIDS TOUR Mugursoma 14L MONSTER - Tenisa veikals","isPartOf":{"@id":"https:\/\/www.veikals.teniss.lv\/#website"},"primaryImageOfPage":{"@id":"https:\/\/www.veikals.teniss.lv\/index.php\/product\/head-kids-tour-mugursoma-14l-monster\/#primaryimage"},"image":{"@id":"https:\/\/www.veikals.teniss.lv\/index.php\/product\/head-kids-tour-mugursoma-14l-monster\/#primaryimage"},"thumbnailUrl":"https:\/\/www.veikals.teniss.lv\/wp-content\/uploads\/2024\/11\/465662.jpg","datePublished":"2024-11-23T11:12:58+00:00","dateModified":"2025-12-08T09:30:47+00:00","breadcrumb":{"@id":"https:\/\/www.veikals.teniss.lv\/index.php\/product\/head-kids-tour-mugursoma-14l-monster\/#breadcrumb"},"inLanguage":"lv-LV","potentialAction":[{"@type":"ReadAction","target":["https:\/\/www.veikals.teniss.lv\/index.php\/product\/head-kids-tour-mugursoma-14l-monster\/"]}]},{"@type":"ImageObject","inLanguage":"lv-LV","@id":"https:\/\/www.veikals.teniss.lv\/index.php\/product\/head-kids-tour-mugursoma-14l-monster\/#primaryimage","url":"https:\/\/www.veikals.teniss.lv\/wp-content\/uploads\/2024\/11\/465662.jpg","contentUrl":"https:\/\/www.veikals.teniss.lv\/wp-content\/uploads\/2024\/11\/465662.jpg","width":800,"height":800},{"@type":"BreadcrumbList","@id":"https:\/\/www.veikals.teniss.lv\/index.php\/product\/head-kids-tour-mugursoma-14l-monster\/#breadcrumb","itemListElement":[{"@type":"ListItem","position":1,"name":"Home","item":"https:\/\/www.veikals.teniss.lv\/"},{"@type":"ListItem","position":2,"name":"Kategorijas","item":"https:\/\/www.veikals.teniss.lv\/"},{"@type":"ListItem","position":3,"name":"HEAD KIDS TOUR Mugursoma 14L MONSTER"}]},{"@type":"WebSite","@id":"https:\/\/www.veikals.teniss.lv\/#website","url":"https:\/\/www.veikals.teniss.lv\/","name":"Tenisa veikals","description":"RAKE\u0160U SPORTA E-VEIKALS","publisher":{"@id":"https:\/\/www.veikals.teniss.lv\/#organization"},"potentialAction":[{"@type":"SearchAction","target":{"@type":"EntryPoint","urlTemplate":"https:\/\/www.veikals.teniss.lv\/?s={search_term_string}"},"query-input":{"@type":"PropertyValueSpecification","valueRequired":true,"valueName":"search_term_string"}}],"inLanguage":"lv-LV"},{"@type":"Organization","@id":"https:\/\/www.veikals.teniss.lv\/#organization","name":"Teniss.lv","url":"https:\/\/www.veikals.teniss.lv\/","logo":{"@type":"ImageObject","inLanguage":"lv-LV","@id":"https:\/\/www.veikals.teniss.lv\/#\/schema\/logo\/image\/","url":"https:\/\/www.veikals.teniss.lv\/wp-content\/uploads\/2021\/01\/cropped-babolat-logo1.png","contentUrl":"https:\/\/www.veikals.teniss.lv\/wp-content\/uploads\/2021\/01\/cropped-babolat-logo1.png","width":500,"height":125,"caption":"Teniss.lv"},"image":{"@id":"https:\/\/www.veikals.teniss.lv\/#\/schema\/logo\/image\/"}}]}},"_links":{"self":[{"href":"https:\/\/www.veikals.teniss.lv\/index.php\/wp-json\/wp\/v2\/product\/12815","targetHints":{"allow":["GET"]}}],"collection":[{"href":"https:\/\/www.veikals.teniss.lv\/index.php\/wp-json\/wp\/v2\/product"}],"about":[{"href":"https:\/\/www.veikals.teniss.lv\/index.php\/wp-json\/wp\/v2\/types\/product"}],"wp:featuredmedia":[{"embeddable":true,"href":"https:\/\/www.veikals.teniss.lv\/index.php\/wp-json\/wp\/v2\/media\/12814"}],"wp:attachment":[{"href":"https:\/\/www.veikals.teniss.lv\/index.php\/wp-json\/wp\/v2\/media?parent=12815"}],"wp:term":[{"taxonomy":"product_brand","embeddable":true,"href":"https:\/\/www.veikals.teniss.lv\/index.php\/wp-json\/wp\/v2\/product_brand?post=12815"},{"taxonomy":"product_cat","embeddable":true,"href":"https:\/\/www.veikals.teniss.lv\/index.php\/wp-json\/wp\/v2\/product_cat?post=12815"},{"taxonomy":"product_tag","embeddable":true,"href":"https:\/\/www.veikals.teniss.lv\/index.php\/wp-json\/wp\/v2\/product_tag?post=12815"}],"curies":[{"name":"wp","href":"https:\/\/api.w.org\/{rel}","templated":true}]}}