{"id":12593,"date":"2024-11-01T18:11:57","date_gmt":"2024-11-01T16:11:57","guid":{"rendered":"https:\/\/www.veikals.teniss.lv\/?post_type=product&#038;p=12593"},"modified":"2025-02-21T21:45:59","modified_gmt":"2025-02-21T19:45:59","slug":"rpm-rough-200-m","status":"publish","type":"product","link":"https:\/\/www.veikals.teniss.lv\/index.php\/product\/rpm-rough-200-m\/","title":{"rendered":"RPM ROUGH 200 m"},"content":{"rendered":"<p><strong>RPM Blast Rough<\/strong> tenisa st\u012bga. Profesion\u0101l\u0101 Babolat st\u012bga. Ciet\u0101 st\u012bga, kas uzlabo kontoli un \u012bpa\u0161i uzlabo griezienu. Piem\u0113rota profesion\u0101\u013ciem un prasm\u012bgiem amatieriem, k\u0101 ar\u012b vid\u0113ja l\u012bme\u0146a sp\u0113l\u0113t\u0101jiem, miks\u0113jot ar k\u0101du no m\u012bkstaj\u0101m st\u012bg\u0101m. Biezums: 1,25mm un 1,30mm. Kr\u0101sa: melna, sarkana, dzeltena<\/p>\n<p>RPM Blast Rough tenisa st\u012bga ir izgatavota no viendab\u012bga poliestera (monofilament), kas padara to iztur\u012bgu. Asto\u0146kant\u012bg\u0101 forma un izrobotais p\u0101rkl\u0101jums nodro\u0161ina lab\u0101ko griezienu.<\/p>\n<p style=\"text-align: center;\"><strong>Ieg\u0101d\u0101jies preces m\u016bsu internetveikal\u0101 uz izv\u0113lies sev \u0113rt\u0101ko pieg\u0101des veidu!\u00a0<\/strong><\/p>\n<p><strong>Pieg\u0101des veidi un cenas:\u00a0<\/strong><\/p>\n<ul>\n<li>Sa\u0146emt preci Babolat veikal\u0101 \u2013\u00a0<strong>BEZMAKSAS<\/strong><\/li>\n<li>Sa\u0146emt preci Omniva pakom\u0101t\u0101 \u2013\u00a0<strong>1,99 EUR<\/strong><\/li>\n<li>Sa\u0146emt preci ar pieg\u0101di uz m\u0101j\u0101m \u2013\u00a0<strong>9,99 EUR<\/strong><\/li>\n<\/ul>\n<p><strong>Ieg\u0101d\u0101joties preces virs 100 EUR, pieg\u0101de Omniva pakom\u0101t\u0101 \u2013 BEZMAKSAS!\u00a0<\/strong><\/p>\n<p>Uzzin\u0101t vair\u0101k par apmaksas veidiem:\u00a0<a href=\"https:\/\/www.teniss.lv\/apmaksas-veidi\/\">APMAKSAS VEIDI<\/a><\/p>\n<p>Uzzin\u0101t vair\u0101k par garantijas nosac\u012bjumiem un atgrie\u0161anas iesp\u0113j\u0101m:\u00a0<a href=\"https:\/\/www.teniss.lv\/garantija-un-atgriesana\/\">GARANTIJA UN ATGRIE\u0160ANA<\/a><\/p>\n<h6 style=\"text-align: center;\"><strong>BABOLAT TENISA VEIKALS<\/strong>\u2013\u00a0<strong>R\u012aG\u0100, C\u0112SU IEL\u0100 31. VISS NEPIECIE\u0160AMAIS TENISAM.\u00a0<\/strong><\/h6>\n<p style=\"text-align: center;\"><strong><a href=\"https:\/\/www.teniss.lv\/kontakti\/\">K\u0101 nok\u013c\u016bt?\u00a0<\/a><\/strong><\/p>\n<p><span lang=\"lv\"><strong>Babolat<\/strong>\u00a0ir fran\u010du izcelsmes \u0123imenes uz\u0146\u0113mums, kas savu darb\u012bbu aizs\u0101cis jau 1875. gad\u0101, kad teniss un badmintons v\u0113l bija tikai s\u0101kuma stadij\u0101. Ar gandr\u012bz 150 gadu laik\u0101 uzkr\u0101to pieredzi, Babolat ir viens no vec\u0101kajiem un profesion\u0101l\u0101kajiem staurptautiskajiem sporta z\u012bmoliem pasaul\u0113, kas specializ\u0113jas rake\u0161u sport\u0101. Gadu laik\u0101 v\u0113rojot un analiz\u0113jot sp\u0113les, Babolat m\u0113r\u0137is ir rast ar vien lab\u0101kus risin\u0101jumus un uzlabjumus, lai ieg\u016btu maksim\u0101lo kvalit\u0101ti sp\u0113l\u0113, piel\u0101gojoties sp\u0113les stiliem, k\u0101 ar\u012b sp\u0113l\u0113t\u0101ju l\u012bme\u0146iem un vecumiem. Babolat ir izveidojis lieliskas sadarb\u012bbas ar t\u0101diem profesion\u0101liem tenisa sp\u0113l\u0113t\u0101jiem k\u0101 Rafael Nadal un Stephan Houdet, profesion\u0101liem badmintona sp\u0113l\u0113t\u0101jiem Chloe Birch un Hongyan Pi un izcilu padel tenisa sp\u0113l\u0113t\u0101ju Juan Lebron.\u00a0<\/span><\/p>\n<p>Vair\u0101k par Babolat uz\u0146\u0113muma ideju skaties \u0161eit:<\/p>\n<p><a href=\"https:\/\/www.youtube.com\/watch?v=gDcapYFEx_Q\">VIDEO: BABOLAT<\/a><\/p>\n<p>\u00a0<\/p>\n","protected":false},"excerpt":{"rendered":"<p>RPM Blast Rough tenisa st\u012bga. Profesion\u0101l\u0101 Babolat st\u012bga. Ciet\u0101 st\u012bga, kas uzlabo kontoli un \u012bpa\u0161i uzlabo griezienu. Piem\u0113rota profesion\u0101\u013ciem un prasm\u012bgiem amatieriem, k\u0101 ar\u012b vid\u0113ja l\u012bme\u0146a sp\u0113l\u0113t\u0101jiem, miks\u0113jot ar k\u0101du no m\u012bkstaj\u0101m st\u012bg\u0101m. Biezums: 1,25mm un 1,30mm. Kr\u0101sa: melna, sarkana, dzeltena RPM Blast Rough tenisa st\u012bga ir izgatavota no viendab\u012bga poliestera (monofilament), kas padara to&hellip;&nbsp;<a href=\"https:\/\/www.veikals.teniss.lv\/index.php\/product\/rpm-rough-200-m\/\" rel=\"bookmark\">Read More &raquo;<span class=\"screen-reader-text\">RPM ROUGH 200 m<\/span><\/a><\/p>\n","protected":false},"featured_media":12591,"template":"","meta":{"neve_meta_sidebar":"","neve_meta_container":"","neve_meta_enable_content_width":"off","neve_meta_content_width":70,"neve_meta_title_alignment":"","neve_meta_author_avatar":"","neve_post_elements_order":"","neve_meta_disable_header":"","neve_meta_disable_footer":"","neve_meta_disable_title":"","_links_to":"","_links_to_target":""},"product_brand":[],"product_cat":[16,44,83],"product_tag":[90],"class_list":{"0":"post-12593","1":"product","2":"type-product","3":"status-publish","4":"has-post-thumbnail","6":"product_cat-akcijas-preces","7":"product_cat-stigas-tenisam","8":"product_cat-akcijas-stigas","9":"product_tag-include-feed","11":"first","12":"instock","13":"sale","14":"taxable","15":"shipping-taxable","16":"purchasable","17":"product-type-variable"},"yoast_head":"<!-- This site is optimized with the Yoast SEO plugin v27.3 - https:\/\/yoast.com\/product\/yoast-seo-wordpress\/ -->\n<title>RPM Blast Rough - profesion\u0101l\u0101 Babolat tenisa st\u012bga - Teniss.lv<\/title>\n<meta name=\"description\" content=\"RPM Blast Rough tenisa st\u012bga. Profesion\u0101l\u0101 Babolat st\u012bga. Savu raketi varat sast\u012bgot Babolat tenisa veikal\u0101- C\u0113su iel\u0101 31.\" \/>\n<meta name=\"robots\" content=\"index, follow, max-snippet:-1, max-image-preview:large, max-video-preview:-1\" \/>\n<link rel=\"canonical\" href=\"https:\/\/www.veikals.teniss.lv\/index.php\/product\/rpm-rough-200-m\/\" \/>\n<meta property=\"og:locale\" content=\"lv_LV\" \/>\n<meta property=\"og:type\" content=\"article\" \/>\n<meta property=\"og:title\" content=\"RPM Blast Rough - profesion\u0101l\u0101 Babolat tenisa st\u012bga - Teniss.lv\" \/>\n<meta property=\"og:description\" content=\"RPM Blast Rough tenisa st\u012bga. Profesion\u0101l\u0101 Babolat st\u012bga. Savu raketi varat sast\u012bgot Babolat tenisa veikal\u0101- C\u0113su iel\u0101 31.\" \/>\n<meta property=\"og:url\" content=\"https:\/\/www.veikals.teniss.lv\/index.php\/product\/rpm-rough-200-m\/\" \/>\n<meta property=\"og:site_name\" content=\"Tenisa veikals\" \/>\n<meta property=\"article:modified_time\" content=\"2025-02-21T19:45:59+00:00\" \/>\n<meta property=\"og:image\" content=\"http:\/\/www.veikals.teniss.lv\/wp-content\/uploads\/2021\/01\/rough_black.jpg\" \/>\n\t<meta property=\"og:image:width\" content=\"1200\" \/>\n\t<meta property=\"og:image:height\" content=\"1200\" \/>\n\t<meta property=\"og:image:type\" content=\"image\/jpeg\" \/>\n<meta name=\"twitter:card\" content=\"summary_large_image\" \/>\n<meta name=\"twitter:label1\" content=\"Est. reading time\" \/>\n\t<meta name=\"twitter:data1\" content=\"2 min\u016btes\" \/>\n<script type=\"application\/ld+json\" class=\"yoast-schema-graph\">{\"@context\":\"https:\\\/\\\/schema.org\",\"@graph\":[{\"@type\":\"WebPage\",\"@id\":\"https:\\\/\\\/www.veikals.teniss.lv\\\/index.php\\\/product\\\/rpm-rough-200-m\\\/\",\"url\":\"https:\\\/\\\/www.veikals.teniss.lv\\\/index.php\\\/product\\\/rpm-rough-200-m\\\/\",\"name\":\"RPM Blast Rough - profesion\u0101l\u0101 Babolat tenisa st\u012bga - Teniss.lv\",\"isPartOf\":{\"@id\":\"https:\\\/\\\/www.veikals.teniss.lv\\\/#website\"},\"primaryImageOfPage\":{\"@id\":\"https:\\\/\\\/www.veikals.teniss.lv\\\/index.php\\\/product\\\/rpm-rough-200-m\\\/#primaryimage\"},\"image\":{\"@id\":\"https:\\\/\\\/www.veikals.teniss.lv\\\/index.php\\\/product\\\/rpm-rough-200-m\\\/#primaryimage\"},\"thumbnailUrl\":\"https:\\\/\\\/www.veikals.teniss.lv\\\/wp-content\\\/uploads\\\/2021\\\/01\\\/rough_black.jpg\",\"datePublished\":\"2024-11-01T16:11:57+00:00\",\"dateModified\":\"2025-02-21T19:45:59+00:00\",\"description\":\"RPM Blast Rough tenisa st\u012bga. Profesion\u0101l\u0101 Babolat st\u012bga. Savu raketi varat sast\u012bgot Babolat tenisa veikal\u0101- C\u0113su iel\u0101 31.\",\"breadcrumb\":{\"@id\":\"https:\\\/\\\/www.veikals.teniss.lv\\\/index.php\\\/product\\\/rpm-rough-200-m\\\/#breadcrumb\"},\"inLanguage\":\"lv-LV\",\"potentialAction\":[{\"@type\":\"ReadAction\",\"target\":[\"https:\\\/\\\/www.veikals.teniss.lv\\\/index.php\\\/product\\\/rpm-rough-200-m\\\/\"]}]},{\"@type\":\"ImageObject\",\"inLanguage\":\"lv-LV\",\"@id\":\"https:\\\/\\\/www.veikals.teniss.lv\\\/index.php\\\/product\\\/rpm-rough-200-m\\\/#primaryimage\",\"url\":\"https:\\\/\\\/www.veikals.teniss.lv\\\/wp-content\\\/uploads\\\/2021\\\/01\\\/rough_black.jpg\",\"contentUrl\":\"https:\\\/\\\/www.veikals.teniss.lv\\\/wp-content\\\/uploads\\\/2021\\\/01\\\/rough_black.jpg\",\"width\":1200,\"height\":1200},{\"@type\":\"BreadcrumbList\",\"@id\":\"https:\\\/\\\/www.veikals.teniss.lv\\\/index.php\\\/product\\\/rpm-rough-200-m\\\/#breadcrumb\",\"itemListElement\":[{\"@type\":\"ListItem\",\"position\":1,\"name\":\"Home\",\"item\":\"https:\\\/\\\/www.veikals.teniss.lv\\\/\"},{\"@type\":\"ListItem\",\"position\":2,\"name\":\"Kategorijas\",\"item\":\"https:\\\/\\\/www.veikals.teniss.lv\\\/\"},{\"@type\":\"ListItem\",\"position\":3,\"name\":\"RPM ROUGH 200 m\"}]},{\"@type\":\"WebSite\",\"@id\":\"https:\\\/\\\/www.veikals.teniss.lv\\\/#website\",\"url\":\"https:\\\/\\\/www.veikals.teniss.lv\\\/\",\"name\":\"Tenisa veikals\",\"description\":\"RAKE\u0160U SPORTA E-VEIKALS\",\"publisher\":{\"@id\":\"https:\\\/\\\/www.veikals.teniss.lv\\\/#organization\"},\"potentialAction\":[{\"@type\":\"SearchAction\",\"target\":{\"@type\":\"EntryPoint\",\"urlTemplate\":\"https:\\\/\\\/www.veikals.teniss.lv\\\/?s={search_term_string}\"},\"query-input\":{\"@type\":\"PropertyValueSpecification\",\"valueRequired\":true,\"valueName\":\"search_term_string\"}}],\"inLanguage\":\"lv-LV\"},{\"@type\":\"Organization\",\"@id\":\"https:\\\/\\\/www.veikals.teniss.lv\\\/#organization\",\"name\":\"Teniss.lv\",\"url\":\"https:\\\/\\\/www.veikals.teniss.lv\\\/\",\"logo\":{\"@type\":\"ImageObject\",\"inLanguage\":\"lv-LV\",\"@id\":\"https:\\\/\\\/www.veikals.teniss.lv\\\/#\\\/schema\\\/logo\\\/image\\\/\",\"url\":\"https:\\\/\\\/www.veikals.teniss.lv\\\/wp-content\\\/uploads\\\/2021\\\/01\\\/cropped-babolat-logo1.png\",\"contentUrl\":\"https:\\\/\\\/www.veikals.teniss.lv\\\/wp-content\\\/uploads\\\/2021\\\/01\\\/cropped-babolat-logo1.png\",\"width\":500,\"height\":125,\"caption\":\"Teniss.lv\"},\"image\":{\"@id\":\"https:\\\/\\\/www.veikals.teniss.lv\\\/#\\\/schema\\\/logo\\\/image\\\/\"}}]}<\/script>\n<!-- \/ Yoast SEO plugin. -->","yoast_head_json":{"title":"RPM Blast Rough - profesion\u0101l\u0101 Babolat tenisa st\u012bga - Teniss.lv","description":"RPM Blast Rough tenisa st\u012bga. Profesion\u0101l\u0101 Babolat st\u012bga. Savu raketi varat sast\u012bgot Babolat tenisa veikal\u0101- C\u0113su iel\u0101 31.","robots":{"index":"index","follow":"follow","max-snippet":"max-snippet:-1","max-image-preview":"max-image-preview:large","max-video-preview":"max-video-preview:-1"},"canonical":"https:\/\/www.veikals.teniss.lv\/index.php\/product\/rpm-rough-200-m\/","og_locale":"lv_LV","og_type":"article","og_title":"RPM Blast Rough - profesion\u0101l\u0101 Babolat tenisa st\u012bga - Teniss.lv","og_description":"RPM Blast Rough tenisa st\u012bga. Profesion\u0101l\u0101 Babolat st\u012bga. Savu raketi varat sast\u012bgot Babolat tenisa veikal\u0101- C\u0113su iel\u0101 31.","og_url":"https:\/\/www.veikals.teniss.lv\/index.php\/product\/rpm-rough-200-m\/","og_site_name":"Tenisa veikals","article_modified_time":"2025-02-21T19:45:59+00:00","og_image":[{"width":1200,"height":1200,"url":"http:\/\/www.veikals.teniss.lv\/wp-content\/uploads\/2021\/01\/rough_black.jpg","type":"image\/jpeg"}],"twitter_card":"summary_large_image","twitter_misc":{"Est. reading time":"2 min\u016btes"},"schema":{"@context":"https:\/\/schema.org","@graph":[{"@type":"WebPage","@id":"https:\/\/www.veikals.teniss.lv\/index.php\/product\/rpm-rough-200-m\/","url":"https:\/\/www.veikals.teniss.lv\/index.php\/product\/rpm-rough-200-m\/","name":"RPM Blast Rough - profesion\u0101l\u0101 Babolat tenisa st\u012bga - Teniss.lv","isPartOf":{"@id":"https:\/\/www.veikals.teniss.lv\/#website"},"primaryImageOfPage":{"@id":"https:\/\/www.veikals.teniss.lv\/index.php\/product\/rpm-rough-200-m\/#primaryimage"},"image":{"@id":"https:\/\/www.veikals.teniss.lv\/index.php\/product\/rpm-rough-200-m\/#primaryimage"},"thumbnailUrl":"https:\/\/www.veikals.teniss.lv\/wp-content\/uploads\/2021\/01\/rough_black.jpg","datePublished":"2024-11-01T16:11:57+00:00","dateModified":"2025-02-21T19:45:59+00:00","description":"RPM Blast Rough tenisa st\u012bga. Profesion\u0101l\u0101 Babolat st\u012bga. Savu raketi varat sast\u012bgot Babolat tenisa veikal\u0101- C\u0113su iel\u0101 31.","breadcrumb":{"@id":"https:\/\/www.veikals.teniss.lv\/index.php\/product\/rpm-rough-200-m\/#breadcrumb"},"inLanguage":"lv-LV","potentialAction":[{"@type":"ReadAction","target":["https:\/\/www.veikals.teniss.lv\/index.php\/product\/rpm-rough-200-m\/"]}]},{"@type":"ImageObject","inLanguage":"lv-LV","@id":"https:\/\/www.veikals.teniss.lv\/index.php\/product\/rpm-rough-200-m\/#primaryimage","url":"https:\/\/www.veikals.teniss.lv\/wp-content\/uploads\/2021\/01\/rough_black.jpg","contentUrl":"https:\/\/www.veikals.teniss.lv\/wp-content\/uploads\/2021\/01\/rough_black.jpg","width":1200,"height":1200},{"@type":"BreadcrumbList","@id":"https:\/\/www.veikals.teniss.lv\/index.php\/product\/rpm-rough-200-m\/#breadcrumb","itemListElement":[{"@type":"ListItem","position":1,"name":"Home","item":"https:\/\/www.veikals.teniss.lv\/"},{"@type":"ListItem","position":2,"name":"Kategorijas","item":"https:\/\/www.veikals.teniss.lv\/"},{"@type":"ListItem","position":3,"name":"RPM ROUGH 200 m"}]},{"@type":"WebSite","@id":"https:\/\/www.veikals.teniss.lv\/#website","url":"https:\/\/www.veikals.teniss.lv\/","name":"Tenisa veikals","description":"RAKE\u0160U SPORTA E-VEIKALS","publisher":{"@id":"https:\/\/www.veikals.teniss.lv\/#organization"},"potentialAction":[{"@type":"SearchAction","target":{"@type":"EntryPoint","urlTemplate":"https:\/\/www.veikals.teniss.lv\/?s={search_term_string}"},"query-input":{"@type":"PropertyValueSpecification","valueRequired":true,"valueName":"search_term_string"}}],"inLanguage":"lv-LV"},{"@type":"Organization","@id":"https:\/\/www.veikals.teniss.lv\/#organization","name":"Teniss.lv","url":"https:\/\/www.veikals.teniss.lv\/","logo":{"@type":"ImageObject","inLanguage":"lv-LV","@id":"https:\/\/www.veikals.teniss.lv\/#\/schema\/logo\/image\/","url":"https:\/\/www.veikals.teniss.lv\/wp-content\/uploads\/2021\/01\/cropped-babolat-logo1.png","contentUrl":"https:\/\/www.veikals.teniss.lv\/wp-content\/uploads\/2021\/01\/cropped-babolat-logo1.png","width":500,"height":125,"caption":"Teniss.lv"},"image":{"@id":"https:\/\/www.veikals.teniss.lv\/#\/schema\/logo\/image\/"}}]}},"_links":{"self":[{"href":"https:\/\/www.veikals.teniss.lv\/index.php\/wp-json\/wp\/v2\/product\/12593","targetHints":{"allow":["GET"]}}],"collection":[{"href":"https:\/\/www.veikals.teniss.lv\/index.php\/wp-json\/wp\/v2\/product"}],"about":[{"href":"https:\/\/www.veikals.teniss.lv\/index.php\/wp-json\/wp\/v2\/types\/product"}],"wp:featuredmedia":[{"embeddable":true,"href":"https:\/\/www.veikals.teniss.lv\/index.php\/wp-json\/wp\/v2\/media\/12591"}],"wp:attachment":[{"href":"https:\/\/www.veikals.teniss.lv\/index.php\/wp-json\/wp\/v2\/media?parent=12593"}],"wp:term":[{"taxonomy":"product_brand","embeddable":true,"href":"https:\/\/www.veikals.teniss.lv\/index.php\/wp-json\/wp\/v2\/product_brand?post=12593"},{"taxonomy":"product_cat","embeddable":true,"href":"https:\/\/www.veikals.teniss.lv\/index.php\/wp-json\/wp\/v2\/product_cat?post=12593"},{"taxonomy":"product_tag","embeddable":true,"href":"https:\/\/www.veikals.teniss.lv\/index.php\/wp-json\/wp\/v2\/product_tag?post=12593"}],"curies":[{"name":"wp","href":"https:\/\/api.w.org\/{rel}","templated":true}]}}