{"id":17248,"date":"2026-03-04T01:07:18","date_gmt":"2026-03-03T23:07:18","guid":{"rendered":"https:\/\/www.veikals.teniss.lv\/?page_id=17248"},"modified":"2026-03-05T00:24:01","modified_gmt":"2026-03-04T22:24:01","slug":"veikals-riga","status":"publish","type":"page","link":"https:\/\/www.veikals.teniss.lv\/index.php\/veikals-riga\/","title":{"rendered":"BABOLAT TENISA VEIKALS R\u012aG\u0100"},"content":{"rendered":"<div id=\"pl-17248\"  class=\"panel-layout\" ><div id=\"pg-17248-0\"  class=\"panel-grid panel-no-style\" ><div id=\"pgc-17248-0-0\"  class=\"panel-grid-cell\" ><div id=\"panel-17248-0-0-0\" class=\"so-panel widget widget_block panel-first-child panel-last-child\" data-index=\"0\" ><div class=\"panel-widget-style panel-widget-style-for-17248-0-0-0\" ><div>\n<h3>Inform\u0101cija:<\/h3>\n<ul>\n<li><strong>Adrese:<\/strong> C\u0113su iela 31, \u201cBarons Kvart\u0101ls\u201d, veikals \u201cBabolat\u201d, starp 7. un 8. ieeju.<\/li>\n<li><strong>Telefons:<\/strong> 29477903 (var rakst\u012bt ar\u012b caur whatsapp)<\/li>\n<li><strong>Vairumtirzniec\u012bbas\/sadarb\u012bbas tel:<\/strong> 29208652<\/li>\n<li><strong>E-pasts:<\/strong> info@teniss.lv<\/li>\n<\/ul>\n<\/div><\/div><\/div><\/div><div id=\"pgc-17248-0-1\"  class=\"panel-grid-cell\" ><div id=\"panel-17248-0-1-0\" class=\"so-panel widget widget_block panel-first-child panel-last-child\" data-index=\"1\" ><div class=\"panel-widget-style panel-widget-style-for-17248-0-1-0\" ><div>\n<h3>Darba laiks:<\/h3>\n<ul>\n<li>Pirmdien\u0101s: 09:30 \u2013 18:30<\/li>\n<li>Otrdien\u0101s: 09:30 \u2013 18:30<\/li>\n<li>Tre\u0161dien\u0101s: 09:30 \u2013 18:30<\/li>\n<li>Ceturtdien\u0101s: 09:30 \u2013 18:30<\/li>\n<li>Piektdien\u0101s: 09:30 \u2013 18:30<\/li>\n<li>Sestdien\u0101s: 10:00 \u2013 16:00<\/li>\n<li>Sv\u0113tdien\u0101s: Sl\u0113gts<\/li>\n<\/ul>\n<br>\n<p><strong><em>Teritorij\u0101 pieejama bezmaksas autost\u0101vvieta l\u012bdz 1h.<\/em><\/strong><\/p>\n<\/div>\n\n<\/div><\/div><\/div><\/div><div id=\"pg-17248-1\"  class=\"panel-grid panel-no-style\" ><div id=\"pgc-17248-1-0\"  class=\"panel-grid-cell\" ><div id=\"panel-17248-1-0-0\" class=\"so-panel widget widget_block panel-first-child panel-last-child\" data-index=\"2\" ><div style=\"text-align: center;\">\n<p>\n<em>\nNev\u0113lies apmekl\u0113t veikalu kl\u0101tien\u0113? Iep\u0113rcies m\u016bsu interneta veikal\u0101\n<a style=\"--linkdeco: underline;\" href=\"https:\/\/www.teniss.lv\/\" target=\"_blank\" rel=\"nofollow noopener\">\nwww.teniss.lv\n<\/a>\n<\/em>\n<\/p>\n<\/div><\/div><\/div><\/div><div id=\"pg-17248-2\"  class=\"panel-grid panel-no-style\" ><div id=\"pgc-17248-2-0\"  class=\"panel-grid-cell\" ><div id=\"panel-17248-2-0-0\" class=\"widget_text so-panel widget widget_custom_html panel-first-child panel-last-child\" data-index=\"3\" ><div class=\"textwidget custom-html-widget\"><div style=\"position:relative;\">\n<iframe width=\"1200\" height=\"300\" frameborder=\"0\" scrolling=\"no\" marginheight=\"0\" marginwidth=\"0\" src=\"https:\/\/maps.google.com\/maps?q=Babolat%2C%20C%C4%93su%20iela%2031%2C%20Vidzemes%20priek%C5%A1pils%C4%93ta%2C%20R%C4%ABga%2C%20LV-1012&t=m&z=15&ie=UTF8&iwloc=B&output=embed\"><\/iframe>\n<a href=\"https:\/\/embed-maps.org\" style=\"font-size:2px!important;color:gray!important;position:absolute;bottom:0;left:0;z-index:1;max-height:1px;overflow:hidden\">embed-maps.org<\/a>\n<\/div><\/div><\/div><\/div><\/div><div id=\"pg-17248-3\"  class=\"panel-grid panel-no-style\" ><div id=\"pgc-17248-3-0\"  class=\"panel-grid-cell\" ><div id=\"panel-17248-3-0-0\" class=\"so-panel widget widget_media_gallery panel-first-child panel-last-child\" data-index=\"4\" ><div id='gallery-1' class='gallery galleryid-17248 gallery-columns-5 gallery-size-medium'><figure class='gallery-item'>\n\t\t\t<div class='gallery-icon landscape'>\n\t\t\t\t<a href='https:\/\/www.veikals.teniss.lv\/index.php\/tenisa-veikali\/image_2023-11-15_234550994\/'><img decoding=\"async\" width=\"300\" height=\"151\" src=\"https:\/\/www.veikals.teniss.lv\/wp-content\/uploads\/2023\/11\/image_2023-11-15_234550994-300x151.jpg\" class=\"attachment-medium size-medium\" alt=\"\" srcset=\"https:\/\/www.veikals.teniss.lv\/wp-content\/uploads\/2023\/11\/image_2023-11-15_234550994-300x151.jpg 300w, https:\/\/www.veikals.teniss.lv\/wp-content\/uploads\/2023\/11\/image_2023-11-15_234550994-600x303.jpg 600w, https:\/\/www.veikals.teniss.lv\/wp-content\/uploads\/2023\/11\/image_2023-11-15_234550994-768x387.jpg 768w, https:\/\/www.veikals.teniss.lv\/wp-content\/uploads\/2023\/11\/image_2023-11-15_234550994.jpg 960w\" sizes=\"(max-width: 300px) 100vw, 300px\" \/><\/a>\n\t\t\t<\/div><\/figure><figure class='gallery-item'>\n\t\t\t<div class='gallery-icon landscape'>\n\t\t\t\t<a href='https:\/\/www.veikals.teniss.lv\/index.php\/tenisa-veikali\/image_2023-11-15_234705121\/'><img decoding=\"async\" width=\"300\" height=\"151\" src=\"https:\/\/www.veikals.teniss.lv\/wp-content\/uploads\/2023\/11\/image_2023-11-15_234705121-300x151.jpg\" class=\"attachment-medium size-medium\" alt=\"\" srcset=\"https:\/\/www.veikals.teniss.lv\/wp-content\/uploads\/2023\/11\/image_2023-11-15_234705121-300x151.jpg 300w, https:\/\/www.veikals.teniss.lv\/wp-content\/uploads\/2023\/11\/image_2023-11-15_234705121-600x303.jpg 600w, https:\/\/www.veikals.teniss.lv\/wp-content\/uploads\/2023\/11\/image_2023-11-15_234705121-768x387.jpg 768w, https:\/\/www.veikals.teniss.lv\/wp-content\/uploads\/2023\/11\/image_2023-11-15_234705121.jpg 960w\" sizes=\"(max-width: 300px) 100vw, 300px\" \/><\/a>\n\t\t\t<\/div><\/figure><figure class='gallery-item'>\n\t\t\t<div class='gallery-icon landscape'>\n\t\t\t\t<a href='https:\/\/www.veikals.teniss.lv\/index.php\/tenisa-veikali\/image_2023-11-15_234710980\/'><img decoding=\"async\" width=\"300\" height=\"151\" src=\"https:\/\/www.veikals.teniss.lv\/wp-content\/uploads\/2023\/11\/image_2023-11-15_234710980-300x151.jpg\" class=\"attachment-medium size-medium\" alt=\"\" srcset=\"https:\/\/www.veikals.teniss.lv\/wp-content\/uploads\/2023\/11\/image_2023-11-15_234710980-300x151.jpg 300w, https:\/\/www.veikals.teniss.lv\/wp-content\/uploads\/2023\/11\/image_2023-11-15_234710980-600x303.jpg 600w, https:\/\/www.veikals.teniss.lv\/wp-content\/uploads\/2023\/11\/image_2023-11-15_234710980-768x387.jpg 768w, https:\/\/www.veikals.teniss.lv\/wp-content\/uploads\/2023\/11\/image_2023-11-15_234710980.jpg 960w\" sizes=\"(max-width: 300px) 100vw, 300px\" \/><\/a>\n\t\t\t<\/div><\/figure><figure class='gallery-item'>\n\t\t\t<div class='gallery-icon landscape'>\n\t\t\t\t<a href='https:\/\/www.veikals.teniss.lv\/index.php\/tenisa-veikali\/image_2023-11-15_234720228\/'><img loading=\"lazy\" decoding=\"async\" width=\"300\" height=\"151\" src=\"https:\/\/www.veikals.teniss.lv\/wp-content\/uploads\/2023\/11\/image_2023-11-15_234720228-300x151.jpg\" class=\"attachment-medium size-medium\" alt=\"\" srcset=\"https:\/\/www.veikals.teniss.lv\/wp-content\/uploads\/2023\/11\/image_2023-11-15_234720228-300x151.jpg 300w, https:\/\/www.veikals.teniss.lv\/wp-content\/uploads\/2023\/11\/image_2023-11-15_234720228-600x303.jpg 600w, https:\/\/www.veikals.teniss.lv\/wp-content\/uploads\/2023\/11\/image_2023-11-15_234720228-768x387.jpg 768w, https:\/\/www.veikals.teniss.lv\/wp-content\/uploads\/2023\/11\/image_2023-11-15_234720228.jpg 960w\" sizes=\"(max-width: 300px) 100vw, 300px\" \/><\/a>\n\t\t\t<\/div><\/figure><figure class='gallery-item'>\n\t\t\t<div class='gallery-icon landscape'>\n\t\t\t\t<a href='https:\/\/www.veikals.teniss.lv\/index.php\/tenisa-veikali\/image_2023-11-15_234724550\/'><img loading=\"lazy\" decoding=\"async\" width=\"300\" height=\"151\" src=\"https:\/\/www.veikals.teniss.lv\/wp-content\/uploads\/2023\/11\/image_2023-11-15_234724550-300x151.jpg\" class=\"attachment-medium size-medium\" alt=\"\" srcset=\"https:\/\/www.veikals.teniss.lv\/wp-content\/uploads\/2023\/11\/image_2023-11-15_234724550-300x151.jpg 300w, https:\/\/www.veikals.teniss.lv\/wp-content\/uploads\/2023\/11\/image_2023-11-15_234724550-600x303.jpg 600w, https:\/\/www.veikals.teniss.lv\/wp-content\/uploads\/2023\/11\/image_2023-11-15_234724550-768x387.jpg 768w, https:\/\/www.veikals.teniss.lv\/wp-content\/uploads\/2023\/11\/image_2023-11-15_234724550.jpg 960w\" sizes=\"(max-width: 300px) 100vw, 300px\" \/><\/a>\n\t\t\t<\/div><\/figure>\n\t\t<\/div>\n<\/div><\/div><\/div><\/div>","protected":false},"excerpt":{"rendered":"<p>Inform\u0101cija: Adrese: C\u0113su iela 31, \u201cBarons Kvart\u0101ls\u201d, veikals \u201cBabolat\u201d, starp 7. un 8. ieeju. Telefons: 29477903 (var rakst\u012bt ar\u012b caur whatsapp) Vairumtirzniec\u012bbas\/sadarb\u012bbas tel: 29208652 E-pasts: info@teniss.lv Darba laiks: Pirmdien\u0101s: 09:30 \u2013 18:30 Otrdien\u0101s: 09:30 \u2013 18:30 Tre\u0161dien\u0101s: 09:30 \u2013 18:30 Ceturtdien\u0101s: 09:30 \u2013 18:30 Piektdien\u0101s: 09:30 \u2013 18:30 Sestdien\u0101s: 10:00 \u2013 16:00 Sv\u0113tdien\u0101s: Sl\u0113gts Teritorij\u0101&hellip;&nbsp;<a href=\"https:\/\/www.veikals.teniss.lv\/index.php\/veikals-riga\/\" rel=\"bookmark\">Read More &raquo;<span class=\"screen-reader-text\">BABOLAT TENISA VEIKALS R\u012aG\u0100<\/span><\/a><\/p>\n","protected":false},"author":10,"featured_media":0,"parent":0,"menu_order":0,"comment_status":"closed","ping_status":"closed","template":"","meta":{"neve_meta_sidebar":"","neve_meta_container":"","neve_meta_enable_content_width":"off","neve_meta_content_width":100,"neve_meta_title_alignment":"","neve_meta_author_avatar":"","neve_post_elements_order":"","neve_meta_disable_header":"","neve_meta_disable_footer":"","neve_meta_disable_title":"","footnotes":"","_links_to":"","_links_to_target":""},"class_list":["post-17248","page","type-page","status-publish","hentry"],"yoast_head":"<!-- This site is optimized with the Yoast SEO plugin v27.3 - https:\/\/yoast.com\/product\/yoast-seo-wordpress\/ -->\n<title>BABOLAT TENISA VEIKALS R\u012aG\u0100 - Tenisa veikals<\/title>\n<meta name=\"robots\" content=\"index, follow, max-snippet:-1, max-image-preview:large, max-video-preview:-1\" \/>\n<link rel=\"canonical\" href=\"https:\/\/www.veikals.teniss.lv\/index.php\/veikals-riga\/\" \/>\n<meta property=\"og:locale\" content=\"lv_LV\" \/>\n<meta property=\"og:type\" content=\"article\" \/>\n<meta property=\"og:title\" content=\"BABOLAT TENISA VEIKALS R\u012aG\u0100 - Tenisa veikals\" \/>\n<meta property=\"og:description\" content=\"Inform\u0101cija: Adrese: C\u0113su iela 31, \u201cBarons Kvart\u0101ls\u201d, veikals \u201cBabolat\u201d, starp 7. un 8. ieeju. Telefons: 29477903 (var rakst\u012bt ar\u012b caur whatsapp) Vairumtirzniec\u012bbas\/sadarb\u012bbas tel: 29208652 E-pasts: info@teniss.lv Darba laiks: Pirmdien\u0101s: 09:30 \u2013 18:30 Otrdien\u0101s: 09:30 \u2013 18:30 Tre\u0161dien\u0101s: 09:30 \u2013 18:30 Ceturtdien\u0101s: 09:30 \u2013 18:30 Piektdien\u0101s: 09:30 \u2013 18:30 Sestdien\u0101s: 10:00 \u2013 16:00 Sv\u0113tdien\u0101s: Sl\u0113gts Teritorij\u0101&hellip;&nbsp;Read More &raquo;BABOLAT TENISA VEIKALS R\u012aG\u0100\" \/>\n<meta property=\"og:url\" content=\"https:\/\/www.veikals.teniss.lv\/index.php\/veikals-riga\/\" \/>\n<meta property=\"og:site_name\" content=\"Tenisa veikals\" \/>\n<meta property=\"article:modified_time\" content=\"2026-03-04T22:24:01+00:00\" \/>\n<meta name=\"twitter:card\" content=\"summary_large_image\" \/>\n<meta name=\"twitter:label1\" content=\"Est. reading time\" \/>\n\t<meta name=\"twitter:data1\" content=\"2 min\u016btes\" \/>\n<script type=\"application\/ld+json\" class=\"yoast-schema-graph\">{\"@context\":\"https:\\\/\\\/schema.org\",\"@graph\":[{\"@type\":\"WebPage\",\"@id\":\"https:\\\/\\\/www.veikals.teniss.lv\\\/index.php\\\/veikals-riga\\\/\",\"url\":\"https:\\\/\\\/www.veikals.teniss.lv\\\/index.php\\\/veikals-riga\\\/\",\"name\":\"BABOLAT TENISA VEIKALS R\u012aG\u0100 - Tenisa veikals\",\"isPartOf\":{\"@id\":\"https:\\\/\\\/www.veikals.teniss.lv\\\/#website\"},\"datePublished\":\"2026-03-03T23:07:18+00:00\",\"dateModified\":\"2026-03-04T22:24:01+00:00\",\"breadcrumb\":{\"@id\":\"https:\\\/\\\/www.veikals.teniss.lv\\\/index.php\\\/veikals-riga\\\/#breadcrumb\"},\"inLanguage\":\"lv-LV\",\"potentialAction\":[{\"@type\":\"ReadAction\",\"target\":[\"https:\\\/\\\/www.veikals.teniss.lv\\\/index.php\\\/veikals-riga\\\/\"]}]},{\"@type\":\"BreadcrumbList\",\"@id\":\"https:\\\/\\\/www.veikals.teniss.lv\\\/index.php\\\/veikals-riga\\\/#breadcrumb\",\"itemListElement\":[{\"@type\":\"ListItem\",\"position\":1,\"name\":\"Home\",\"item\":\"https:\\\/\\\/www.veikals.teniss.lv\\\/\"},{\"@type\":\"ListItem\",\"position\":2,\"name\":\"BABOLAT TENISA VEIKALS R\u012aG\u0100\"}]},{\"@type\":\"WebSite\",\"@id\":\"https:\\\/\\\/www.veikals.teniss.lv\\\/#website\",\"url\":\"https:\\\/\\\/www.veikals.teniss.lv\\\/\",\"name\":\"Tenisa veikals\",\"description\":\"RAKE\u0160U SPORTA E-VEIKALS\",\"publisher\":{\"@id\":\"https:\\\/\\\/www.veikals.teniss.lv\\\/#organization\"},\"potentialAction\":[{\"@type\":\"SearchAction\",\"target\":{\"@type\":\"EntryPoint\",\"urlTemplate\":\"https:\\\/\\\/www.veikals.teniss.lv\\\/?s={search_term_string}\"},\"query-input\":{\"@type\":\"PropertyValueSpecification\",\"valueRequired\":true,\"valueName\":\"search_term_string\"}}],\"inLanguage\":\"lv-LV\"},{\"@type\":\"Organization\",\"@id\":\"https:\\\/\\\/www.veikals.teniss.lv\\\/#organization\",\"name\":\"Teniss.lv\",\"url\":\"https:\\\/\\\/www.veikals.teniss.lv\\\/\",\"logo\":{\"@type\":\"ImageObject\",\"inLanguage\":\"lv-LV\",\"@id\":\"https:\\\/\\\/www.veikals.teniss.lv\\\/#\\\/schema\\\/logo\\\/image\\\/\",\"url\":\"https:\\\/\\\/www.veikals.teniss.lv\\\/wp-content\\\/uploads\\\/2021\\\/01\\\/cropped-babolat-logo1.png\",\"contentUrl\":\"https:\\\/\\\/www.veikals.teniss.lv\\\/wp-content\\\/uploads\\\/2021\\\/01\\\/cropped-babolat-logo1.png\",\"width\":500,\"height\":125,\"caption\":\"Teniss.lv\"},\"image\":{\"@id\":\"https:\\\/\\\/www.veikals.teniss.lv\\\/#\\\/schema\\\/logo\\\/image\\\/\"}}]}<\/script>\n<!-- \/ Yoast SEO plugin. -->","yoast_head_json":{"title":"BABOLAT TENISA VEIKALS R\u012aG\u0100 - Tenisa veikals","robots":{"index":"index","follow":"follow","max-snippet":"max-snippet:-1","max-image-preview":"max-image-preview:large","max-video-preview":"max-video-preview:-1"},"canonical":"https:\/\/www.veikals.teniss.lv\/index.php\/veikals-riga\/","og_locale":"lv_LV","og_type":"article","og_title":"BABOLAT TENISA VEIKALS R\u012aG\u0100 - Tenisa veikals","og_description":"Inform\u0101cija: Adrese: C\u0113su iela 31, \u201cBarons Kvart\u0101ls\u201d, veikals \u201cBabolat\u201d, starp 7. un 8. ieeju. Telefons: 29477903 (var rakst\u012bt ar\u012b caur whatsapp) Vairumtirzniec\u012bbas\/sadarb\u012bbas tel: 29208652 E-pasts: info@teniss.lv Darba laiks: Pirmdien\u0101s: 09:30 \u2013 18:30 Otrdien\u0101s: 09:30 \u2013 18:30 Tre\u0161dien\u0101s: 09:30 \u2013 18:30 Ceturtdien\u0101s: 09:30 \u2013 18:30 Piektdien\u0101s: 09:30 \u2013 18:30 Sestdien\u0101s: 10:00 \u2013 16:00 Sv\u0113tdien\u0101s: Sl\u0113gts Teritorij\u0101&hellip;&nbsp;Read More &raquo;BABOLAT TENISA VEIKALS R\u012aG\u0100","og_url":"https:\/\/www.veikals.teniss.lv\/index.php\/veikals-riga\/","og_site_name":"Tenisa veikals","article_modified_time":"2026-03-04T22:24:01+00:00","twitter_card":"summary_large_image","twitter_misc":{"Est. reading time":"2 min\u016btes"},"schema":{"@context":"https:\/\/schema.org","@graph":[{"@type":"WebPage","@id":"https:\/\/www.veikals.teniss.lv\/index.php\/veikals-riga\/","url":"https:\/\/www.veikals.teniss.lv\/index.php\/veikals-riga\/","name":"BABOLAT TENISA VEIKALS R\u012aG\u0100 - Tenisa veikals","isPartOf":{"@id":"https:\/\/www.veikals.teniss.lv\/#website"},"datePublished":"2026-03-03T23:07:18+00:00","dateModified":"2026-03-04T22:24:01+00:00","breadcrumb":{"@id":"https:\/\/www.veikals.teniss.lv\/index.php\/veikals-riga\/#breadcrumb"},"inLanguage":"lv-LV","potentialAction":[{"@type":"ReadAction","target":["https:\/\/www.veikals.teniss.lv\/index.php\/veikals-riga\/"]}]},{"@type":"BreadcrumbList","@id":"https:\/\/www.veikals.teniss.lv\/index.php\/veikals-riga\/#breadcrumb","itemListElement":[{"@type":"ListItem","position":1,"name":"Home","item":"https:\/\/www.veikals.teniss.lv\/"},{"@type":"ListItem","position":2,"name":"BABOLAT TENISA VEIKALS R\u012aG\u0100"}]},{"@type":"WebSite","@id":"https:\/\/www.veikals.teniss.lv\/#website","url":"https:\/\/www.veikals.teniss.lv\/","name":"Tenisa veikals","description":"RAKE\u0160U SPORTA E-VEIKALS","publisher":{"@id":"https:\/\/www.veikals.teniss.lv\/#organization"},"potentialAction":[{"@type":"SearchAction","target":{"@type":"EntryPoint","urlTemplate":"https:\/\/www.veikals.teniss.lv\/?s={search_term_string}"},"query-input":{"@type":"PropertyValueSpecification","valueRequired":true,"valueName":"search_term_string"}}],"inLanguage":"lv-LV"},{"@type":"Organization","@id":"https:\/\/www.veikals.teniss.lv\/#organization","name":"Teniss.lv","url":"https:\/\/www.veikals.teniss.lv\/","logo":{"@type":"ImageObject","inLanguage":"lv-LV","@id":"https:\/\/www.veikals.teniss.lv\/#\/schema\/logo\/image\/","url":"https:\/\/www.veikals.teniss.lv\/wp-content\/uploads\/2021\/01\/cropped-babolat-logo1.png","contentUrl":"https:\/\/www.veikals.teniss.lv\/wp-content\/uploads\/2021\/01\/cropped-babolat-logo1.png","width":500,"height":125,"caption":"Teniss.lv"},"image":{"@id":"https:\/\/www.veikals.teniss.lv\/#\/schema\/logo\/image\/"}}]}},"_links":{"self":[{"href":"https:\/\/www.veikals.teniss.lv\/index.php\/wp-json\/wp\/v2\/pages\/17248","targetHints":{"allow":["GET"]}}],"collection":[{"href":"https:\/\/www.veikals.teniss.lv\/index.php\/wp-json\/wp\/v2\/pages"}],"about":[{"href":"https:\/\/www.veikals.teniss.lv\/index.php\/wp-json\/wp\/v2\/types\/page"}],"author":[{"embeddable":true,"href":"https:\/\/www.veikals.teniss.lv\/index.php\/wp-json\/wp\/v2\/users\/10"}],"replies":[{"embeddable":true,"href":"https:\/\/www.veikals.teniss.lv\/index.php\/wp-json\/wp\/v2\/comments?post=17248"}],"version-history":[{"count":12,"href":"https:\/\/www.veikals.teniss.lv\/index.php\/wp-json\/wp\/v2\/pages\/17248\/revisions"}],"predecessor-version":[{"id":17276,"href":"https:\/\/www.veikals.teniss.lv\/index.php\/wp-json\/wp\/v2\/pages\/17248\/revisions\/17276"}],"wp:attachment":[{"href":"https:\/\/www.veikals.teniss.lv\/index.php\/wp-json\/wp\/v2\/media?parent=17248"}],"curies":[{"name":"wp","href":"https:\/\/api.w.org\/{rel}","templated":true}]}}