{"id":15730,"date":"2025-10-01T20:14:56","date_gmt":"2025-10-01T17:14:56","guid":{"rendered":"https:\/\/www.veikals.teniss.lv\/?page_id=15730"},"modified":"2025-10-01T20:29:03","modified_gmt":"2025-10-01T17:29:03","slug":"padel-rakesu-ieteikumi","status":"publish","type":"page","link":"https:\/\/www.veikals.teniss.lv\/index.php\/padel-rakesu-ieteikumi\/","title":{"rendered":"Padel rake\u0161u ieteikumi"},"content":{"rendered":"\t\t<div data-elementor-type=\"wp-page\" data-elementor-id=\"15730\" class=\"elementor elementor-15730\">\n\t\t\t\t\t\t<section class=\"elementor-section elementor-top-section elementor-element elementor-element-0044df5 elementor-section-boxed elementor-section-height-default elementor-section-height-default\" data-id=\"0044df5\" data-element_type=\"section\" data-e-type=\"section\">\n\t\t\t\t\t\t<div class=\"elementor-container elementor-column-gap-default\">\n\t\t\t\t\t<div class=\"elementor-column elementor-col-100 elementor-top-column elementor-element elementor-element-90a1d30\" data-id=\"90a1d30\" data-element_type=\"column\" data-e-type=\"column\">\n\t\t\t<div class=\"elementor-widget-wrap elementor-element-populated\">\n\t\t\t\t\t\t<div class=\"elementor-element elementor-element-df578c4 elementor-widget elementor-widget-html\" data-id=\"df578c4\" data-element_type=\"widget\" data-e-type=\"widget\" data-widget_type=\"html.default\">\n\t\t\t\t<div class=\"elementor-widget-container\">\n\t\t\t\t\t<style>\r\n\/* Form Container *\/\r\n.wpforms-form {\r\n  max-width: 600px;\r\n  margin: 40px auto;\r\n  padding: 40px;\r\n  background-color: #fff;\r\n  border-radius: 12px;\r\n  box-shadow: 0 4px 25px rgba(0, 0, 0, 0.1);\r\n  font-family: 'Inter', 'Segoe UI', sans-serif;\r\n  font-size: 16px;\r\n  color: #111;\r\n}\r\n\r\n\/* Headings *\/\r\n.wpforms-field-label {\r\n  font-weight: 600;\r\n  margin-bottom: 8px;\r\n  display: block;\r\n  color: #111;\r\n}\r\n\r\n\/* Required Asterisk *\/\r\n.wpforms-required-label {\r\n  color: #d00;\r\n  margin-left: 4px;\r\n}\r\n\r\n\/* Inputs, Selects, Textarea *\/\r\n.wpforms-field input[type=\"text\"],\r\n.wpforms-field input[type=\"email\"],\r\n.wpforms-field input[type=\"number\"],\r\n.wpforms-field select,\r\n.wpforms-field textarea {\r\n  width: 100%;\r\n  padding: 12px 14px;\r\n  border: 1px solid #d6d6d6;\r\n  border-radius: 6px;\r\n  background: #fefefe;\r\n  transition: border-color 0.2s ease;\r\n}\r\n\r\n.wpforms-field input:focus,\r\n.wpforms-field select:focus,\r\n.wpforms-field textarea:focus {\r\n  border-color: #005bac;\r\n  outline: none;\r\n}\r\n\r\n\/* Radio and Checkbox Layout *\/\r\n.wpforms-list {\r\n  margin-top: 6px;\r\n  display: flex;\r\n  flex-direction: column;\r\n  gap: 8px;\r\n}\r\n\r\n.wpforms-list-item {\r\n  display: flex;\r\n  align-items: flex-start;\r\n  gap: 8px;\r\n}\r\n\r\n.wpforms-list-item input {\r\n  margin-top: 2px;\r\n}\r\n\r\n\/* Textarea Specific *\/\r\n.wpforms-field textarea {\r\n  min-height: 120px;\r\n  resize: vertical;\r\n}\r\n\r\n\/* Submit Button *\/\r\n.wpforms-submit {\r\n  background-color: #005bac;\r\n  color: white;\r\n  padding: 12px 30px;\r\n  border: none;\r\n  border-radius: 6px;\r\n  font-size: 16px;\r\n  font-weight: 600;\r\n  cursor: pointer;\r\n  transition: background 0.3s ease;\r\n  margin-top: 20px;\r\n}\r\n\r\n.wpforms-submit:hover {\r\n  background-color: #004080;\r\n}\r\n\r\n\/* Mobile Responsiveness *\/\r\n@media (max-width: 600px) {\r\n  .wpforms-form {\r\n    padding: 25px;\r\n  }\r\n}\r\n<\/style>\t\t\t\t<\/div>\n\t\t\t\t<\/div>\n\t\t\t\t<div class=\"elementor-element elementor-element-2376819 elementor-align-right elementor-button-info elementor-widget elementor-widget-button\" data-id=\"2376819\" data-element_type=\"widget\" data-e-type=\"widget\" data-widget_type=\"button.default\">\n\t\t\t\t<div class=\"elementor-widget-container\">\n\t\t\t\t\t\t\t\t\t<div class=\"elementor-button-wrapper\">\n\t\t\t\t\t<a class=\"elementor-button elementor-button-link elementor-size-sm\" href=\"https:\/\/www.veikals.teniss.lv\/index.php\/tenisa-rakesu-ieteikumi\/\" id=\"show-form-2\">\n\t\t\t\t\t\t<span class=\"elementor-button-content-wrapper\">\n\t\t\t\t\t\t\t\t\t<span class=\"elementor-button-text\">Sa\u0146emt tenisa rake\u0161u ieteikumus<\/span>\n\t\t\t\t\t<\/span>\n\t\t\t\t\t<\/a>\n\t\t\t\t<\/div>\n\t\t\t\t\t\t\t\t<\/div>\n\t\t\t\t<\/div>\n\t\t\t\t<div class=\"elementor-element elementor-element-09c8b88 elementor-widget elementor-widget-wpforms\" data-id=\"09c8b88\" data-element_type=\"widget\" data-e-type=\"widget\" data-widget_type=\"wpforms.default\">\n\t\t\t\t<div class=\"elementor-widget-container\">\n\t\t\t\t\t<div class=\"wpforms-container wpforms-container-full\" id=\"wpforms-15668\"><form id=\"wpforms-form-15668\" class=\"wpforms-validate wpforms-form wpforms-ajax-form\" data-formid=\"15668\" method=\"post\" enctype=\"multipart\/form-data\" action=\"\/index.php\/wp-json\/wp\/v2\/pages\/15730\" data-token=\"643b7da1468c2af99b85b9347a2c54b5\" data-token-time=\"1775463560\"><noscript class=\"wpforms-error-noscript\">Please enable JavaScript in your browser to complete this form.<\/noscript><div class=\"wpforms-field-container\"><div id=\"wpforms-15668-field_4-container\" class=\"wpforms-field wpforms-field-text\" data-field-id=\"4\"><label class=\"wpforms-field-label\" for=\"wpforms-15668-field_4\">V\u0101rds, Uzv\u0101rds  <span class=\"wpforms-required-label\">*<\/span><\/label><input type=\"text\" id=\"wpforms-15668-field_4\" class=\"wpforms-field-medium wpforms-field-required\" name=\"wpforms[fields][4]\" required><\/div>\t\t<div id=\"wpforms-15668-field_1-container\"\n\t\t\tclass=\"wpforms-field wpforms-field-text\"\n\t\t\tdata-field-type=\"text\"\n\t\t\tdata-field-id=\"1\"\n\t\t\t>\n\t\t\t<label class=\"wpforms-field-label\" for=\"wpforms-15668-field_1\" >K\u0101d\u0101 Kas mekl\u0113jat<\/label>\n\t\t\t<input type=\"text\" id=\"wpforms-15668-field_1\" class=\"wpforms-field-medium\" name=\"wpforms[fields][1]\" >\n\t\t<\/div>\n\t\t<div id=\"wpforms-15668-field_2-container\" class=\"wpforms-field wpforms-field-email\" data-field-id=\"2\"><label class=\"wpforms-field-label\" for=\"wpforms-15668-field_2\">E-pasts (personai, ar kuru varam sazin\u0101ties)  <span class=\"wpforms-required-label\">*<\/span><\/label><input type=\"email\" id=\"wpforms-15668-field_2\" class=\"wpforms-field-medium wpforms-field-required\" name=\"wpforms[fields][2]\" spellcheck=\"false\" required><\/div><div id=\"wpforms-15668-field_6-container\" class=\"wpforms-field wpforms-field-text\" data-field-id=\"6\"><label class=\"wpforms-field-label\" for=\"wpforms-15668-field_6\">Vecums  <span class=\"wpforms-required-label\">*<\/span><\/label><input type=\"text\" id=\"wpforms-15668-field_6\" class=\"wpforms-field-small wpforms-field-required\" name=\"wpforms[fields][6]\" required><\/div><div id=\"wpforms-15668-field_8-container\" class=\"wpforms-field wpforms-field-select wpforms-field-select-style-classic\" data-field-id=\"8\"><label class=\"wpforms-field-label\" for=\"wpforms-15668-field_8\">Dzimums  <span class=\"wpforms-required-label\">*<\/span><\/label><select id=\"wpforms-15668-field_8\" class=\"wpforms-field-medium wpforms-field-required\" name=\"wpforms[fields][8]\" required=\"required\"><option value=\"V\u012brietis\"  class=\"choice-1 depth-1\"  >V\u012brietis<\/option><option value=\"Sieviete\"  class=\"choice-2 depth-1\"  >Sieviete<\/option><\/select><\/div><div id=\"wpforms-15668-field_11-container\" class=\"wpforms-field wpforms-field-number\" data-field-id=\"11\"><label class=\"wpforms-field-label\" for=\"wpforms-15668-field_11\">Augums (cm)  <span class=\"wpforms-required-label\">*<\/span><\/label><input type=\"number\" id=\"wpforms-15668-field_11\" class=\"wpforms-field-small wpforms-field-required\" name=\"wpforms[fields][11]\" step=\"any\" required><\/div><div id=\"wpforms-15668-field_12-container\" class=\"wpforms-field wpforms-field-text\" data-field-id=\"12\"><label class=\"wpforms-field-label\" for=\"wpforms-15668-field_12\">Cik sen jau sp\u0113l\u0113jat padel? <span class=\"wpforms-required-label\">*<\/span><\/label><input type=\"text\" id=\"wpforms-15668-field_12\" class=\"wpforms-field-medium wpforms-field-required\" name=\"wpforms[fields][12]\" required><\/div><div id=\"wpforms-15668-field_13-container\" class=\"wpforms-field wpforms-field-text\" data-field-id=\"13\"><label class=\"wpforms-field-label\" for=\"wpforms-15668-field_13\">Cik bie\u017ei sp\u0113l\u0113jat padel? <span class=\"wpforms-required-label\">*<\/span><\/label><input type=\"text\" id=\"wpforms-15668-field_13\" class=\"wpforms-field-medium wpforms-field-required\" name=\"wpforms[fields][13]\" required><\/div><div id=\"wpforms-15668-field_14-container\" class=\"wpforms-field wpforms-field-radio wpforms-list-inline\" data-field-id=\"14\"><label class=\"wpforms-field-label\">K\u0101d\u0101 cenu bud\u017eet\u0101, apm\u0113ram, mekl\u0113jat sev padel raketi? <span class=\"wpforms-required-label\">*<\/span><\/label><ul id=\"wpforms-15668-field_14\" class=\"wpforms-field-required\"><li class=\"choice-1 depth-1\"><input type=\"radio\" id=\"wpforms-15668-field_14_1\" name=\"wpforms[fields][14]\" value=\"Zem \u20ac 100\" required ><label class=\"wpforms-field-label-inline\" for=\"wpforms-15668-field_14_1\">Zem \u20ac 100<\/label><\/li><li class=\"choice-2 depth-1\"><input type=\"radio\" id=\"wpforms-15668-field_14_2\" name=\"wpforms[fields][14]\" value=\"Virs \u20ac 100\" required ><label class=\"wpforms-field-label-inline\" for=\"wpforms-15668-field_14_2\">Virs \u20ac 100<\/label><\/li><li class=\"choice-3 depth-1\"><input type=\"radio\" id=\"wpforms-15668-field_14_3\" name=\"wpforms[fields][14]\" value=\"Virs \u20ac 200\" required ><label class=\"wpforms-field-label-inline\" for=\"wpforms-15668-field_14_3\">Virs \u20ac 200<\/label><\/li><\/ul><\/div><div id=\"wpforms-15668-field_15-container\" class=\"wpforms-field wpforms-field-checkbox wpforms-list-inline\" data-field-id=\"15\"><label class=\"wpforms-field-label\">Kas Jums ir svar\u012bg\u0101kais? <span class=\"wpforms-required-label\">*<\/span><\/label><ul id=\"wpforms-15668-field_15\" class=\"wpforms-field-required\"><li class=\"choice-1 depth-1\"><input type=\"checkbox\" id=\"wpforms-15668-field_15_1\" name=\"wpforms[fields][15][]\" value=\"Kontrole\" required ><label class=\"wpforms-field-label-inline\" for=\"wpforms-15668-field_15_1\">Kontrole<\/label><\/li><li class=\"choice-2 depth-1\"><input type=\"checkbox\" id=\"wpforms-15668-field_15_2\" name=\"wpforms[fields][15][]\" value=\"Jauda\/sp\u0113ks\" required ><label class=\"wpforms-field-label-inline\" for=\"wpforms-15668-field_15_2\">Jauda\/sp\u0113ks<\/label><\/li><li class=\"choice-3 depth-1\"><input type=\"checkbox\" id=\"wpforms-15668-field_15_3\" name=\"wpforms[fields][15][]\" value=\"Grieziens jeb &#039;spin&#039;\" required ><label class=\"wpforms-field-label-inline\" for=\"wpforms-15668-field_15_3\">Grieziens jeb 'spin'<\/label><\/li><li class=\"choice-4 depth-1\"><input type=\"checkbox\" id=\"wpforms-15668-field_15_4\" name=\"wpforms[fields][15][]\" value=\"Komforts\" required ><label class=\"wpforms-field-label-inline\" for=\"wpforms-15668-field_15_4\">Komforts<\/label><\/li><\/ul><\/div><div id=\"wpforms-15668-field_3-container\" class=\"wpforms-field wpforms-field-textarea\" data-field-id=\"3\"><label class=\"wpforms-field-label\" for=\"wpforms-15668-field_3\">Papildus koment\u0101ri<\/label><textarea id=\"wpforms-15668-field_3\" class=\"wpforms-field-medium\" name=\"wpforms[fields][3]\" ><\/textarea><\/div><script>\n\t\t\t\t( function() {\n\t\t\t\t\tconst style = document.createElement( 'style' );\n\t\t\t\t\tstyle.appendChild( document.createTextNode( '#wpforms-15668-field_1-container { position: absolute !important; overflow: hidden !important; display: inline !important; height: 1px !important; width: 1px !important; z-index: -1000 !important; padding: 0 !important; } #wpforms-15668-field_1-container input { visibility: hidden; } #wpforms-conversational-form-page #wpforms-15668-field_1-container label { counter-increment: none; }' ) );\n\t\t\t\t\tdocument.head.appendChild( style );\n\t\t\t\t\tdocument.currentScript?.remove();\n\t\t\t\t} )();\n\t\t\t<\/script><\/div><!-- .wpforms-field-container --><div class=\"wpforms-submit-container\" ><input type=\"hidden\" name=\"wpforms[id]\" value=\"15668\"><input type=\"hidden\" name=\"page_title\" value=\"\"><input type=\"hidden\" name=\"page_url\" value=\"https:\/\/www.veikals.teniss.lv\/index.php\/wp-json\/wp\/v2\/pages\/15730\"><input type=\"hidden\" name=\"url_referer\" value=\"\"><button type=\"submit\" name=\"wpforms[submit]\" id=\"wpforms-submit-15668\" class=\"wpforms-submit\" data-alt-text=\"Sending...\" data-submit-text=\"S\u016bt\u012bt\" aria-live=\"assertive\" value=\"wpforms-submit\">S\u016bt\u012bt<\/button><img decoding=\"async\" src=\"https:\/\/www.veikals.teniss.lv\/wp-content\/plugins\/wpforms-lite\/assets\/images\/submit-spin.svg\" class=\"wpforms-submit-spinner\" style=\"display: none;\" width=\"26\" height=\"26\" alt=\"Loading\"><\/div><\/form><\/div>  <!-- .wpforms-container -->\t\t\t\t<\/div>\n\t\t\t\t<\/div>\n\t\t\t\t\t<\/div>\n\t\t<\/div>\n\t\t\t\t\t<\/div>\n\t\t<\/section>\n\t\t\t\t<\/div>\n\t\t","protected":false},"excerpt":{"rendered":"<p>Sa\u0146emt tenisa rake\u0161u ieteikumus Please enable JavaScript in your browser to complete this form.V\u0101rds, Uzv\u0101rds *E-pasts (personai, ar kuru varam sazin\u0101ties) *Vecums *Dzimums *V\u012brietisSievieteAugums (cm) *Cik sen jau sp\u0113l\u0113jat padel? *Cik bie\u017ei sp\u0113l\u0113jat padel? *K\u0101d\u0101 cenu bud\u017eet\u0101, apm\u0113ram, mekl\u0113jat sev padel raketi? * Zem \u20ac 100 Virs \u20ac 100 Virs \u20ac 200 Kas Jums ir&hellip;&nbsp;<a href=\"https:\/\/www.veikals.teniss.lv\/index.php\/padel-rakesu-ieteikumi\/\" rel=\"bookmark\">Read More &raquo;<span class=\"screen-reader-text\">Padel rake\u0161u ieteikumi<\/span><\/a><\/p>\n","protected":false},"author":24,"featured_media":0,"parent":0,"menu_order":0,"comment_status":"closed","ping_status":"closed","template":"elementor_header_footer","meta":{"neve_meta_sidebar":"","neve_meta_container":"","neve_meta_enable_content_width":"off","neve_meta_content_width":100,"neve_meta_title_alignment":"","neve_meta_author_avatar":"","neve_post_elements_order":"","neve_meta_disable_header":"","neve_meta_disable_footer":"","neve_meta_disable_title":"","footnotes":"","_links_to":"","_links_to_target":""},"class_list":["post-15730","page","type-page","status-publish","hentry"],"yoast_head":"<!-- This site is optimized with the Yoast SEO plugin v27.3 - https:\/\/yoast.com\/product\/yoast-seo-wordpress\/ -->\n<title>Padel rake\u0161u ieteikumi - Tenisa veikals<\/title>\n<meta name=\"robots\" content=\"index, follow, max-snippet:-1, max-image-preview:large, max-video-preview:-1\" \/>\n<link rel=\"canonical\" href=\"https:\/\/www.veikals.teniss.lv\/index.php\/padel-rakesu-ieteikumi\/\" \/>\n<meta property=\"og:locale\" content=\"lv_LV\" \/>\n<meta property=\"og:type\" content=\"article\" \/>\n<meta property=\"og:title\" content=\"Padel rake\u0161u ieteikumi - Tenisa veikals\" \/>\n<meta property=\"og:description\" content=\"Sa\u0146emt tenisa rake\u0161u ieteikumus Please enable JavaScript in your browser to complete this form.V\u0101rds, Uzv\u0101rds *E-pasts (personai, ar kuru varam sazin\u0101ties) *Vecums *Dzimums *V\u012brietisSievieteAugums (cm) *Cik sen jau sp\u0113l\u0113jat padel? *Cik bie\u017ei sp\u0113l\u0113jat padel? *K\u0101d\u0101 cenu bud\u017eet\u0101, apm\u0113ram, mekl\u0113jat sev padel raketi? * Zem \u20ac 100 Virs \u20ac 100 Virs \u20ac 200 Kas Jums ir&hellip;&nbsp;Read More &raquo;Padel rake\u0161u ieteikumi\" \/>\n<meta property=\"og:url\" content=\"https:\/\/www.veikals.teniss.lv\/index.php\/padel-rakesu-ieteikumi\/\" \/>\n<meta property=\"og:site_name\" content=\"Tenisa veikals\" \/>\n<meta property=\"article:modified_time\" content=\"2025-10-01T17:29:03+00:00\" \/>\n<meta property=\"og:image\" content=\"https:\/\/www.veikals.teniss.lv\/wp-content\/plugins\/wpforms-lite\/assets\/images\/submit-spin.svg\" \/>\n<meta name=\"twitter:card\" content=\"summary_large_image\" \/>\n<meta name=\"twitter:label1\" content=\"Est. reading time\" \/>\n\t<meta name=\"twitter:data1\" content=\"1 min\u016bte\" \/>\n<script type=\"application\/ld+json\" class=\"yoast-schema-graph\">{\"@context\":\"https:\\\/\\\/schema.org\",\"@graph\":[{\"@type\":\"WebPage\",\"@id\":\"https:\\\/\\\/www.veikals.teniss.lv\\\/index.php\\\/padel-rakesu-ieteikumi\\\/\",\"url\":\"https:\\\/\\\/www.veikals.teniss.lv\\\/index.php\\\/padel-rakesu-ieteikumi\\\/\",\"name\":\"Padel rake\u0161u ieteikumi - Tenisa veikals\",\"isPartOf\":{\"@id\":\"https:\\\/\\\/www.veikals.teniss.lv\\\/#website\"},\"primaryImageOfPage\":{\"@id\":\"https:\\\/\\\/www.veikals.teniss.lv\\\/index.php\\\/padel-rakesu-ieteikumi\\\/#primaryimage\"},\"image\":{\"@id\":\"https:\\\/\\\/www.veikals.teniss.lv\\\/index.php\\\/padel-rakesu-ieteikumi\\\/#primaryimage\"},\"thumbnailUrl\":\"https:\\\/\\\/www.veikals.teniss.lv\\\/wp-content\\\/plugins\\\/wpforms-lite\\\/assets\\\/images\\\/submit-spin.svg\",\"datePublished\":\"2025-10-01T17:14:56+00:00\",\"dateModified\":\"2025-10-01T17:29:03+00:00\",\"breadcrumb\":{\"@id\":\"https:\\\/\\\/www.veikals.teniss.lv\\\/index.php\\\/padel-rakesu-ieteikumi\\\/#breadcrumb\"},\"inLanguage\":\"lv-LV\",\"potentialAction\":[{\"@type\":\"ReadAction\",\"target\":[\"https:\\\/\\\/www.veikals.teniss.lv\\\/index.php\\\/padel-rakesu-ieteikumi\\\/\"]}]},{\"@type\":\"ImageObject\",\"inLanguage\":\"lv-LV\",\"@id\":\"https:\\\/\\\/www.veikals.teniss.lv\\\/index.php\\\/padel-rakesu-ieteikumi\\\/#primaryimage\",\"url\":\"https:\\\/\\\/www.veikals.teniss.lv\\\/wp-content\\\/plugins\\\/wpforms-lite\\\/assets\\\/images\\\/submit-spin.svg\",\"contentUrl\":\"https:\\\/\\\/www.veikals.teniss.lv\\\/wp-content\\\/plugins\\\/wpforms-lite\\\/assets\\\/images\\\/submit-spin.svg\"},{\"@type\":\"BreadcrumbList\",\"@id\":\"https:\\\/\\\/www.veikals.teniss.lv\\\/index.php\\\/padel-rakesu-ieteikumi\\\/#breadcrumb\",\"itemListElement\":[{\"@type\":\"ListItem\",\"position\":1,\"name\":\"Home\",\"item\":\"https:\\\/\\\/www.veikals.teniss.lv\\\/\"},{\"@type\":\"ListItem\",\"position\":2,\"name\":\"Padel rake\u0161u ieteikumi\"}]},{\"@type\":\"WebSite\",\"@id\":\"https:\\\/\\\/www.veikals.teniss.lv\\\/#website\",\"url\":\"https:\\\/\\\/www.veikals.teniss.lv\\\/\",\"name\":\"Tenisa veikals\",\"description\":\"RAKE\u0160U SPORTA E-VEIKALS\",\"publisher\":{\"@id\":\"https:\\\/\\\/www.veikals.teniss.lv\\\/#organization\"},\"potentialAction\":[{\"@type\":\"SearchAction\",\"target\":{\"@type\":\"EntryPoint\",\"urlTemplate\":\"https:\\\/\\\/www.veikals.teniss.lv\\\/?s={search_term_string}\"},\"query-input\":{\"@type\":\"PropertyValueSpecification\",\"valueRequired\":true,\"valueName\":\"search_term_string\"}}],\"inLanguage\":\"lv-LV\"},{\"@type\":\"Organization\",\"@id\":\"https:\\\/\\\/www.veikals.teniss.lv\\\/#organization\",\"name\":\"Teniss.lv\",\"url\":\"https:\\\/\\\/www.veikals.teniss.lv\\\/\",\"logo\":{\"@type\":\"ImageObject\",\"inLanguage\":\"lv-LV\",\"@id\":\"https:\\\/\\\/www.veikals.teniss.lv\\\/#\\\/schema\\\/logo\\\/image\\\/\",\"url\":\"https:\\\/\\\/www.veikals.teniss.lv\\\/wp-content\\\/uploads\\\/2021\\\/01\\\/cropped-babolat-logo1.png\",\"contentUrl\":\"https:\\\/\\\/www.veikals.teniss.lv\\\/wp-content\\\/uploads\\\/2021\\\/01\\\/cropped-babolat-logo1.png\",\"width\":500,\"height\":125,\"caption\":\"Teniss.lv\"},\"image\":{\"@id\":\"https:\\\/\\\/www.veikals.teniss.lv\\\/#\\\/schema\\\/logo\\\/image\\\/\"}}]}<\/script>\n<!-- \/ Yoast SEO plugin. -->","yoast_head_json":{"title":"Padel rake\u0161u ieteikumi - Tenisa veikals","robots":{"index":"index","follow":"follow","max-snippet":"max-snippet:-1","max-image-preview":"max-image-preview:large","max-video-preview":"max-video-preview:-1"},"canonical":"https:\/\/www.veikals.teniss.lv\/index.php\/padel-rakesu-ieteikumi\/","og_locale":"lv_LV","og_type":"article","og_title":"Padel rake\u0161u ieteikumi - Tenisa veikals","og_description":"Sa\u0146emt tenisa rake\u0161u ieteikumus Please enable JavaScript in your browser to complete this form.V\u0101rds, Uzv\u0101rds *E-pasts (personai, ar kuru varam sazin\u0101ties) *Vecums *Dzimums *V\u012brietisSievieteAugums (cm) *Cik sen jau sp\u0113l\u0113jat padel? *Cik bie\u017ei sp\u0113l\u0113jat padel? *K\u0101d\u0101 cenu bud\u017eet\u0101, apm\u0113ram, mekl\u0113jat sev padel raketi? * Zem \u20ac 100 Virs \u20ac 100 Virs \u20ac 200 Kas Jums ir&hellip;&nbsp;Read More &raquo;Padel rake\u0161u ieteikumi","og_url":"https:\/\/www.veikals.teniss.lv\/index.php\/padel-rakesu-ieteikumi\/","og_site_name":"Tenisa veikals","article_modified_time":"2025-10-01T17:29:03+00:00","og_image":[{"url":"https:\/\/www.veikals.teniss.lv\/wp-content\/plugins\/wpforms-lite\/assets\/images\/submit-spin.svg","type":"","width":"","height":""}],"twitter_card":"summary_large_image","twitter_misc":{"Est. reading time":"1 min\u016bte"},"schema":{"@context":"https:\/\/schema.org","@graph":[{"@type":"WebPage","@id":"https:\/\/www.veikals.teniss.lv\/index.php\/padel-rakesu-ieteikumi\/","url":"https:\/\/www.veikals.teniss.lv\/index.php\/padel-rakesu-ieteikumi\/","name":"Padel rake\u0161u ieteikumi - Tenisa veikals","isPartOf":{"@id":"https:\/\/www.veikals.teniss.lv\/#website"},"primaryImageOfPage":{"@id":"https:\/\/www.veikals.teniss.lv\/index.php\/padel-rakesu-ieteikumi\/#primaryimage"},"image":{"@id":"https:\/\/www.veikals.teniss.lv\/index.php\/padel-rakesu-ieteikumi\/#primaryimage"},"thumbnailUrl":"https:\/\/www.veikals.teniss.lv\/wp-content\/plugins\/wpforms-lite\/assets\/images\/submit-spin.svg","datePublished":"2025-10-01T17:14:56+00:00","dateModified":"2025-10-01T17:29:03+00:00","breadcrumb":{"@id":"https:\/\/www.veikals.teniss.lv\/index.php\/padel-rakesu-ieteikumi\/#breadcrumb"},"inLanguage":"lv-LV","potentialAction":[{"@type":"ReadAction","target":["https:\/\/www.veikals.teniss.lv\/index.php\/padel-rakesu-ieteikumi\/"]}]},{"@type":"ImageObject","inLanguage":"lv-LV","@id":"https:\/\/www.veikals.teniss.lv\/index.php\/padel-rakesu-ieteikumi\/#primaryimage","url":"https:\/\/www.veikals.teniss.lv\/wp-content\/plugins\/wpforms-lite\/assets\/images\/submit-spin.svg","contentUrl":"https:\/\/www.veikals.teniss.lv\/wp-content\/plugins\/wpforms-lite\/assets\/images\/submit-spin.svg"},{"@type":"BreadcrumbList","@id":"https:\/\/www.veikals.teniss.lv\/index.php\/padel-rakesu-ieteikumi\/#breadcrumb","itemListElement":[{"@type":"ListItem","position":1,"name":"Home","item":"https:\/\/www.veikals.teniss.lv\/"},{"@type":"ListItem","position":2,"name":"Padel rake\u0161u ieteikumi"}]},{"@type":"WebSite","@id":"https:\/\/www.veikals.teniss.lv\/#website","url":"https:\/\/www.veikals.teniss.lv\/","name":"Tenisa veikals","description":"RAKE\u0160U SPORTA E-VEIKALS","publisher":{"@id":"https:\/\/www.veikals.teniss.lv\/#organization"},"potentialAction":[{"@type":"SearchAction","target":{"@type":"EntryPoint","urlTemplate":"https:\/\/www.veikals.teniss.lv\/?s={search_term_string}"},"query-input":{"@type":"PropertyValueSpecification","valueRequired":true,"valueName":"search_term_string"}}],"inLanguage":"lv-LV"},{"@type":"Organization","@id":"https:\/\/www.veikals.teniss.lv\/#organization","name":"Teniss.lv","url":"https:\/\/www.veikals.teniss.lv\/","logo":{"@type":"ImageObject","inLanguage":"lv-LV","@id":"https:\/\/www.veikals.teniss.lv\/#\/schema\/logo\/image\/","url":"https:\/\/www.veikals.teniss.lv\/wp-content\/uploads\/2021\/01\/cropped-babolat-logo1.png","contentUrl":"https:\/\/www.veikals.teniss.lv\/wp-content\/uploads\/2021\/01\/cropped-babolat-logo1.png","width":500,"height":125,"caption":"Teniss.lv"},"image":{"@id":"https:\/\/www.veikals.teniss.lv\/#\/schema\/logo\/image\/"}}]}},"_links":{"self":[{"href":"https:\/\/www.veikals.teniss.lv\/index.php\/wp-json\/wp\/v2\/pages\/15730","targetHints":{"allow":["GET"]}}],"collection":[{"href":"https:\/\/www.veikals.teniss.lv\/index.php\/wp-json\/wp\/v2\/pages"}],"about":[{"href":"https:\/\/www.veikals.teniss.lv\/index.php\/wp-json\/wp\/v2\/types\/page"}],"author":[{"embeddable":true,"href":"https:\/\/www.veikals.teniss.lv\/index.php\/wp-json\/wp\/v2\/users\/24"}],"replies":[{"embeddable":true,"href":"https:\/\/www.veikals.teniss.lv\/index.php\/wp-json\/wp\/v2\/comments?post=15730"}],"version-history":[{"count":7,"href":"https:\/\/www.veikals.teniss.lv\/index.php\/wp-json\/wp\/v2\/pages\/15730\/revisions"}],"predecessor-version":[{"id":15744,"href":"https:\/\/www.veikals.teniss.lv\/index.php\/wp-json\/wp\/v2\/pages\/15730\/revisions\/15744"}],"wp:attachment":[{"href":"https:\/\/www.veikals.teniss.lv\/index.php\/wp-json\/wp\/v2\/media?parent=15730"}],"curies":[{"name":"wp","href":"https:\/\/api.w.org\/{rel}","templated":true}]}}